{"id":154,"date":"2014-03-28T15:44:44","date_gmt":"2014-03-28T14:44:44","guid":{"rendered":"http:\/\/trans-pkr.fr\/?page_id=154"},"modified":"2025-06-04T15:46:37","modified_gmt":"2025-06-04T14:46:37","slug":"la-trans-pkr-en-questions","status":"publish","type":"page","link":"http:\/\/trans-pkr.fr\/en\/la-trans-pkr-en-questions\/","title":{"rendered":"FAQ: TransPKR, PKR, Lasik, Femtosecond"},"content":{"rendered":"<p>Questions and Answers on Refractive Surgery Techniques: TransPKR, PKR, Lasik or Femtosecond Laser<\/p>\n\n\n\n<hr class=\"wp-block-separator has-alpha-channel-opacity\"\/>\n\n\n\n<h3 class=\"wp-block-heading\"><strong>How much does TransPKR cost?<\/strong><\/h3>\n\n\n\n<p class=\"translation-block\">From <strong>2,200 euros<\/strong>, with the SmartPulse option on the Amaris 1050 RS laser.<\/p>\n\n\n\n<p class=\"translation-block\"><strong>Preoperative consultation:<\/strong> 75 euros (not reimbursed by Social Security, but potentially covered by your mutual insurance company, depending on the terms of your contract). You will be given an invoice for this.<\/p>\n\n\n\n<hr class=\"wp-block-separator has-alpha-channel-opacity\"\/>\n\n\n\n<h3 class=\"wp-block-heading\"><strong>Is TransPKR really a contactless technique?<\/strong><\/h3>\n\n\n\n<p class=\"translation-block\"><strong>Yes, absolutely.<\/strong> The treatment is performed remotely, without any instrument coming into direct contact with the eye, making the procedure painless. In some cases, it is even possible to avoid the eyelid retractor, an often-dreaded feature.<\/p>\n\n\n\n<p class=\"translation-block\">It is also <strong>the only truly \"contactless\" technique<\/strong>. Conversely, the <strong>femtosecond laser<\/strong>, sometimes wrongly referred to as \"100% laser\", involves direct manipulation of the eye.<\/p>\n\n\n\n<hr class=\"wp-block-separator has-alpha-channel-opacity\"\/>\n\n\n\n<h3 class=\"wp-block-heading\"><strong>Is Femtolasik really contactless?<\/strong><\/h3>\n\n\n\n<p class=\"translation-block\"><strong>No.<\/strong> FemtoLasik systematically involves direct contact steps, regardless of the machine used:<\/p>\n\n\n\n<ul class=\"wp-block-list\">\n<li>Placement of an eyelid retractor,<\/li>\n\n\n\n<li>Application of the femtosecond laser head in contact with the eye, with suction to immobilize it,<\/li>\n\n\n\n<li>Lifting the corneal flap using a metal cannula.<\/li>\n<\/ul>\n\n\n\n<p>We are therefore far from a contactless technique. That said, in certain cases, the femtosecond laser can offer proven medical benefits.<\/p>\n\n\n\n<hr class=\"wp-block-separator has-alpha-channel-opacity\"\/>\n\n\n\n<h3 class=\"wp-block-heading\"><strong>What are the complications associated with femtosecond laser?<\/strong><\/h3>\n\n\n\n<p>Les complications potentielles incluent :<\/p>\n\n\n\n<ul class=\"wp-block-list\">\n<li><strong>Ectasies post-Lasik<\/strong><\/li>\n\n\n\n<li class=\"translation-block\"><strong>Haze<\/strong> (scar veil), normally limited to surface treatments like PKR, but sometimes seen with femtosecond<\/li>\n\n\n\n<li class=\"translation-block\"><strong>Transient photophobia<\/strong>: rainbow-like glare, probably related to light diffraction through the treated corneal interface<\/li>\n<\/ul>\n\n\n\n<p>Other complications specific to the femtosecond exist: difficulties in lifting the hood, gas bubbles, luminous halos, etc.<\/p>\n\n\n\n<p class=\"translation-block\">Although some believe these effects may be lessened with newer versions of lasers, our experience shows that some complications are <strong>specific to femto technology<\/strong> and are not present with conventional LASIK or surface treatments.<\/p>\n\n\n\n<hr class=\"wp-block-separator has-alpha-channel-opacity\"\/>\n\n\n\n<h3 class=\"wp-block-heading\"><strong>If TransPKR is so interesting, why doesn't it replace all other techniques?<\/strong><\/h3>\n\n\n\n<ul class=\"wp-block-list\">\n<li class=\"translation-block\">It <strong>is not suitable for all visual defects<\/strong>.<\/li>\n\n\n\n<li class=\"translation-block\">It is <strong>painless during the procedure<\/strong>, but can be <strong>painful in the following hours<\/strong>, especially the first night.<\/li>\n\n\n\n<li class=\"translation-block\">Visual recovery is <strong>slower<\/strong>: several days are necessary to obtain optimal vision.<\/li>\n<\/ul>\n\n\n\n<p class=\"translation-block\">For those wishing to return to work or driving the next day, <strong>Lasik remains more suitable<\/strong>.<\/p>\n\n\n\n<p class=\"translation-block\">However, TransPKR has proven, in our experience and in numerous studies, to be <strong>clearly superior<\/strong> to other surface techniques (classic PKR, epi-Lasik, Lasek).<\/p>","protected":false},"excerpt":{"rendered":"<p>Questions \u2013 R\u00e9ponses sur les techniques de chirurgie r\u00e9fractive : TransPKR, PKR, Lasik ou laser femtoseconde Quel est le tarif de la TransPKR ? \u00c0 partir de 2 200 euros, avec l\u2019option SmartPulse sur le laser Amaris 1050 RS. Consultation pr\u00e9op\u00e9ratoire : 75 euros (non rembours\u00e9e par la S\u00e9curit\u00e9 Sociale, mais potentiellement prise en charge [&hellip;]<\/p>\n","protected":false},"author":1,"featured_media":0,"parent":0,"menu_order":0,"comment_status":"open","ping_status":"closed","template":"","meta":{"inline_featured_image":false,"footnotes":""},"class_list":["post-154","page","type-page","status-publish","hentry"],"yoast_head":"<!-- This site is optimized with the Yoast SEO plugin v27.6 - https:\/\/yoast.com\/product\/yoast-seo-wordpress\/ -->\n<title>Toutes vos questions sur la Trans PKR, op\u00e9ration des yeux au laser sans contact<\/title>\n<meta name=\"description\" content=\"Questions \/ r\u00e9ponses sur la Trans PKR (technique sans contact 100% laser): Complications et risques du laser femtoseconde, grossesse et chirurgie des yeux, tarifs de l\u2019op\u00e9ration, Quelle technique op\u00e9ratoire selon mon d\u00e9faut visuel? d\u00e9roulement de l\u2019op\u00e9ration des yeux et d\u00e9lais de r\u00e9cup\u00e9ration visuelle de la Trans-PKR.\" \/>\n<meta name=\"robots\" content=\"index, follow, max-snippet:-1, max-image-preview:large, max-video-preview:-1\" \/>\n<link rel=\"canonical\" href=\"https:\/\/trans-pkr.fr\/en\/la-trans-pkr-en-questions\/\" \/>\n<meta property=\"og:locale\" content=\"en_GB\" \/>\n<meta property=\"og:type\" content=\"article\" \/>\n<meta property=\"og:title\" content=\"Toutes vos questions sur la Trans PKR, op\u00e9ration des yeux au laser sans contact\" \/>\n<meta property=\"og:description\" content=\"Questions \/ r\u00e9ponses sur la Trans PKR (technique sans contact 100% laser): Complications et risques du laser femtoseconde, grossesse et chirurgie des yeux, tarifs de l\u2019op\u00e9ration, Quelle technique op\u00e9ratoire selon mon d\u00e9faut visuel? d\u00e9roulement de l\u2019op\u00e9ration des yeux et d\u00e9lais de r\u00e9cup\u00e9ration visuelle de la Trans-PKR.\" \/>\n<meta property=\"og:url\" content=\"https:\/\/trans-pkr.fr\/en\/la-trans-pkr-en-questions\/\" \/>\n<meta property=\"og:site_name\" content=\"Op\u00e9rations des yeux 100% Laser Sans Contact\" \/>\n<meta property=\"article:modified_time\" content=\"2025-06-04T14:46:37+00:00\" \/>\n<meta name=\"twitter:label1\" content=\"Estimated reading time\" \/>\n\t<meta name=\"twitter:data1\" content=\"3 minutes\" \/>\n<script type=\"application\/ld+json\" class=\"yoast-schema-graph\">{\"@context\":\"https:\\\/\\\/schema.org\",\"@graph\":[{\"@type\":\"WebPage\",\"@id\":\"https:\\\/\\\/trans-pkr.fr\\\/la-trans-pkr-en-questions\\\/\",\"url\":\"https:\\\/\\\/trans-pkr.fr\\\/la-trans-pkr-en-questions\\\/\",\"name\":\"Toutes vos questions sur la Trans PKR, op\u00e9ration des yeux au laser sans contact\",\"isPartOf\":{\"@id\":\"https:\\\/\\\/trans-pkr.fr\\\/#website\"},\"datePublished\":\"2014-03-28T14:44:44+00:00\",\"dateModified\":\"2025-06-04T14:46:37+00:00\",\"description\":\"Questions \\\/ r\u00e9ponses sur la Trans PKR (technique sans contact 100% laser): Complications et risques du laser femtoseconde, grossesse et chirurgie des yeux, tarifs de l\u2019op\u00e9ration, Quelle technique op\u00e9ratoire selon mon d\u00e9faut visuel? d\u00e9roulement de l\u2019op\u00e9ration des yeux et d\u00e9lais de r\u00e9cup\u00e9ration visuelle de la Trans-PKR.\",\"breadcrumb\":{\"@id\":\"https:\\\/\\\/trans-pkr.fr\\\/la-trans-pkr-en-questions\\\/#breadcrumb\"},\"inLanguage\":\"en-GB\",\"potentialAction\":[{\"@type\":\"ReadAction\",\"target\":[\"https:\\\/\\\/trans-pkr.fr\\\/la-trans-pkr-en-questions\\\/\"]}]},{\"@type\":\"BreadcrumbList\",\"@id\":\"https:\\\/\\\/trans-pkr.fr\\\/la-trans-pkr-en-questions\\\/#breadcrumb\",\"itemListElement\":[{\"@type\":\"ListItem\",\"position\":1,\"name\":\"Accueil\",\"item\":\"https:\\\/\\\/trans-pkr.fr\\\/\"},{\"@type\":\"ListItem\",\"position\":2,\"name\":\"FAQ : TransPKR, PKR, Lasik, Femtoseconde\"}]},{\"@type\":\"WebSite\",\"@id\":\"https:\\\/\\\/trans-pkr.fr\\\/#website\",\"url\":\"https:\\\/\\\/trans-pkr.fr\\\/\",\"name\":\"Op\u00e9rations des yeux 100% Laser Sans Contact: La Trans PKR\",\"description\":\"\",\"publisher\":{\"@id\":\"https:\\\/\\\/trans-pkr.fr\\\/#organization\"},\"alternateName\":\"Trans PKR - Vision Laser\",\"potentialAction\":[{\"@type\":\"SearchAction\",\"target\":{\"@type\":\"EntryPoint\",\"urlTemplate\":\"https:\\\/\\\/trans-pkr.fr\\\/?s={search_term_string}\"},\"query-input\":{\"@type\":\"PropertyValueSpecification\",\"valueRequired\":true,\"valueName\":\"search_term_string\"}}],\"inLanguage\":\"en-GB\"},{\"@type\":\"Organization\",\"@id\":\"https:\\\/\\\/trans-pkr.fr\\\/#organization\",\"name\":\"Vision Laser\",\"alternateName\":\"Trans PKR\",\"url\":\"https:\\\/\\\/trans-pkr.fr\\\/\",\"logo\":{\"@type\":\"ImageObject\",\"inLanguage\":\"en-GB\",\"@id\":\"https:\\\/\\\/trans-pkr.fr\\\/#\\\/schema\\\/logo\\\/image\\\/\",\"url\":\"https:\\\/\\\/trans-pkr.fr\\\/wp-content\\\/uploads\\\/2024\\\/07\\\/cropped-cropped-IMG-20240719-WA0248.jpg\",\"contentUrl\":\"https:\\\/\\\/trans-pkr.fr\\\/wp-content\\\/uploads\\\/2024\\\/07\\\/cropped-cropped-IMG-20240719-WA0248.jpg\",\"width\":512,\"height\":512,\"caption\":\"Vision Laser\"},\"image\":{\"@id\":\"https:\\\/\\\/trans-pkr.fr\\\/#\\\/schema\\\/logo\\\/image\\\/\"},\"sameAs\":[\"https:\\\/\\\/www.youtube.com\\\/@Centrevisionlaser\",\"https:\\\/\\\/www.instagram.com\\\/centre_vision_laser\\\/\",\"https:\\\/\\\/www.tiktok.com\\\/@centre.vision.las\",\"https:\\\/\\\/wa.me\\\/33759596369\"]}]}<\/script>\n<!-- \/ Yoast SEO plugin. -->","yoast_head_json":{"title":"Toutes vos questions sur la Trans PKR, op\u00e9ration des yeux au laser sans contact","description":"Questions \/ r\u00e9ponses sur la Trans PKR (technique sans contact 100% laser): Complications et risques du laser femtoseconde, grossesse et chirurgie des yeux, tarifs de l\u2019op\u00e9ration, Quelle technique op\u00e9ratoire selon mon d\u00e9faut visuel? d\u00e9roulement de l\u2019op\u00e9ration des yeux et d\u00e9lais de r\u00e9cup\u00e9ration visuelle de la Trans-PKR.","robots":{"index":"index","follow":"follow","max-snippet":"max-snippet:-1","max-image-preview":"max-image-preview:large","max-video-preview":"max-video-preview:-1"},"canonical":"https:\/\/trans-pkr.fr\/en\/la-trans-pkr-en-questions\/","og_locale":"en_GB","og_type":"article","og_title":"Toutes vos questions sur la Trans PKR, op\u00e9ration des yeux au laser sans contact","og_description":"Questions \/ r\u00e9ponses sur la Trans PKR (technique sans contact 100% laser): Complications et risques du laser femtoseconde, grossesse et chirurgie des yeux, tarifs de l\u2019op\u00e9ration, Quelle technique op\u00e9ratoire selon mon d\u00e9faut visuel? d\u00e9roulement de l\u2019op\u00e9ration des yeux et d\u00e9lais de r\u00e9cup\u00e9ration visuelle de la Trans-PKR.","og_url":"https:\/\/trans-pkr.fr\/en\/la-trans-pkr-en-questions\/","og_site_name":"Op\u00e9rations des yeux 100% Laser Sans Contact","article_modified_time":"2025-06-04T14:46:37+00:00","twitter_misc":{"Estimated reading time":"3 minutes"},"schema":{"@context":"https:\/\/schema.org","@graph":[{"@type":"WebPage","@id":"https:\/\/trans-pkr.fr\/la-trans-pkr-en-questions\/","url":"https:\/\/trans-pkr.fr\/la-trans-pkr-en-questions\/","name":"Toutes vos questions sur la Trans PKR, op\u00e9ration des yeux au laser sans contact","isPartOf":{"@id":"https:\/\/trans-pkr.fr\/#website"},"datePublished":"2014-03-28T14:44:44+00:00","dateModified":"2025-06-04T14:46:37+00:00","description":"Questions \/ r\u00e9ponses sur la Trans PKR (technique sans contact 100% laser): Complications et risques du laser femtoseconde, grossesse et chirurgie des yeux, tarifs de l\u2019op\u00e9ration, Quelle technique op\u00e9ratoire selon mon d\u00e9faut visuel? d\u00e9roulement de l\u2019op\u00e9ration des yeux et d\u00e9lais de r\u00e9cup\u00e9ration visuelle de la Trans-PKR.","breadcrumb":{"@id":"https:\/\/trans-pkr.fr\/la-trans-pkr-en-questions\/#breadcrumb"},"inLanguage":"en-GB","potentialAction":[{"@type":"ReadAction","target":["https:\/\/trans-pkr.fr\/la-trans-pkr-en-questions\/"]}]},{"@type":"BreadcrumbList","@id":"https:\/\/trans-pkr.fr\/la-trans-pkr-en-questions\/#breadcrumb","itemListElement":[{"@type":"ListItem","position":1,"name":"Accueil","item":"https:\/\/trans-pkr.fr\/"},{"@type":"ListItem","position":2,"name":"FAQ : TransPKR, PKR, Lasik, Femtoseconde"}]},{"@type":"WebSite","@id":"https:\/\/trans-pkr.fr\/#website","url":"https:\/\/trans-pkr.fr\/","name":"100% Laser Contactless Eye Operations: Trans PKR","description":"","publisher":{"@id":"https:\/\/trans-pkr.fr\/#organization"},"alternateName":"Trans PKR - Vision Laser","potentialAction":[{"@type":"SearchAction","target":{"@type":"EntryPoint","urlTemplate":"https:\/\/trans-pkr.fr\/?s={search_term_string}"},"query-input":{"@type":"PropertyValueSpecification","valueRequired":true,"valueName":"search_term_string"}}],"inLanguage":"en-GB"},{"@type":"Organization","@id":"https:\/\/trans-pkr.fr\/#organization","name":"Vision Laser","alternateName":"Trans PKR","url":"https:\/\/trans-pkr.fr\/","logo":{"@type":"ImageObject","inLanguage":"en-GB","@id":"https:\/\/trans-pkr.fr\/#\/schema\/logo\/image\/","url":"https:\/\/trans-pkr.fr\/wp-content\/uploads\/2024\/07\/cropped-cropped-IMG-20240719-WA0248.jpg","contentUrl":"https:\/\/trans-pkr.fr\/wp-content\/uploads\/2024\/07\/cropped-cropped-IMG-20240719-WA0248.jpg","width":512,"height":512,"caption":"Vision Laser"},"image":{"@id":"https:\/\/trans-pkr.fr\/#\/schema\/logo\/image\/"},"sameAs":["https:\/\/www.youtube.com\/@Centrevisionlaser","https:\/\/www.instagram.com\/centre_vision_laser\/","https:\/\/www.tiktok.com\/@centre.vision.las","https:\/\/wa.me\/33759596369"]}]}},"jetpack_sharing_enabled":true,"_links":{"self":[{"href":"http:\/\/trans-pkr.fr\/en\/wp-json\/wp\/v2\/pages\/154","targetHints":{"allow":["GET"]}}],"collection":[{"href":"http:\/\/trans-pkr.fr\/en\/wp-json\/wp\/v2\/pages"}],"about":[{"href":"http:\/\/trans-pkr.fr\/en\/wp-json\/wp\/v2\/types\/page"}],"author":[{"embeddable":true,"href":"http:\/\/trans-pkr.fr\/en\/wp-json\/wp\/v2\/users\/1"}],"replies":[{"embeddable":true,"href":"http:\/\/trans-pkr.fr\/en\/wp-json\/wp\/v2\/comments?post=154"}],"version-history":[{"count":2,"href":"http:\/\/trans-pkr.fr\/en\/wp-json\/wp\/v2\/pages\/154\/revisions"}],"predecessor-version":[{"id":4037,"href":"http:\/\/trans-pkr.fr\/en\/wp-json\/wp\/v2\/pages\/154\/revisions\/4037"}],"wp:attachment":[{"href":"http:\/\/trans-pkr.fr\/en\/wp-json\/wp\/v2\/media?parent=154"}],"curies":[{"name":"wp","href":"https:\/\/api.w.org\/{rel}","templated":true}]}}