{"id":1058,"date":"2015-05-06T09:31:03","date_gmt":"2015-05-06T08:31:03","guid":{"rendered":"http:\/\/trans-pkr.fr\/?page_id=1058"},"modified":"2024-12-16T15:40:51","modified_gmt":"2024-12-16T14:40:51","slug":"videos-chirurgie-refractive","status":"publish","type":"page","link":"https:\/\/trans-pkr.fr\/en\/videos-chirurgie-refractive\/","title":{"rendered":"Videos on refractive surgery by Dr. Marc Chemla"},"content":{"rendered":"<p>Below is a list of videos demonstrating how the surgical procedure is performed:<\/p>\n<ul>\n<li>explanations of the different operating techniques offered (PKR, Trans-PKR, Lasik, Femtosecond Laser, etc.),<\/li>\n<li>comparative in terms of advantages\/disadvantages for each operating procedure,<\/li>\n<li>answers to all questions about the operation, the instructions for being operated on, etc.<\/li>\n<\/ul>\n<p>&nbsp;<\/p>\n<ul>\n<li><a href=\"http:\/\/trans-pkr.fr\/en\/video-envoye-special-france-2-du-1er-octobre-2015-dangers-du-lasik\/\">Report Myopia operation \u2013 Lasik \/ Cataract \/ AMD \/ Glaucoma at the Paris Ouest Ophthalmological Center<\/a><\/li>\n<li class=\"translation-block\"><a href=\"#reportage-transpkr\" target=\"_self\">Report on Trans-PKR at the Center<\/a><a href=\"http:\/\/trans-pkr.fr\/en\/video-envoye-special-france-2-du-1er-octobre-2015-dangers-du-lasik\/\" target=\"_self\">Ophthalmological<\/a><a href=\"#reportage-transpkr\" target=\"_self\"> West Paris<\/a><\/li>\n<li><a href=\"#interview-transpkr\">TransPKR: Interview with Dr. Marc CHEMLA<\/a><\/li>\n<li><a href=\"#pkr-douleurs\">PKR eye surgery and pain<\/a><\/li>\n<li><a href=\"#pkr-versus-transpkr\">PKR vs Trans-PKR<\/a><\/li>\n<li><a href=\"#Lasik-Smile-PKR-TransPKR\">Comparison Lasik \u2013 Smile \u2013 PKR \u2013 TransPKR <\/a><\/li>\n<li><a href=\"#10-raisons-de-ne-pas-faire-op\u00e9ration-Lasik\"> 10 reasons not to have Lasik surgery <\/a><\/li>\n<li><a href=\"#operation-myopie-presbytie\">PKR or Lasik operation for myopia or presbyopia<\/a><\/li>\n<li><a href=\"#pkr-myopie\">PKR operation for myopia<\/a><\/li>\n<li><a href=\"#exposition-soleil-lasik-pkr\">Sun Exposure After Lasik or PKR<\/a><\/li>\n<li><a href=\"#operation-myopie-secheresse-oculaire\">Myopia and dry eye operations<\/a><\/li>\n<li><a href=\"#interview-dr-chemla-lasik\">Myopia surgery \u2013 Interview with Dr. Marc Chemla on Lasik in 2015<\/a><\/li>\n<li><a href=\"#dr-chemla-jt-france-2\">Dr. Marc Chemla on the 1 p.m. news on France 2 on May 11, 2014<\/a><\/li>\n<li><a href=\"#operation-yeux-3-regles-en-or\">Laser eye surgery: 3 golden rules!<\/a><\/li>\n<li><a href=\"#techniques-chirurgie-laser-des-yeux\">Laser eye surgery: an overview of the techniques used<\/a><\/li>\n<li><a href=\"#operation-myopie-5-points-essentiels\">Myopia surgery: 5 essential points to know before the operation<\/a><\/li>\n<li><a href=\"#laser-femtoseconde\">Femtosecond laser for myopia surgery: advantages, disadvantages and alternatives<\/a><\/li>\n<li><a href=\"#prix-chirurgie-refractive\">What is the price: myopia surgery and refractive surgery in general?<\/a><\/li>\n<li><a href=\"#risques-complications-operations-myopie\">Myopia surgery: risks, complications and side effects<\/a><\/li>\n<li><a href=\"#budget-operation-yeux\">What budget for an eye operation: price, options, reimbursement, etc.<\/a><\/li>\n<li><a href=\"#operation-laser-peur\">Should laser surgery for myopia still be scary?<\/a><\/li>\n<li><a href=\"#laser-yeux\">The different lasers for the eyes: refractive surgery, retina, glaucoma treatment, etc.<\/a><\/li>\n<li><a href=\"#6-questions-lasik\">Lasik myopia surgery: 6 questions you don\u2019t dare ask<\/a><\/li>\n<li><a href=\"#lasik-en-pratique\">Myopia surgery: LASIK in practice step by step <\/a><\/li>\n<li><a href=\"#presbytie-laser-lasik\">Laser and LASIK presbyopia surgery<\/a><\/li>\n<li><a href=\"#lasik-myopie-forte\">Lasik for high myopia<\/a><\/li>\n<li><a href=\"#lasik-reintervention\">Lasik: visual recovery and reinterventions<\/a><\/li>\n<li><a href=\"#dangers-du-lasik\">The Risks of Lasik<\/a><\/li>\n<\/ul>\n<p><a name=\"Lasik-Smile-PKR-TransPKR\"><\/a><br \/>\nLasik &#8211; Smile &#8211; PKR &#8211; TransPKR<br \/>\n<iframe loading=\"lazy\" src=\"https:\/\/www.youtube.com\/embed\/Y3ZEg9UTzw8\" width=\"560\" height=\"315\" frameborder=\"0\" allowfullscreen=\"allowfullscreen\"><\/iframe><\/p>\n<p><a name=\"pkr-douleurs\"><\/a><br \/>\nPKR eye surgery and pain<br \/>\n<iframe loading=\"lazy\" src=\"https:\/\/www.youtube.com\/embed\/nQjRYMyIvek\" width=\"560\" height=\"315\" frameborder=\"0\" allowfullscreen=\"allowfullscreen\"><\/iframe><\/p>\n<p><a name=\"pkr-versus-transpkr\"><\/a><br \/>\nPKR vs Trans-PKR<br \/>\n<iframe loading=\"lazy\" src=\"https:\/\/www.youtube.com\/embed\/c8PiUouE_dE\" width=\"560\" height=\"315\" frameborder=\"0\" allowfullscreen=\"allowfullscreen\"><\/iframe><\/p>\n<p><a name=\"pkr-myopie\"><\/a><br \/>\nPKR operation for myopia<br \/>\n<iframe loading=\"lazy\" src=\"https:\/\/www.youtube.com\/embed\/w-yD_9kwhA4\" width=\"560\" height=\"315\" frameborder=\"0\" allowfullscreen=\"allowfullscreen\"><\/iframe><\/p>\n<p><a name=\"reportage-centre-vision-laser-paris-ouest\"><\/a><br \/>\nReport Myopia operation \u2013 Lasik \/ Cataract \/ AMD \/ Glaucoma at the Paris Ouest Ophthalmological Center<br \/>\n<iframe loading=\"lazy\" src=\"https:\/\/www.youtube.com\/embed\/UltRlLsCg3Y\" width=\"560\" height=\"315\" frameborder=\"0\" allowfullscreen=\"allowfullscreen\"><\/iframe><br \/>\n<a name=\"reportage-transpkr\"><\/a><br \/>\nReport on Trans-PKR at the Paris West Ophthalmological Center<br \/>\n<iframe loading=\"lazy\" src=\"https:\/\/www.youtube.com\/embed\/klroxAFY_Cg\" width=\"560\" height=\"315\" frameborder=\"0\" allowfullscreen=\"allowfullscreen\"><\/iframe><\/p>\n<p><a name=\"interview-transpkr&lt;\"><\/a><br \/>\nTransPKR: Interview with Dr. Marc CHEMLA<br \/>\n<iframe loading=\"lazy\" src=\"https:\/\/www.youtube.com\/embed\/eRpNwLXHmgw\" width=\"560\" height=\"315\" frameborder=\"0\" allowfullscreen=\"allowfullscreen\"><\/iframe><\/p>\n<p><a name=\"dr-chemla-jt-france-2\"><\/a><br \/>\nDr. Marc Chemla on the 1 p.m. news on France 2 on May 11, 2014<br \/>\n<iframe loading=\"lazy\" src=\"https:\/\/www.youtube.com\/embed\/yQBpgFSPw2s?showinfo=0\" width=\"560\" height=\"420\" frameborder=\"0\" allowfullscreen=\"allowfullscreen\"><\/iframe><\/p>\n<p><a name=\"10-raisons-de-ne-pas-faire-op\u00e9ration-Lasik\"><\/a><br \/>\n10 reasons not to have Lasik surgery<br \/>\n<iframe loading=\"lazy\" src=\"https:\/\/www.youtube.com\/embed\/s4Gm4blD5GI\" width=\"560\" height=\"315\" frameborder=\"0\" allowfullscreen=\"allowfullscreen\"><\/iframe><\/p>\n<p><a name=\"operation-myopie-pkr\"><\/a><br \/>\nMyopia surgery and PKR explained<br \/>\n<iframe loading=\"lazy\" src=\"https:\/\/www.youtube.com\/embed\/fIDuWFaqS6M\" width=\"560\" height=\"315\" frameborder=\"0\" allowfullscreen=\"allowfullscreen\"><\/iframe><\/p>\n<p><a name=\"budget-operation-yeux\"><\/a><br \/>\nWhat budget for an eye operation: price, options, reimbursement, etc.<br \/>\n<iframe loading=\"lazy\" src=\"https:\/\/www.youtube.com\/embed\/DPAf7SbKpb4\" width=\"560\" height=\"315\" frameborder=\"0\" allowfullscreen=\"allowfullscreen\"><\/iframe><\/p>\n<p><a name=\"operation-laser-peur\"><\/a><br \/>\nL&rsquo;op\u00e9ration laser de myopie doit-elle faire encore peur ?<br \/>\n<iframe loading=\"lazy\" src=\"https:\/\/www.youtube.com\/embed\/Bondj4-1_So\" width=\"560\" height=\"315\" frameborder=\"0\" allowfullscreen=\"allowfullscreen\"><\/iframe><\/p>\n<p><a name=\"laser-yeux\"><\/a><br \/>\nThe different lasers for the eyes: refractive surgery, retina, glaucoma treatment, etc.<br \/>\n<iframe loading=\"lazy\" src=\"https:\/\/www.youtube.com\/embed\/qH02wofU8bg\" width=\"560\" height=\"315\" frameborder=\"0\" allowfullscreen=\"allowfullscreen\"><\/iframe><\/p>\n<p><a name=\"6-questions-lasik\"><\/a><br \/>\nL&rsquo;op\u00e9ration myopie Lasik : 6 questions que vous n&rsquo;osez pas poser<br \/>\n<iframe loading=\"lazy\" src=\"https:\/\/www.youtube.com\/embed\/Okl9pYtRdEY\" width=\"560\" height=\"315\" frameborder=\"0\" allowfullscreen=\"allowfullscreen\"><\/iframe><\/p>\n<p><a name=\"operation-myopie-presbytie\"><\/a><br \/>\nPKR or Lasik operation for myopia or presbyopia<br \/>\n<iframe loading=\"lazy\" src=\"https:\/\/www.youtube.com\/embed\/ezj37D_q1Wg\" width=\"560\" height=\"315\" frameborder=\"0\" allowfullscreen=\"allowfullscreen\"><\/iframe><\/p>\n<p><a name=\"lasik-en-pratique\"><\/a><br \/>\nMyopia surgery: LASIK in practice step by step<br \/>\n<iframe loading=\"lazy\" src=\"https:\/\/www.youtube.com\/embed\/ev0yYs8suIw\" width=\"560\" height=\"315\" frameborder=\"0\" allowfullscreen=\"allowfullscreen\"><\/iframe><\/p>\n<p><a name=\"presbytie-laser-lasik\"><\/a><br \/>\nLaser and LASIK presbyopia surgery<br \/>\n<iframe loading=\"lazy\" src=\"https:\/\/www.youtube.com\/embed\/bXk00wjFfRA\" width=\"560\" height=\"315\" frameborder=\"0\" allowfullscreen=\"allowfullscreen\"><\/iframe><\/p>\n<p><a name=\"lasik-myopie-forte\"><\/a><br \/>\nLasik for high myopia<br \/>\n<iframe loading=\"lazy\" src=\"https:\/\/www.youtube.com\/embed\/H5bWuTE7gZM\" width=\" 560\" height=\"315\" frameborder=\"0\" allowfullscreen=\"allowfullscreen\"><\/iframe><\/p>\n<p><a name=\"lasik-reintervention\"><\/a><br \/>\nLasik: visual recovery and reinterventions<br \/>\n<iframe loading=\"lazy\" src=\"https:\/\/www.youtube.com\/embed\/gyUtsBwVTLQ\" width=\"560\" height=\"315\" frameborder=\"0\" allowfullscreen=\"allowfullscreen\"><\/iframe><\/p>\n<p><a name=\"exposition-soleil-lasik-pkr\"><\/a><br \/>\nSun exposure after Lasik or PKR<br \/>\n<iframe loading=\"lazy\" src=\"https:\/\/www.youtube.com\/embed\/Dcg22izdTXM\" width=\"560\" height=\"315\" frameborder=\"0\" allowfullscreen=\"allowfullscreen\"><\/iframe><\/p>\n<p><a name=\"dangers-du-lasik\"><\/a><br \/>\nThe Risks of Lasik<br \/>\n<iframe loading=\"lazy\" src=\"https:\/\/www.youtube.com\/embed\/73myYLo9gpY\" width=\"560\" height=\"315\" frameborder=\"0\" allowfullscreen=\"allowfullscreen\"><\/iframe><\/p>\n<p><a name=\"operation-myopie-secheresse-oculaire\"><\/a><br \/>\nMyopia and dry eye operations<br \/>\n<iframe loading=\"lazy\" src=\"https:\/\/www.youtube.com\/embed\/7NrXdNr5FcY\" width=\"560\" height=\"315\" frameborder=\"0\" allowfullscreen=\"allowfullscreen\"><\/iframe><br \/>\nLasik eye surgery to correct visual defects<br \/>\n<iframe loading=\"lazy\" src=\"https:\/\/www.youtube.com\/embed\/jTL9hHKxNi0?showinfo=0\" width=\"560\" height=\"420\" frameborder=\"0\" allowfullscreen=\"allowfullscreen\"><\/iframe><br \/>\nlasik doctor Chemla Ophthalmological Center Paris West<br \/>\n<iframe loading=\"lazy\" src=\"https:\/\/www.youtube.com\/embed\/CqzV7Wy5UVQ\" width=\"560\" height=\"420\" frameborder=\"0\" allowfullscreen=\"allowfullscreen\"><\/iframe><br \/>\nMyopia operation Doctor Chemla at the Paris Ouest Ophthalmological Center<\/p>\n<p>Operation myopie Dr Chemla Centre Ophtalmologique Paris Ouest<br \/>\n<iframe loading=\"lazy\" src=\"https:\/\/www.youtube.com\/embed\/VhU-nXUXJQg\" width=\"560\" height=\"420\" frameborder=\"0\" allowfullscreen=\"allowfullscreen\"><\/iframe><br \/>\nOp\u00e9ration laser de la myopie Docteur Chemla<br \/>\n<iframe loading=\"lazy\" src=\"https:\/\/www.youtube.com\/embed\/QEF5TenXsSA\" width=\"560\" height=\"420\" frameborder=\"0\" allowfullscreen=\"allowfullscreen\"><\/iframe><\/p>\n<p><a name=\"interview-dr-chemla-lasik\"><\/a><br \/>\nOp\u00e9ration myopie &#8211; Interview du Dr Marc Chemla sur la Lasik en 2015<br \/>\n<iframe loading=\"lazy\" src=\"https:\/\/www.youtube.com\/embed\/xJg-kHWL8DQ\" width=\"560\" height=\"315\" frameborder=\"0\" allowfullscreen=\"allowfullscreen\"><\/iframe><\/p>\n<p>Lasik Femto 100% laser myopie Dr Chemla Centre Ophtalmologique Paris Ouest<br \/>\n<iframe loading=\"lazy\" src=\"https:\/\/www.youtube.com\/embed\/0ITVkbu-nik\" width=\"560\" height=\"420\" frameborder=\"0\" allowfullscreen=\"allowfullscreen\"><\/iframe><br \/>\nSLT LASER TO TREAT GLAUCOMA<br \/>\n<iframe loading=\"lazy\" src=\"https:\/\/www.youtube.com\/embed\/pXKrb9DxOM4\" width=\"560\" height=\"315\" frameborder=\"0\" allowfullscreen=\"allowfullscreen\"><\/iframe><\/p>\n<p><a name=\"operation-yeux-3-regles-en-or\"><\/a><br \/>\nLaser eye surgery: 3 golden rules!<br \/>\n<iframe loading=\"lazy\" src=\"https:\/\/www.youtube.com\/embed\/7L7Klz83JJY\" width=\"560\" height=\"315\" frameborder=\"0\" allowfullscreen=\"allowfullscreen\"><\/iframe><\/p>\n<p><a name=\"techniques-chirurgie-laser-des-yeux\"><\/a><br \/>\nLaser eye surgery: an overview of the techniques used<br \/>\n<iframe loading=\"lazy\" src=\"https:\/\/www.youtube.com\/embed\/5m9iFczz474\" width=\"560\" height=\"315\" frameborder=\"0\" allowfullscreen=\"allowfullscreen\"><\/iframe><\/p>\n<p><a name=\"operation-myopie-5-points-essentiels\"><\/a><br \/>\nMyopia surgery: 5 essential points to know before the operation<br \/>\n<iframe loading=\"lazy\" src=\"https:\/\/www.youtube.com\/embed\/Ky58ImKHtak\" width=\"560\" height=\"315\" frameborder=\"0\" allowfullscreen=\"allowfullscreen\"><\/iframe><\/p>\n<p><a name=\"laser-femtoseconde\"><\/a><br \/>\nFemtosecond laser for myopia surgery: advantages, disadvantages and alternatives<br \/>\n<iframe loading=\"lazy\" src=\"https:\/\/www.youtube.com\/embed\/piOlurOFJYc\" width=\"560\" height=\"315\" frameborder=\"0\" allowfullscreen=\"allowfullscreen\"><\/iframe><\/p>\n<p><a name=\"prix-chirurgie-refractive\"><\/a><br \/>\nWhat is the price: myopia surgery and refractive surgery in general?<br \/>\n<iframe loading=\"lazy\" src=\"https:\/\/www.youtube.com\/embed\/ray5iFTfcPk\" width=\"560\" height=\"315\" frameborder=\"0\" allowfullscreen=\"allowfullscreen\"><\/iframe><\/p>\n<p><a name=\"risques-complications-operations-myopie\"><\/a><br \/>\nMyopia surgery: risks, complications and side effects<br \/>\n<iframe loading=\"lazy\" src=\"https:\/\/www.youtube.com\/embed\/hnes4uPCHzk\" width=\"560\" height=\"315\" frameborder=\"0\" allowfullscreen=\"allowfullscreen\"><\/iframe><\/p>","protected":false},"excerpt":{"rendered":"<p>Voici une liste de vid\u00e9os qui traitent sur la chirurgie r\u00e9fractive: explications sur les diff\u00e9rentes techniques d&rsquo;op\u00e9rations propos\u00e9es (PKR, Trans-PKR, Lasik, Laser Femtoseconde&#8230;), comparatifs en terme d&rsquo;avantages\/inconv\u00e9nients pour chaque proc\u00e9d\u00e9 op\u00e9ratoire, r\u00e9ponses \u00e0 toutes les questions sur le d\u00e9roulement de l&rsquo;op\u00e9ration, les indications pour \u00eatre op\u00e9r\u00e9&#8230; &nbsp; Reportage Op\u00e9ration myopie \u2013 Lasik \/ Cataracte \/ [&hellip;]<\/p>\n","protected":false},"author":1,"featured_media":0,"parent":0,"menu_order":0,"comment_status":"open","ping_status":"open","template":"","meta":{"inline_featured_image":false,"footnotes":""},"class_list":["post-1058","page","type-page","status-publish","hentry"],"yoast_head":"<!-- This site is optimized with the Yoast SEO plugin v27.6 - https:\/\/yoast.com\/product\/yoast-seo-wordpress\/ -->\n<title>Vid\u00e9os sur la chirurgie r\u00e9fractive par le Dr Marc Chemla<\/title>\n<meta name=\"description\" content=\"Vid\u00e9os du Dr Chemla sur les op\u00e9ration des yeux avec Lasik, Laser femtoseconde, PKR ou Trans PKR pour corriger la myopie ou les autres d\u00e9fauts visuels.\" \/>\n<meta name=\"robots\" content=\"index, follow, max-snippet:-1, max-image-preview:large, max-video-preview:-1\" \/>\n<link rel=\"canonical\" href=\"https:\/\/trans-pkr.fr\/en\/videos-chirurgie-refractive\/\" \/>\n<meta property=\"og:locale\" content=\"en_GB\" \/>\n<meta property=\"og:type\" content=\"article\" \/>\n<meta property=\"og:title\" content=\"Vid\u00e9os sur la chirurgie r\u00e9fractive par le Dr Marc Chemla\" \/>\n<meta property=\"og:description\" content=\"Vid\u00e9os du Dr Chemla sur les op\u00e9ration des yeux avec Lasik, Laser femtoseconde, PKR ou Trans PKR pour corriger la myopie ou les autres d\u00e9fauts visuels.\" \/>\n<meta property=\"og:url\" content=\"https:\/\/trans-pkr.fr\/en\/videos-chirurgie-refractive\/\" \/>\n<meta property=\"og:site_name\" content=\"Op\u00e9rations des yeux 100% Laser Sans Contact\" \/>\n<meta property=\"article:modified_time\" content=\"2024-12-16T14:40:51+00:00\" \/>\n<meta name=\"twitter:label1\" content=\"Estimated reading time\" \/>\n\t<meta name=\"twitter:data1\" content=\"3 minutes\" \/>\n<script type=\"application\/ld+json\" class=\"yoast-schema-graph\">{\"@context\":\"https:\\\/\\\/schema.org\",\"@graph\":[{\"@type\":\"WebPage\",\"@id\":\"https:\\\/\\\/trans-pkr.fr\\\/videos-chirurgie-refractive\\\/\",\"url\":\"https:\\\/\\\/trans-pkr.fr\\\/videos-chirurgie-refractive\\\/\",\"name\":\"Vid\u00e9os sur la chirurgie r\u00e9fractive par le Dr Marc Chemla\",\"isPartOf\":{\"@id\":\"https:\\\/\\\/trans-pkr.fr\\\/#website\"},\"datePublished\":\"2015-05-06T08:31:03+00:00\",\"dateModified\":\"2024-12-16T14:40:51+00:00\",\"description\":\"Vid\u00e9os du Dr Chemla sur les op\u00e9ration des yeux avec Lasik, Laser femtoseconde, PKR ou Trans PKR pour corriger la myopie ou les autres d\u00e9fauts visuels.\",\"breadcrumb\":{\"@id\":\"https:\\\/\\\/trans-pkr.fr\\\/videos-chirurgie-refractive\\\/#breadcrumb\"},\"inLanguage\":\"en-GB\",\"potentialAction\":[{\"@type\":\"ReadAction\",\"target\":[\"https:\\\/\\\/trans-pkr.fr\\\/videos-chirurgie-refractive\\\/\"]}]},{\"@type\":\"BreadcrumbList\",\"@id\":\"https:\\\/\\\/trans-pkr.fr\\\/videos-chirurgie-refractive\\\/#breadcrumb\",\"itemListElement\":[{\"@type\":\"ListItem\",\"position\":1,\"name\":\"Accueil\",\"item\":\"https:\\\/\\\/trans-pkr.fr\\\/\"},{\"@type\":\"ListItem\",\"position\":2,\"name\":\"Vid\u00e9os sur la chirurgie r\u00e9fractive par le Dr Marc Chemla\"}]},{\"@type\":\"WebSite\",\"@id\":\"https:\\\/\\\/trans-pkr.fr\\\/#website\",\"url\":\"https:\\\/\\\/trans-pkr.fr\\\/\",\"name\":\"Op\u00e9rations des yeux 100% Laser Sans Contact: La Trans PKR\",\"description\":\"\",\"publisher\":{\"@id\":\"https:\\\/\\\/trans-pkr.fr\\\/#organization\"},\"alternateName\":\"Trans PKR - Vision Laser\",\"potentialAction\":[{\"@type\":\"SearchAction\",\"target\":{\"@type\":\"EntryPoint\",\"urlTemplate\":\"https:\\\/\\\/trans-pkr.fr\\\/?s={search_term_string}\"},\"query-input\":{\"@type\":\"PropertyValueSpecification\",\"valueRequired\":true,\"valueName\":\"search_term_string\"}}],\"inLanguage\":\"en-GB\"},{\"@type\":\"Organization\",\"@id\":\"https:\\\/\\\/trans-pkr.fr\\\/#organization\",\"name\":\"Vision Laser\",\"alternateName\":\"Trans PKR\",\"url\":\"https:\\\/\\\/trans-pkr.fr\\\/\",\"logo\":{\"@type\":\"ImageObject\",\"inLanguage\":\"en-GB\",\"@id\":\"https:\\\/\\\/trans-pkr.fr\\\/#\\\/schema\\\/logo\\\/image\\\/\",\"url\":\"https:\\\/\\\/trans-pkr.fr\\\/wp-content\\\/uploads\\\/2024\\\/07\\\/cropped-cropped-IMG-20240719-WA0248.jpg\",\"contentUrl\":\"https:\\\/\\\/trans-pkr.fr\\\/wp-content\\\/uploads\\\/2024\\\/07\\\/cropped-cropped-IMG-20240719-WA0248.jpg\",\"width\":512,\"height\":512,\"caption\":\"Vision Laser\"},\"image\":{\"@id\":\"https:\\\/\\\/trans-pkr.fr\\\/#\\\/schema\\\/logo\\\/image\\\/\"},\"sameAs\":[\"https:\\\/\\\/www.youtube.com\\\/@Centrevisionlaser\",\"https:\\\/\\\/www.instagram.com\\\/centre_vision_laser\\\/\",\"https:\\\/\\\/www.tiktok.com\\\/@centre.vision.las\",\"https:\\\/\\\/wa.me\\\/33759596369\"]}]}<\/script>\n<!-- \/ Yoast SEO plugin. -->","yoast_head_json":{"title":"Videos on refractive surgery by Dr. Marc Chemla","description":"Vid\u00e9os du Dr Chemla sur les op\u00e9ration des yeux avec Lasik, Laser femtoseconde, PKR ou Trans PKR pour corriger la myopie ou les autres d\u00e9fauts visuels.","robots":{"index":"index","follow":"follow","max-snippet":"max-snippet:-1","max-image-preview":"max-image-preview:large","max-video-preview":"max-video-preview:-1"},"canonical":"https:\/\/trans-pkr.fr\/en\/videos-chirurgie-refractive\/","og_locale":"en_GB","og_type":"article","og_title":"Vid\u00e9os sur la chirurgie r\u00e9fractive par le Dr Marc Chemla","og_description":"Vid\u00e9os du Dr Chemla sur les op\u00e9ration des yeux avec Lasik, Laser femtoseconde, PKR ou Trans PKR pour corriger la myopie ou les autres d\u00e9fauts visuels.","og_url":"https:\/\/trans-pkr.fr\/en\/videos-chirurgie-refractive\/","og_site_name":"Op\u00e9rations des yeux 100% Laser Sans Contact","article_modified_time":"2024-12-16T14:40:51+00:00","twitter_misc":{"Estimated reading time":"3 minutes"},"schema":{"@context":"https:\/\/schema.org","@graph":[{"@type":"WebPage","@id":"https:\/\/trans-pkr.fr\/videos-chirurgie-refractive\/","url":"https:\/\/trans-pkr.fr\/videos-chirurgie-refractive\/","name":"Videos on refractive surgery by Dr. Marc Chemla","isPartOf":{"@id":"https:\/\/trans-pkr.fr\/#website"},"datePublished":"2015-05-06T08:31:03+00:00","dateModified":"2024-12-16T14:40:51+00:00","description":"Vid\u00e9os du Dr Chemla sur les op\u00e9ration des yeux avec Lasik, Laser femtoseconde, PKR ou Trans PKR pour corriger la myopie ou les autres d\u00e9fauts visuels.","breadcrumb":{"@id":"https:\/\/trans-pkr.fr\/videos-chirurgie-refractive\/#breadcrumb"},"inLanguage":"en-GB","potentialAction":[{"@type":"ReadAction","target":["https:\/\/trans-pkr.fr\/videos-chirurgie-refractive\/"]}]},{"@type":"BreadcrumbList","@id":"https:\/\/trans-pkr.fr\/videos-chirurgie-refractive\/#breadcrumb","itemListElement":[{"@type":"ListItem","position":1,"name":"Accueil","item":"https:\/\/trans-pkr.fr\/"},{"@type":"ListItem","position":2,"name":"Vid\u00e9os sur la chirurgie r\u00e9fractive par le Dr Marc Chemla"}]},{"@type":"WebSite","@id":"https:\/\/trans-pkr.fr\/#website","url":"https:\/\/trans-pkr.fr\/","name":"100% Laser Contactless Eye Operations: Trans PKR","description":"","publisher":{"@id":"https:\/\/trans-pkr.fr\/#organization"},"alternateName":"Trans PKR - Vision Laser","potentialAction":[{"@type":"SearchAction","target":{"@type":"EntryPoint","urlTemplate":"https:\/\/trans-pkr.fr\/?s={search_term_string}"},"query-input":{"@type":"PropertyValueSpecification","valueRequired":true,"valueName":"search_term_string"}}],"inLanguage":"en-GB"},{"@type":"Organization","@id":"https:\/\/trans-pkr.fr\/#organization","name":"Vision Laser","alternateName":"Trans PKR","url":"https:\/\/trans-pkr.fr\/","logo":{"@type":"ImageObject","inLanguage":"en-GB","@id":"https:\/\/trans-pkr.fr\/#\/schema\/logo\/image\/","url":"https:\/\/trans-pkr.fr\/wp-content\/uploads\/2024\/07\/cropped-cropped-IMG-20240719-WA0248.jpg","contentUrl":"https:\/\/trans-pkr.fr\/wp-content\/uploads\/2024\/07\/cropped-cropped-IMG-20240719-WA0248.jpg","width":512,"height":512,"caption":"Vision Laser"},"image":{"@id":"https:\/\/trans-pkr.fr\/#\/schema\/logo\/image\/"},"sameAs":["https:\/\/www.youtube.com\/@Centrevisionlaser","https:\/\/www.instagram.com\/centre_vision_laser\/","https:\/\/www.tiktok.com\/@centre.vision.las","https:\/\/wa.me\/33759596369"]}]}},"jetpack_sharing_enabled":true,"_links":{"self":[{"href":"https:\/\/trans-pkr.fr\/en\/wp-json\/wp\/v2\/pages\/1058","targetHints":{"allow":["GET"]}}],"collection":[{"href":"https:\/\/trans-pkr.fr\/en\/wp-json\/wp\/v2\/pages"}],"about":[{"href":"https:\/\/trans-pkr.fr\/en\/wp-json\/wp\/v2\/types\/page"}],"author":[{"embeddable":true,"href":"https:\/\/trans-pkr.fr\/en\/wp-json\/wp\/v2\/users\/1"}],"replies":[{"embeddable":true,"href":"https:\/\/trans-pkr.fr\/en\/wp-json\/wp\/v2\/comments?post=1058"}],"version-history":[{"count":3,"href":"https:\/\/trans-pkr.fr\/en\/wp-json\/wp\/v2\/pages\/1058\/revisions"}],"predecessor-version":[{"id":2563,"href":"https:\/\/trans-pkr.fr\/en\/wp-json\/wp\/v2\/pages\/1058\/revisions\/2563"}],"wp:attachment":[{"href":"https:\/\/trans-pkr.fr\/en\/wp-json\/wp\/v2\/media?parent=1058"}],"curies":[{"name":"wp","href":"https:\/\/api.w.org\/{rel}","templated":true}]}}