{"id":109,"date":"2014-03-27T23:24:45","date_gmt":"2014-03-27T22:24:45","guid":{"rendered":"http:\/\/trans-pkr.fr\/?page_id=109"},"modified":"2016-05-25T10:31:25","modified_gmt":"2016-05-25T09:31:25","slug":"interview-du-dr-chemla-sur-la-trans-pkr","status":"publish","type":"page","link":"https:\/\/trans-pkr.fr\/en\/interview-du-dr-chemla-sur-la-trans-pkr\/","title":{"rendered":"Trans-PRK: Interview with Dr. Chemla"},"content":{"rendered":"<p><iframe loading=\"lazy\" src=\"\/\/www.youtube.com\/embed\/eRpNwLXHmgw?rel=0\" width=\"853\" height=\"480\" frameborder=\"0\" allowfullscreen=\"allowfullscreen\"><\/iframe><\/p>\n<p><strong>La Trans PKR : S\u00e9curit\u00e9 et efficacit\u00e9.<\/strong><\/p>\n<p>Dans cette vid\u00e9o, le Docteur Marc Chemla pr\u00e9sente la technique de chirurgie laser des yeux par Trans PKR. Il s&rsquo;agit de la seule technique 100% laser r\u00e9ellement sans contact avec les yeux du patient pour corriger myopie, astigmatisme, hyperm\u00e9tropie et presbytie.<\/p>\n<p>Retrouvez ci dessous un script de la video:<br \/>\n&#8211; La Trans PKR est vraiment sans aucun contact?<br \/>\n&#8211; Absolument tout se passe \u00e0 distance de l&rsquo;oeil, et totalement indolore. C&rsquo;est la seule technique sans contact 100% Laser.<\/p>\n<p>&#8211; Comment \u00e7a se passe?<br \/>\n&#8211; L&rsquo;op\u00e9ration est tr\u00e8s br\u00e8ve, une vingtaine de secondes par \u0153il. Elle est totalement indolore. Par contre les suites sont plus douloureuse surtout la premi\u00e8re nuit. L&rsquo;acuit\u00e9 visuelle remonte au bout de deux trois jours, pour \u00eatre parfaite il faut parfois 1 \u00e0 2 semaines. C&rsquo;est une op\u00e9ration que nous pratiquons souvent le jeudi soir apr\u00e8s une journ\u00e9e de travail, et apr\u00e8s un bon weekend de r\u00e9cup\u00e9ration le patient pourra reprendre une activit\u00e9 professionnelle normale d\u00e8s le lundi matin.<\/p>\n<p>&#8211; Dans quels cas la TransPKR est-elle indiqu\u00e9e?<br \/>\n&#8211; Toutes les corn\u00e9e fines, irr\u00e9guli\u00e8res, faisant redouter des complications si on fait une d\u00e9coupe Lasik, et aussi tous les patients qui ne supportent pas le moindre contact ou manipulation dans leurs yeux. C&rsquo;est vraiment une technique \u00e0 distance sans contact.<\/p>\n<p>&#8211; La Trans-PKR est-elle vraiment sans risques ?<br \/>\n&#8211; Le risque z\u00e9ro n&rsquo;existe pas mais avec cette technique on s&rsquo;en rapproche beaucoup. Il n&rsquo;y a pas de contact donc le risque infectieux est vraiment minimis\u00e9. Il n&rsquo;y a pas de capot, pas de volet qui risque de se d\u00e9placer, de bouger, qui risque de mal se d\u00e9couper&#8230; c&rsquo;est vraiment la technique s\u00e9curitaire par excellence.<\/p>\n<p>&#8211; Pratiquez-vous encore les autres techniques de chirurgie ?<br \/>\n&#8211; oui parfois d&rsquo;autres techniques sont pr\u00e9f\u00e9rables, le Lasik ou le laser femtoseconde que nous pratiquons encore quotidiennement.<br \/>\nCe n&rsquo;est qu&rsquo;au terme de l&rsquo;examen pr\u00e9alable que l&rsquo;on pourra affirmer l&rsquo;\u00e9ligibilit\u00e9 du patient et le choix de la technique appropri\u00e9e.<\/p>\n<p>&#8211; La Trans-PKR peut-elle corriger la presbytie?<br \/>\n&#8211; Oui, la presbytie comme la myopie, l&rsquo;hyperm\u00e9tropie et l&rsquo;astigmatisme peuvent en b\u00e9n\u00e9ficier.<br \/>\n<script type=\"mce-text\/javascript\">\/\/ <![CDATA[\n(function(i,s,o,g,r,a,m){i['GoogleAnalyticsObject']=r;i[r]=i[r]||function(){   (i[r].q=i[r].q||[]).push(arguments)},i[r].l=1*new Date();a=s.createElement(o),   m=s.getElementsByTagName(o)[0];a.async=1;a.src=g;m.parentNode.insertBefore(a,m)   })(window,document,'script','\/\/www.google-analytics.com\/analytics.js','ga');  ga('create', 'UA-51099997-2', 'auto');   ga('send', 'pageview');\n\/\/ ]]><\/script><\/p>\n","protected":false},"excerpt":{"rendered":"<p>La Trans PKR : S\u00e9curit\u00e9 et efficacit\u00e9. Dans cette vid\u00e9o, le Docteur Marc Chemla pr\u00e9sente la technique de chirurgie laser des yeux par Trans PKR. Il s&rsquo;agit de la seule technique 100% laser r\u00e9ellement sans contact avec les yeux du patient pour corriger myopie, astigmatisme, hyperm\u00e9tropie et presbytie. Retrouvez ci dessous un script de la [&hellip;]<\/p>\n","protected":false},"author":1,"featured_media":0,"parent":0,"menu_order":0,"comment_status":"open","ping_status":"closed","template":"","meta":{"inline_featured_image":false,"footnotes":""},"class_list":["post-109","page","type-page","status-publish","hentry"],"yoast_head":"<!-- This site is optimized with the Yoast SEO plugin v27.5 - https:\/\/yoast.com\/product\/yoast-seo-wordpress\/ -->\n<title>Vid\u00e9o Trans PKR 100% laser : Interview du Dr Chemla.<\/title>\n<meta name=\"description\" content=\"Cette vid\u00e9o pr\u00e9sente la Trans PKR: la seule op\u00e9ration des yeux 100% Laser o\u00f9 le traitement se fait enti\u00e8rement \u00e0 distance, sans aucun contact avec l\u2019\u0153il.\" \/>\n<meta name=\"robots\" content=\"index, follow, max-snippet:-1, max-image-preview:large, max-video-preview:-1\" \/>\n<link rel=\"canonical\" href=\"https:\/\/trans-pkr.fr\/en\/interview-du-dr-chemla-sur-la-trans-pkr\/\" \/>\n<meta property=\"og:locale\" content=\"en_GB\" \/>\n<meta property=\"og:type\" content=\"article\" \/>\n<meta property=\"og:title\" content=\"Vid\u00e9o Trans PKR 100% laser : Interview du Dr Chemla.\" \/>\n<meta property=\"og:description\" content=\"Cette vid\u00e9o pr\u00e9sente la Trans PKR: la seule op\u00e9ration des yeux 100% Laser o\u00f9 le traitement se fait enti\u00e8rement \u00e0 distance, sans aucun contact avec l\u2019\u0153il.\" \/>\n<meta property=\"og:url\" content=\"https:\/\/trans-pkr.fr\/en\/interview-du-dr-chemla-sur-la-trans-pkr\/\" \/>\n<meta property=\"og:site_name\" content=\"Op\u00e9rations des yeux 100% Laser Sans Contact\" \/>\n<meta property=\"article:modified_time\" content=\"2016-05-25T09:31:25+00:00\" \/>\n<meta name=\"twitter:label1\" content=\"Estimated reading time\" \/>\n\t<meta name=\"twitter:data1\" content=\"2 minutes\" \/>\n<script type=\"application\/ld+json\" class=\"yoast-schema-graph\">{\"@context\":\"https:\\\/\\\/schema.org\",\"@graph\":[{\"@type\":\"WebPage\",\"@id\":\"https:\\\/\\\/trans-pkr.fr\\\/interview-du-dr-chemla-sur-la-trans-pkr\\\/\",\"url\":\"https:\\\/\\\/trans-pkr.fr\\\/interview-du-dr-chemla-sur-la-trans-pkr\\\/\",\"name\":\"Vid\u00e9o Trans PKR 100% laser : Interview du Dr Chemla.\",\"isPartOf\":{\"@id\":\"https:\\\/\\\/trans-pkr.fr\\\/#website\"},\"datePublished\":\"2014-03-27T22:24:45+00:00\",\"dateModified\":\"2016-05-25T09:31:25+00:00\",\"description\":\"Cette vid\u00e9o pr\u00e9sente la Trans PKR: la seule op\u00e9ration des yeux 100% Laser o\u00f9 le traitement se fait enti\u00e8rement \u00e0 distance, sans aucun contact avec l\u2019\u0153il.\",\"breadcrumb\":{\"@id\":\"https:\\\/\\\/trans-pkr.fr\\\/interview-du-dr-chemla-sur-la-trans-pkr\\\/#breadcrumb\"},\"inLanguage\":\"en-GB\",\"potentialAction\":[{\"@type\":\"ReadAction\",\"target\":[\"https:\\\/\\\/trans-pkr.fr\\\/interview-du-dr-chemla-sur-la-trans-pkr\\\/\"]}]},{\"@type\":\"BreadcrumbList\",\"@id\":\"https:\\\/\\\/trans-pkr.fr\\\/interview-du-dr-chemla-sur-la-trans-pkr\\\/#breadcrumb\",\"itemListElement\":[{\"@type\":\"ListItem\",\"position\":1,\"name\":\"Accueil\",\"item\":\"https:\\\/\\\/trans-pkr.fr\\\/\"},{\"@type\":\"ListItem\",\"position\":2,\"name\":\"Trans PKR : Interview du Dr Chemla\"}]},{\"@type\":\"WebSite\",\"@id\":\"https:\\\/\\\/trans-pkr.fr\\\/#website\",\"url\":\"https:\\\/\\\/trans-pkr.fr\\\/\",\"name\":\"Op\u00e9rations des yeux 100% Laser Sans Contact: La Trans PKR\",\"description\":\"\",\"publisher\":{\"@id\":\"https:\\\/\\\/trans-pkr.fr\\\/#organization\"},\"alternateName\":\"Trans PKR - Vision Laser\",\"potentialAction\":[{\"@type\":\"SearchAction\",\"target\":{\"@type\":\"EntryPoint\",\"urlTemplate\":\"https:\\\/\\\/trans-pkr.fr\\\/?s={search_term_string}\"},\"query-input\":{\"@type\":\"PropertyValueSpecification\",\"valueRequired\":true,\"valueName\":\"search_term_string\"}}],\"inLanguage\":\"en-GB\"},{\"@type\":\"Organization\",\"@id\":\"https:\\\/\\\/trans-pkr.fr\\\/#organization\",\"name\":\"Vision Laser\",\"alternateName\":\"Trans PKR\",\"url\":\"https:\\\/\\\/trans-pkr.fr\\\/\",\"logo\":{\"@type\":\"ImageObject\",\"inLanguage\":\"en-GB\",\"@id\":\"https:\\\/\\\/trans-pkr.fr\\\/#\\\/schema\\\/logo\\\/image\\\/\",\"url\":\"https:\\\/\\\/trans-pkr.fr\\\/wp-content\\\/uploads\\\/2024\\\/07\\\/cropped-cropped-IMG-20240719-WA0248.jpg\",\"contentUrl\":\"https:\\\/\\\/trans-pkr.fr\\\/wp-content\\\/uploads\\\/2024\\\/07\\\/cropped-cropped-IMG-20240719-WA0248.jpg\",\"width\":512,\"height\":512,\"caption\":\"Vision Laser\"},\"image\":{\"@id\":\"https:\\\/\\\/trans-pkr.fr\\\/#\\\/schema\\\/logo\\\/image\\\/\"},\"sameAs\":[\"https:\\\/\\\/www.youtube.com\\\/@Centrevisionlaser\",\"https:\\\/\\\/www.instagram.com\\\/centre_vision_laser\\\/\",\"https:\\\/\\\/www.tiktok.com\\\/@centre.vision.las\",\"https:\\\/\\\/wa.me\\\/33759596369\"]}]}<\/script>\n<!-- \/ Yoast SEO plugin. -->","yoast_head_json":{"title":"Vid\u00e9o Trans PKR 100% laser : Interview du Dr Chemla.","description":"Cette vid\u00e9o pr\u00e9sente la Trans PKR: la seule op\u00e9ration des yeux 100% Laser o\u00f9 le traitement se fait enti\u00e8rement \u00e0 distance, sans aucun contact avec l\u2019\u0153il.","robots":{"index":"index","follow":"follow","max-snippet":"max-snippet:-1","max-image-preview":"max-image-preview:large","max-video-preview":"max-video-preview:-1"},"canonical":"https:\/\/trans-pkr.fr\/en\/interview-du-dr-chemla-sur-la-trans-pkr\/","og_locale":"en_GB","og_type":"article","og_title":"Vid\u00e9o Trans PKR 100% laser : Interview du Dr Chemla.","og_description":"Cette vid\u00e9o pr\u00e9sente la Trans PKR: la seule op\u00e9ration des yeux 100% Laser o\u00f9 le traitement se fait enti\u00e8rement \u00e0 distance, sans aucun contact avec l\u2019\u0153il.","og_url":"https:\/\/trans-pkr.fr\/en\/interview-du-dr-chemla-sur-la-trans-pkr\/","og_site_name":"Op\u00e9rations des yeux 100% Laser Sans Contact","article_modified_time":"2016-05-25T09:31:25+00:00","twitter_misc":{"Estimated reading time":"2 minutes"},"schema":{"@context":"https:\/\/schema.org","@graph":[{"@type":"WebPage","@id":"https:\/\/trans-pkr.fr\/interview-du-dr-chemla-sur-la-trans-pkr\/","url":"https:\/\/trans-pkr.fr\/interview-du-dr-chemla-sur-la-trans-pkr\/","name":"Vid\u00e9o Trans PKR 100% laser : Interview du Dr Chemla.","isPartOf":{"@id":"https:\/\/trans-pkr.fr\/#website"},"datePublished":"2014-03-27T22:24:45+00:00","dateModified":"2016-05-25T09:31:25+00:00","description":"Cette vid\u00e9o pr\u00e9sente la Trans PKR: la seule op\u00e9ration des yeux 100% Laser o\u00f9 le traitement se fait enti\u00e8rement \u00e0 distance, sans aucun contact avec l\u2019\u0153il.","breadcrumb":{"@id":"https:\/\/trans-pkr.fr\/interview-du-dr-chemla-sur-la-trans-pkr\/#breadcrumb"},"inLanguage":"en-GB","potentialAction":[{"@type":"ReadAction","target":["https:\/\/trans-pkr.fr\/interview-du-dr-chemla-sur-la-trans-pkr\/"]}]},{"@type":"BreadcrumbList","@id":"https:\/\/trans-pkr.fr\/interview-du-dr-chemla-sur-la-trans-pkr\/#breadcrumb","itemListElement":[{"@type":"ListItem","position":1,"name":"Accueil","item":"https:\/\/trans-pkr.fr\/"},{"@type":"ListItem","position":2,"name":"Trans PKR : Interview du Dr Chemla"}]},{"@type":"WebSite","@id":"https:\/\/trans-pkr.fr\/#website","url":"https:\/\/trans-pkr.fr\/","name":"100% Laser Contactless Eye Operations: Trans PKR","description":"","publisher":{"@id":"https:\/\/trans-pkr.fr\/#organization"},"alternateName":"Trans PKR - Vision Laser","potentialAction":[{"@type":"SearchAction","target":{"@type":"EntryPoint","urlTemplate":"https:\/\/trans-pkr.fr\/?s={search_term_string}"},"query-input":{"@type":"PropertyValueSpecification","valueRequired":true,"valueName":"search_term_string"}}],"inLanguage":"en-GB"},{"@type":"Organization","@id":"https:\/\/trans-pkr.fr\/#organization","name":"Vision Laser","alternateName":"Trans PKR","url":"https:\/\/trans-pkr.fr\/","logo":{"@type":"ImageObject","inLanguage":"en-GB","@id":"https:\/\/trans-pkr.fr\/#\/schema\/logo\/image\/","url":"https:\/\/trans-pkr.fr\/wp-content\/uploads\/2024\/07\/cropped-cropped-IMG-20240719-WA0248.jpg","contentUrl":"https:\/\/trans-pkr.fr\/wp-content\/uploads\/2024\/07\/cropped-cropped-IMG-20240719-WA0248.jpg","width":512,"height":512,"caption":"Vision Laser"},"image":{"@id":"https:\/\/trans-pkr.fr\/#\/schema\/logo\/image\/"},"sameAs":["https:\/\/www.youtube.com\/@Centrevisionlaser","https:\/\/www.instagram.com\/centre_vision_laser\/","https:\/\/www.tiktok.com\/@centre.vision.las","https:\/\/wa.me\/33759596369"]}]}},"jetpack_sharing_enabled":true,"_links":{"self":[{"href":"https:\/\/trans-pkr.fr\/en\/wp-json\/wp\/v2\/pages\/109","targetHints":{"allow":["GET"]}}],"collection":[{"href":"https:\/\/trans-pkr.fr\/en\/wp-json\/wp\/v2\/pages"}],"about":[{"href":"https:\/\/trans-pkr.fr\/en\/wp-json\/wp\/v2\/types\/page"}],"author":[{"embeddable":true,"href":"https:\/\/trans-pkr.fr\/en\/wp-json\/wp\/v2\/users\/1"}],"replies":[{"embeddable":true,"href":"https:\/\/trans-pkr.fr\/en\/wp-json\/wp\/v2\/comments?post=109"}],"version-history":[{"count":1,"href":"https:\/\/trans-pkr.fr\/en\/wp-json\/wp\/v2\/pages\/109\/revisions"}],"predecessor-version":[{"id":1300,"href":"https:\/\/trans-pkr.fr\/en\/wp-json\/wp\/v2\/pages\/109\/revisions\/1300"}],"wp:attachment":[{"href":"https:\/\/trans-pkr.fr\/en\/wp-json\/wp\/v2\/media?parent=109"}],"curies":[{"name":"wp","href":"https:\/\/api.w.org\/{rel}","templated":true}]}}