{"id":110,"date":"2014-03-27T23:23:27","date_gmt":"2014-03-27T22:23:27","guid":{"rendered":"http:\/\/trans-pkr.fr\/?page_id=110"},"modified":"2022-03-24T10:24:16","modified_gmt":"2022-03-24T09:24:16","slug":"voir-reportage-sur-la-trans-pkr","status":"publish","type":"page","link":"https:\/\/trans-pkr.fr\/en\/voir-reportage-sur-la-trans-pkr\/","title":{"rendered":"Report on Trans-PRK"},"content":{"rendered":"<p>&nbsp;<\/p>\n<p><iframe loading=\"lazy\" title=\"YouTube video player\" src=\"https:\/\/www.youtube.com\/embed\/klroxAFY_Cg\" width=\"560\" height=\"315\" frameborder=\"0\" allowfullscreen=\"allowfullscreen\"><\/iframe><\/p>","protected":false},"excerpt":{"rendered":"<p>&nbsp;<\/p>","protected":false},"author":1,"featured_media":0,"parent":0,"menu_order":0,"comment_status":"open","ping_status":"closed","template":"","meta":{"inline_featured_image":false,"footnotes":""},"class_list":["post-110","page","type-page","status-publish","hentry"],"yoast_head":"<!-- This site is optimized with the Yoast SEO plugin v27.5 - https:\/\/yoast.com\/product\/yoast-seo-wordpress\/ -->\n<title>Vid\u00e9o reportage sur la Trans-PKR au Centre Ophtalmologique Paris Ouest<\/title>\n<meta name=\"description\" content=\"Suivons un patient au bloc dans une vid\u00e9o reportage sur la Trans-PKR, seule technique 100% laser sans contact avec l&#039;\u0153il pour corriger les d\u00e9fauts visuels.\" \/>\n<meta name=\"robots\" content=\"index, follow, max-snippet:-1, max-image-preview:large, max-video-preview:-1\" \/>\n<link rel=\"canonical\" href=\"https:\/\/trans-pkr.fr\/en\/voir-reportage-sur-la-trans-pkr\/\" \/>\n<meta property=\"og:locale\" content=\"en_GB\" \/>\n<meta property=\"og:type\" content=\"article\" \/>\n<meta property=\"og:title\" content=\"Vid\u00e9o reportage sur la Trans-PKR au Centre Ophtalmologique Paris Ouest\" \/>\n<meta property=\"og:description\" content=\"Suivons un patient au bloc dans une vid\u00e9o reportage sur la Trans-PKR, seule technique 100% laser sans contact avec l&#039;\u0153il pour corriger les d\u00e9fauts visuels.\" \/>\n<meta property=\"og:url\" content=\"https:\/\/trans-pkr.fr\/en\/voir-reportage-sur-la-trans-pkr\/\" \/>\n<meta property=\"og:site_name\" content=\"Op\u00e9rations des yeux 100% Laser Sans Contact\" \/>\n<meta property=\"article:modified_time\" content=\"2022-03-24T09:24:16+00:00\" \/>\n<script type=\"application\/ld+json\" class=\"yoast-schema-graph\">{\"@context\":\"https:\\\/\\\/schema.org\",\"@graph\":[{\"@type\":\"WebPage\",\"@id\":\"https:\\\/\\\/trans-pkr.fr\\\/voir-reportage-sur-la-trans-pkr\\\/\",\"url\":\"https:\\\/\\\/trans-pkr.fr\\\/voir-reportage-sur-la-trans-pkr\\\/\",\"name\":\"Vid\u00e9o reportage sur la Trans-PKR au Centre Ophtalmologique Paris Ouest\",\"isPartOf\":{\"@id\":\"https:\\\/\\\/trans-pkr.fr\\\/#website\"},\"datePublished\":\"2014-03-27T22:23:27+00:00\",\"dateModified\":\"2022-03-24T09:24:16+00:00\",\"description\":\"Suivons un patient au bloc dans une vid\u00e9o reportage sur la Trans-PKR, seule technique 100% laser sans contact avec l'\u0153il pour corriger les d\u00e9fauts visuels.\",\"breadcrumb\":{\"@id\":\"https:\\\/\\\/trans-pkr.fr\\\/voir-reportage-sur-la-trans-pkr\\\/#breadcrumb\"},\"inLanguage\":\"en-GB\",\"potentialAction\":[{\"@type\":\"ReadAction\",\"target\":[\"https:\\\/\\\/trans-pkr.fr\\\/voir-reportage-sur-la-trans-pkr\\\/\"]}]},{\"@type\":\"BreadcrumbList\",\"@id\":\"https:\\\/\\\/trans-pkr.fr\\\/voir-reportage-sur-la-trans-pkr\\\/#breadcrumb\",\"itemListElement\":[{\"@type\":\"ListItem\",\"position\":1,\"name\":\"Accueil\",\"item\":\"https:\\\/\\\/trans-pkr.fr\\\/\"},{\"@type\":\"ListItem\",\"position\":2,\"name\":\"Voir reportage sur la Trans PKR\"}]},{\"@type\":\"WebSite\",\"@id\":\"https:\\\/\\\/trans-pkr.fr\\\/#website\",\"url\":\"https:\\\/\\\/trans-pkr.fr\\\/\",\"name\":\"Op\u00e9rations des yeux 100% Laser Sans Contact: La Trans PKR\",\"description\":\"\",\"publisher\":{\"@id\":\"https:\\\/\\\/trans-pkr.fr\\\/#organization\"},\"alternateName\":\"Trans PKR - Vision Laser\",\"potentialAction\":[{\"@type\":\"SearchAction\",\"target\":{\"@type\":\"EntryPoint\",\"urlTemplate\":\"https:\\\/\\\/trans-pkr.fr\\\/?s={search_term_string}\"},\"query-input\":{\"@type\":\"PropertyValueSpecification\",\"valueRequired\":true,\"valueName\":\"search_term_string\"}}],\"inLanguage\":\"en-GB\"},{\"@type\":\"Organization\",\"@id\":\"https:\\\/\\\/trans-pkr.fr\\\/#organization\",\"name\":\"Vision Laser\",\"alternateName\":\"Trans PKR\",\"url\":\"https:\\\/\\\/trans-pkr.fr\\\/\",\"logo\":{\"@type\":\"ImageObject\",\"inLanguage\":\"en-GB\",\"@id\":\"https:\\\/\\\/trans-pkr.fr\\\/#\\\/schema\\\/logo\\\/image\\\/\",\"url\":\"https:\\\/\\\/trans-pkr.fr\\\/wp-content\\\/uploads\\\/2024\\\/07\\\/cropped-cropped-IMG-20240719-WA0248.jpg\",\"contentUrl\":\"https:\\\/\\\/trans-pkr.fr\\\/wp-content\\\/uploads\\\/2024\\\/07\\\/cropped-cropped-IMG-20240719-WA0248.jpg\",\"width\":512,\"height\":512,\"caption\":\"Vision Laser\"},\"image\":{\"@id\":\"https:\\\/\\\/trans-pkr.fr\\\/#\\\/schema\\\/logo\\\/image\\\/\"},\"sameAs\":[\"https:\\\/\\\/www.youtube.com\\\/@Centrevisionlaser\",\"https:\\\/\\\/www.instagram.com\\\/centre_vision_laser\\\/\",\"https:\\\/\\\/www.tiktok.com\\\/@centre.vision.las\",\"https:\\\/\\\/wa.me\\\/33759596369\"]}]}<\/script>\n<!-- \/ Yoast SEO plugin. -->","yoast_head_json":{"title":"Vid\u00e9o reportage sur la Trans-PKR au Centre Ophtalmologique Paris Ouest","description":"Suivons un patient au bloc dans une vid\u00e9o reportage sur la Trans-PKR, seule technique 100% laser sans contact avec l'\u0153il pour corriger les d\u00e9fauts visuels.","robots":{"index":"index","follow":"follow","max-snippet":"max-snippet:-1","max-image-preview":"max-image-preview:large","max-video-preview":"max-video-preview:-1"},"canonical":"https:\/\/trans-pkr.fr\/en\/voir-reportage-sur-la-trans-pkr\/","og_locale":"en_GB","og_type":"article","og_title":"Vid\u00e9o reportage sur la Trans-PKR au Centre Ophtalmologique Paris Ouest","og_description":"Suivons un patient au bloc dans une vid\u00e9o reportage sur la Trans-PKR, seule technique 100% laser sans contact avec l'\u0153il pour corriger les d\u00e9fauts visuels.","og_url":"https:\/\/trans-pkr.fr\/en\/voir-reportage-sur-la-trans-pkr\/","og_site_name":"Op\u00e9rations des yeux 100% Laser Sans Contact","article_modified_time":"2022-03-24T09:24:16+00:00","schema":{"@context":"https:\/\/schema.org","@graph":[{"@type":"WebPage","@id":"https:\/\/trans-pkr.fr\/voir-reportage-sur-la-trans-pkr\/","url":"https:\/\/trans-pkr.fr\/voir-reportage-sur-la-trans-pkr\/","name":"Vid\u00e9o reportage sur la Trans-PKR au Centre Ophtalmologique Paris Ouest","isPartOf":{"@id":"https:\/\/trans-pkr.fr\/#website"},"datePublished":"2014-03-27T22:23:27+00:00","dateModified":"2022-03-24T09:24:16+00:00","description":"Suivons un patient au bloc dans une vid\u00e9o reportage sur la Trans-PKR, seule technique 100% laser sans contact avec l'\u0153il pour corriger les d\u00e9fauts visuels.","breadcrumb":{"@id":"https:\/\/trans-pkr.fr\/voir-reportage-sur-la-trans-pkr\/#breadcrumb"},"inLanguage":"en-GB","potentialAction":[{"@type":"ReadAction","target":["https:\/\/trans-pkr.fr\/voir-reportage-sur-la-trans-pkr\/"]}]},{"@type":"BreadcrumbList","@id":"https:\/\/trans-pkr.fr\/voir-reportage-sur-la-trans-pkr\/#breadcrumb","itemListElement":[{"@type":"ListItem","position":1,"name":"Accueil","item":"https:\/\/trans-pkr.fr\/"},{"@type":"ListItem","position":2,"name":"Voir reportage sur la Trans PKR"}]},{"@type":"WebSite","@id":"https:\/\/trans-pkr.fr\/#website","url":"https:\/\/trans-pkr.fr\/","name":"100% Laser Contactless Eye Operations: Trans PKR","description":"","publisher":{"@id":"https:\/\/trans-pkr.fr\/#organization"},"alternateName":"Trans PKR - Vision Laser","potentialAction":[{"@type":"SearchAction","target":{"@type":"EntryPoint","urlTemplate":"https:\/\/trans-pkr.fr\/?s={search_term_string}"},"query-input":{"@type":"PropertyValueSpecification","valueRequired":true,"valueName":"search_term_string"}}],"inLanguage":"en-GB"},{"@type":"Organization","@id":"https:\/\/trans-pkr.fr\/#organization","name":"Vision Laser","alternateName":"Trans PKR","url":"https:\/\/trans-pkr.fr\/","logo":{"@type":"ImageObject","inLanguage":"en-GB","@id":"https:\/\/trans-pkr.fr\/#\/schema\/logo\/image\/","url":"https:\/\/trans-pkr.fr\/wp-content\/uploads\/2024\/07\/cropped-cropped-IMG-20240719-WA0248.jpg","contentUrl":"https:\/\/trans-pkr.fr\/wp-content\/uploads\/2024\/07\/cropped-cropped-IMG-20240719-WA0248.jpg","width":512,"height":512,"caption":"Vision Laser"},"image":{"@id":"https:\/\/trans-pkr.fr\/#\/schema\/logo\/image\/"},"sameAs":["https:\/\/www.youtube.com\/@Centrevisionlaser","https:\/\/www.instagram.com\/centre_vision_laser\/","https:\/\/www.tiktok.com\/@centre.vision.las","https:\/\/wa.me\/33759596369"]}]}},"jetpack_sharing_enabled":true,"_links":{"self":[{"href":"https:\/\/trans-pkr.fr\/en\/wp-json\/wp\/v2\/pages\/110","targetHints":{"allow":["GET"]}}],"collection":[{"href":"https:\/\/trans-pkr.fr\/en\/wp-json\/wp\/v2\/pages"}],"about":[{"href":"https:\/\/trans-pkr.fr\/en\/wp-json\/wp\/v2\/types\/page"}],"author":[{"embeddable":true,"href":"https:\/\/trans-pkr.fr\/en\/wp-json\/wp\/v2\/users\/1"}],"replies":[{"embeddable":true,"href":"https:\/\/trans-pkr.fr\/en\/wp-json\/wp\/v2\/comments?post=110"}],"version-history":[{"count":3,"href":"https:\/\/trans-pkr.fr\/en\/wp-json\/wp\/v2\/pages\/110\/revisions"}],"predecessor-version":[{"id":1895,"href":"https:\/\/trans-pkr.fr\/en\/wp-json\/wp\/v2\/pages\/110\/revisions\/1895"}],"wp:attachment":[{"href":"https:\/\/trans-pkr.fr\/en\/wp-json\/wp\/v2\/media?parent=110"}],"curies":[{"name":"wp","href":"https:\/\/api.w.org\/{rel}","templated":true}]}}