{"id":1168,"date":"2015-10-22T08:12:29","date_gmt":"2015-10-22T07:12:29","guid":{"rendered":"http:\/\/trans-pkr.fr\/?page_id=1168"},"modified":"2024-11-17T01:55:01","modified_gmt":"2024-11-17T00:55:01","slug":"video-envoye-special-france-2-du-1er-octobre-2015-dangers-du-lasik","status":"publish","type":"page","link":"https:\/\/trans-pkr.fr\/en\/video-envoye-special-france-2-du-1er-octobre-2015-dangers-du-lasik\/","title":{"rendered":"Envoy\u00e9 Sp\u00e9cial video report on France 2 from 1 October 2015"},"content":{"rendered":"<p><iframe loading=\"lazy\" src=\"\/\/www.dailymotion.com\/embed\/video\/x3c9o97\" width=\"560\" height=\"315\" frameborder=\"0\" allowfullscreen=\"allowfullscreen\"><\/iframe><br \/>\n<a href=\"http:\/\/www.dailymotion.com\/video\/x3c9o97_les-dangers-du-lasik-le-dr-chemla-en-camera-cachee-a-envoye-special-sur-france-2-le-1er-octobre-2015_tech\" target=\"_blank\" rel=\"noopener\">Les dangers du Lasik: le Dr Chemla en cam\u00e9ra&#8230;<\/a> <i>by <a href=\"http:\/\/www.dailymotion.com\/mc613\" target=\"_blank\" rel=\"noopener\">mc613<\/a><\/i><\/p>\n<p>&nbsp;<\/p>\n<p class=\"translation-block\">October 1, 2015 on France 2: \"Envoy\u00e9 Sp\u00e9cial\" program dedicated to LASIK, its advantages and dangers.<br>\nThe highlight of the program is a test patient who is a case to be operated on or not to be operated on.<br>\nIn fact, it's a journalist who poses as a candidate for refractive surgery and \"tests\" five well-known Parisian clinics to see if his case will be properly studied and what will be offered: will he be declared eligible for LASIK and what explanations will he be given?<br>\nOf course, the patient and the ophthalmologist are filmed with a hidden camera to \"test\" the ophthalmologist, who doesn't know he's dealing with a fake test patient.<br>\nHere is a short excerpt from this program: the first clinic tested at the 22nd minute of the report.<br>\nResult: the surgeon doesn't fall for it and advises the patient against the operation. LASIK is a potential source of complications for him.<br>\nThe journalist's comment: \"Look what happens next, not all ophthalmologists will be as careful.\"<br>\nThis Parisian specialist is none other than Dr. Marc Chemla of the Paris Ouest Ophthalmological Center in La Garenne-Colombes,<br>\na clinic that thus confirms its reputation for rigor and caution.<br>\nThe entire program (from which this short segment is taken) is interesting. The content is sometimes questionable, but it at least has the merit of clarifying what we repeat to each of our patients: zero risk does not exist, especially with LASIK. This is why, whenever there is a particular risk, we increasingly prefer non-cutting and non-contact techniques such as Trans-PKR on the Amaris 1050 RS.<br>\nwww.trans-pkr.fr<\/p>\n<p>&nbsp;<\/p>\n<p>&nbsp;<\/p>\n<p class=\"translation-block\">VIDEO SCRIPT:<br> Imagine a world without glasses, thanks to laser eye surgery or eye gymnastics.<br> But is this really a guarantee of clearer vision? This magazine investigates.<br> On the Internet, many clinics are advertising laser eye surgery. The procedure costs an average of \u20ac1,250 per eye, and takes no more than thirty minutes<br> On these sites, the testimonials from customers are unanimous: they all say they have got rid of their glasses without any side effects.<br> Are patients properly informed by their doctors?<br> To find out, we went through the doors of several clinics that perform laser eye surgery, equipped with a hidden camera.<br> We went to the first doctor. From him, we learnt that the laser operation Sylvie and Ga\u00eblle had undergone would not be recommended in our case.<br> \u2018With your visual acuity, I'm not going to use a non-contact technique to avoid complications. <br> But other doctors were less cautious...<br> Of the 5 surgeons we consulted, 2 did not want to operate on us. 2 others were prepared to do so, but informed us of the risks. Only one clearly played down the possible consequences of the operation.<\/p>","protected":false},"excerpt":{"rendered":"<p>Les dangers du Lasik: le Dr Chemla en cam\u00e9ra&#8230; by mc613 &nbsp; Le 1er octobre 2015 sur France 2: \u00e9mission \u201cEnvoy\u00e9 Sp\u00e9cial\u201d consacr\u00e9e au Lasik, ses avantages et ses dangers. Temps fort de l\u2019\u00e9mission un patient test qui est un cas \u00e0 op\u00e9rer ou ne pas op\u00e9rer. En fait c\u2019est un journaliste qui va se [&hellip;]<\/p>\n","protected":false},"author":1,"featured_media":0,"parent":0,"menu_order":0,"comment_status":"open","ping_status":"open","template":"","meta":{"inline_featured_image":false,"footnotes":""},"class_list":["post-1168","page","type-page","status-publish","hentry"],"yoast_head":"<!-- This site is optimized with the Yoast SEO plugin v27.5 - https:\/\/yoast.com\/product\/yoast-seo-wordpress\/ -->\n<title>Vid\u00e9o Envoy\u00e9 Sp\u00e9cial sur France 2 : Les dangers du Lasik<\/title>\n<meta name=\"description\" content=\"Reportage avec cam\u00e9ra cach\u00e9e sur les dangers du lasik: Un patient test se rend dans 5 cliniques r\u00e9put\u00e9es pour tester ce qu\u2019on proposera au patient !\" \/>\n<meta name=\"robots\" content=\"index, follow, max-snippet:-1, max-image-preview:large, max-video-preview:-1\" \/>\n<link rel=\"canonical\" href=\"https:\/\/trans-pkr.fr\/en\/video-envoye-special-france-2-du-1er-octobre-2015-dangers-du-lasik\/\" \/>\n<meta property=\"og:locale\" content=\"en_GB\" \/>\n<meta property=\"og:type\" content=\"article\" \/>\n<meta property=\"og:title\" content=\"Vid\u00e9o Envoy\u00e9 Sp\u00e9cial sur France 2 : Les dangers du Lasik\" \/>\n<meta property=\"og:description\" content=\"Reportage avec cam\u00e9ra cach\u00e9e sur les dangers du lasik: Un patient test se rend dans 5 cliniques r\u00e9put\u00e9es pour tester ce qu\u2019on proposera au patient !\" \/>\n<meta property=\"og:url\" content=\"https:\/\/trans-pkr.fr\/en\/video-envoye-special-france-2-du-1er-octobre-2015-dangers-du-lasik\/\" \/>\n<meta property=\"og:site_name\" content=\"Op\u00e9rations des yeux 100% Laser Sans Contact\" \/>\n<meta property=\"article:modified_time\" content=\"2024-11-17T00:55:01+00:00\" \/>\n<meta name=\"twitter:label1\" content=\"Estimated reading time\" \/>\n\t<meta name=\"twitter:data1\" content=\"3 minutes\" \/>\n<script type=\"application\/ld+json\" class=\"yoast-schema-graph\">{\"@context\":\"https:\\\/\\\/schema.org\",\"@graph\":[{\"@type\":\"WebPage\",\"@id\":\"https:\\\/\\\/trans-pkr.fr\\\/video-envoye-special-france-2-du-1er-octobre-2015-dangers-du-lasik\\\/\",\"url\":\"https:\\\/\\\/trans-pkr.fr\\\/video-envoye-special-france-2-du-1er-octobre-2015-dangers-du-lasik\\\/\",\"name\":\"Vid\u00e9o Envoy\u00e9 Sp\u00e9cial sur France 2 : Les dangers du Lasik\",\"isPartOf\":{\"@id\":\"https:\\\/\\\/trans-pkr.fr\\\/#website\"},\"datePublished\":\"2015-10-22T07:12:29+00:00\",\"dateModified\":\"2024-11-17T00:55:01+00:00\",\"description\":\"Reportage avec cam\u00e9ra cach\u00e9e sur les dangers du lasik: Un patient test se rend dans 5 cliniques r\u00e9put\u00e9es pour tester ce qu\u2019on proposera au patient !\",\"breadcrumb\":{\"@id\":\"https:\\\/\\\/trans-pkr.fr\\\/video-envoye-special-france-2-du-1er-octobre-2015-dangers-du-lasik\\\/#breadcrumb\"},\"inLanguage\":\"en-GB\",\"potentialAction\":[{\"@type\":\"ReadAction\",\"target\":[\"https:\\\/\\\/trans-pkr.fr\\\/video-envoye-special-france-2-du-1er-octobre-2015-dangers-du-lasik\\\/\"]}]},{\"@type\":\"BreadcrumbList\",\"@id\":\"https:\\\/\\\/trans-pkr.fr\\\/video-envoye-special-france-2-du-1er-octobre-2015-dangers-du-lasik\\\/#breadcrumb\",\"itemListElement\":[{\"@type\":\"ListItem\",\"position\":1,\"name\":\"Accueil\",\"item\":\"https:\\\/\\\/trans-pkr.fr\\\/\"},{\"@type\":\"ListItem\",\"position\":2,\"name\":\"Vid\u00e9o Envoy\u00e9 Sp\u00e9cial France 2 du 1er Octobre 2015\"}]},{\"@type\":\"WebSite\",\"@id\":\"https:\\\/\\\/trans-pkr.fr\\\/#website\",\"url\":\"https:\\\/\\\/trans-pkr.fr\\\/\",\"name\":\"Op\u00e9rations des yeux 100% Laser Sans Contact: La Trans PKR\",\"description\":\"\",\"publisher\":{\"@id\":\"https:\\\/\\\/trans-pkr.fr\\\/#organization\"},\"alternateName\":\"Trans PKR - Vision Laser\",\"potentialAction\":[{\"@type\":\"SearchAction\",\"target\":{\"@type\":\"EntryPoint\",\"urlTemplate\":\"https:\\\/\\\/trans-pkr.fr\\\/?s={search_term_string}\"},\"query-input\":{\"@type\":\"PropertyValueSpecification\",\"valueRequired\":true,\"valueName\":\"search_term_string\"}}],\"inLanguage\":\"en-GB\"},{\"@type\":\"Organization\",\"@id\":\"https:\\\/\\\/trans-pkr.fr\\\/#organization\",\"name\":\"Vision Laser\",\"alternateName\":\"Trans PKR\",\"url\":\"https:\\\/\\\/trans-pkr.fr\\\/\",\"logo\":{\"@type\":\"ImageObject\",\"inLanguage\":\"en-GB\",\"@id\":\"https:\\\/\\\/trans-pkr.fr\\\/#\\\/schema\\\/logo\\\/image\\\/\",\"url\":\"https:\\\/\\\/trans-pkr.fr\\\/wp-content\\\/uploads\\\/2024\\\/07\\\/cropped-cropped-IMG-20240719-WA0248.jpg\",\"contentUrl\":\"https:\\\/\\\/trans-pkr.fr\\\/wp-content\\\/uploads\\\/2024\\\/07\\\/cropped-cropped-IMG-20240719-WA0248.jpg\",\"width\":512,\"height\":512,\"caption\":\"Vision Laser\"},\"image\":{\"@id\":\"https:\\\/\\\/trans-pkr.fr\\\/#\\\/schema\\\/logo\\\/image\\\/\"},\"sameAs\":[\"https:\\\/\\\/www.youtube.com\\\/@Centrevisionlaser\",\"https:\\\/\\\/www.instagram.com\\\/centre_vision_laser\\\/\",\"https:\\\/\\\/www.tiktok.com\\\/@centre.vision.las\",\"https:\\\/\\\/wa.me\\\/33759596369\"]}]}<\/script>\n<!-- \/ Yoast SEO plugin. -->","yoast_head_json":{"title":"Vid\u00e9o Envoy\u00e9 Sp\u00e9cial sur France 2 : Les dangers du Lasik","description":"Reportage avec cam\u00e9ra cach\u00e9e sur les dangers du lasik: Un patient test se rend dans 5 cliniques r\u00e9put\u00e9es pour tester ce qu\u2019on proposera au patient !","robots":{"index":"index","follow":"follow","max-snippet":"max-snippet:-1","max-image-preview":"max-image-preview:large","max-video-preview":"max-video-preview:-1"},"canonical":"https:\/\/trans-pkr.fr\/en\/video-envoye-special-france-2-du-1er-octobre-2015-dangers-du-lasik\/","og_locale":"en_GB","og_type":"article","og_title":"Vid\u00e9o Envoy\u00e9 Sp\u00e9cial sur France 2 : Les dangers du Lasik","og_description":"Reportage avec cam\u00e9ra cach\u00e9e sur les dangers du lasik: Un patient test se rend dans 5 cliniques r\u00e9put\u00e9es pour tester ce qu\u2019on proposera au patient !","og_url":"https:\/\/trans-pkr.fr\/en\/video-envoye-special-france-2-du-1er-octobre-2015-dangers-du-lasik\/","og_site_name":"Op\u00e9rations des yeux 100% Laser Sans Contact","article_modified_time":"2024-11-17T00:55:01+00:00","twitter_misc":{"Estimated reading time":"3 minutes"},"schema":{"@context":"https:\/\/schema.org","@graph":[{"@type":"WebPage","@id":"https:\/\/trans-pkr.fr\/video-envoye-special-france-2-du-1er-octobre-2015-dangers-du-lasik\/","url":"https:\/\/trans-pkr.fr\/video-envoye-special-france-2-du-1er-octobre-2015-dangers-du-lasik\/","name":"Vid\u00e9o Envoy\u00e9 Sp\u00e9cial sur France 2 : Les dangers du Lasik","isPartOf":{"@id":"https:\/\/trans-pkr.fr\/#website"},"datePublished":"2015-10-22T07:12:29+00:00","dateModified":"2024-11-17T00:55:01+00:00","description":"Reportage avec cam\u00e9ra cach\u00e9e sur les dangers du lasik: Un patient test se rend dans 5 cliniques r\u00e9put\u00e9es pour tester ce qu\u2019on proposera au patient !","breadcrumb":{"@id":"https:\/\/trans-pkr.fr\/video-envoye-special-france-2-du-1er-octobre-2015-dangers-du-lasik\/#breadcrumb"},"inLanguage":"en-GB","potentialAction":[{"@type":"ReadAction","target":["https:\/\/trans-pkr.fr\/video-envoye-special-france-2-du-1er-octobre-2015-dangers-du-lasik\/"]}]},{"@type":"BreadcrumbList","@id":"https:\/\/trans-pkr.fr\/video-envoye-special-france-2-du-1er-octobre-2015-dangers-du-lasik\/#breadcrumb","itemListElement":[{"@type":"ListItem","position":1,"name":"Accueil","item":"https:\/\/trans-pkr.fr\/"},{"@type":"ListItem","position":2,"name":"Vid\u00e9o Envoy\u00e9 Sp\u00e9cial France 2 du 1er Octobre 2015"}]},{"@type":"WebSite","@id":"https:\/\/trans-pkr.fr\/#website","url":"https:\/\/trans-pkr.fr\/","name":"100% Laser Contactless Eye Operations: Trans PKR","description":"","publisher":{"@id":"https:\/\/trans-pkr.fr\/#organization"},"alternateName":"Trans PKR - Vision Laser","potentialAction":[{"@type":"SearchAction","target":{"@type":"EntryPoint","urlTemplate":"https:\/\/trans-pkr.fr\/?s={search_term_string}"},"query-input":{"@type":"PropertyValueSpecification","valueRequired":true,"valueName":"search_term_string"}}],"inLanguage":"en-GB"},{"@type":"Organization","@id":"https:\/\/trans-pkr.fr\/#organization","name":"Vision Laser","alternateName":"Trans PKR","url":"https:\/\/trans-pkr.fr\/","logo":{"@type":"ImageObject","inLanguage":"en-GB","@id":"https:\/\/trans-pkr.fr\/#\/schema\/logo\/image\/","url":"https:\/\/trans-pkr.fr\/wp-content\/uploads\/2024\/07\/cropped-cropped-IMG-20240719-WA0248.jpg","contentUrl":"https:\/\/trans-pkr.fr\/wp-content\/uploads\/2024\/07\/cropped-cropped-IMG-20240719-WA0248.jpg","width":512,"height":512,"caption":"Vision Laser"},"image":{"@id":"https:\/\/trans-pkr.fr\/#\/schema\/logo\/image\/"},"sameAs":["https:\/\/www.youtube.com\/@Centrevisionlaser","https:\/\/www.instagram.com\/centre_vision_laser\/","https:\/\/www.tiktok.com\/@centre.vision.las","https:\/\/wa.me\/33759596369"]}]}},"jetpack_sharing_enabled":true,"_links":{"self":[{"href":"https:\/\/trans-pkr.fr\/en\/wp-json\/wp\/v2\/pages\/1168","targetHints":{"allow":["GET"]}}],"collection":[{"href":"https:\/\/trans-pkr.fr\/en\/wp-json\/wp\/v2\/pages"}],"about":[{"href":"https:\/\/trans-pkr.fr\/en\/wp-json\/wp\/v2\/types\/page"}],"author":[{"embeddable":true,"href":"https:\/\/trans-pkr.fr\/en\/wp-json\/wp\/v2\/users\/1"}],"replies":[{"embeddable":true,"href":"https:\/\/trans-pkr.fr\/en\/wp-json\/wp\/v2\/comments?post=1168"}],"version-history":[{"count":3,"href":"https:\/\/trans-pkr.fr\/en\/wp-json\/wp\/v2\/pages\/1168\/revisions"}],"predecessor-version":[{"id":2111,"href":"https:\/\/trans-pkr.fr\/en\/wp-json\/wp\/v2\/pages\/1168\/revisions\/2111"}],"wp:attachment":[{"href":"https:\/\/trans-pkr.fr\/en\/wp-json\/wp\/v2\/media?parent=1168"}],"curies":[{"name":"wp","href":"https:\/\/api.w.org\/{rel}","templated":true}]}}