{"id":120,"date":"2014-03-27T23:28:28","date_gmt":"2014-03-27T22:28:28","guid":{"rendered":"http:\/\/trans-pkr.fr\/?page_id=120"},"modified":"2025-06-04T16:50:21","modified_gmt":"2025-06-04T15:50:21","slug":"techniques-sans-decoupes-corneenne","status":"publish","type":"page","link":"https:\/\/trans-pkr.fr\/en\/techniques-sans-decoupes-corneenne\/","title":{"rendered":"Techniques without corneal cutting but with contact"},"content":{"rendered":"<div>Il n\u2019y a pas de d\u00e9coupe corn\u00e9enne ou\u00a0de volet \/ capot corn\u00e9en, c&rsquo;est un laser excimer de surface\u00a0:<br \/>\nToutes ces techniques de surface aboutissent au bout du compte en quelques semaines voire quelques mois au m\u00eame r\u00e9sultat visuel que les techniques avec d\u00e9coupe Lasik ou femtolasik<br \/>\nC\u2019est du reste tout \u00e0 fait compr\u00e9hensible, car dans tous les cas le laser Excimer qui traite le d\u00e9faut visuel est le m\u00eame, seul change la voie d\u2019abord pour l\u2019appliquer : soit en surface soit sous un volet corn\u00e9en.<\/div>\n<h3>PKR<\/h3>\n<p>Premi\u00e8re technique avec laser Excimer utilis\u00e9e dans le monde\u00a0:<br \/>\n<strong>La photok\u00e9ratectomie r\u00e9fractive (PKR) <\/strong>consiste \u00e0 aplatir le centre de la corn\u00e9e chez le myope et la p\u00e9riph\u00e9rie de la corn\u00e9e chez l\u2019hyperm\u00e9trope en appliquant directement le laser Excimer \u00e0 la surface de la corn\u00e9e, sans d\u00e9couper au pr\u00e9alable le volet corn\u00e9en (capot).<br \/>\nOn r\u00e9alise initialement une simple abrasion de la couche superficielle de la corn\u00e9e (l\u2019\u00e9pith\u00e9lium) soit par abrasion m\u00e9canique soit par application d\u2019alcool.<br \/>\nEn fin d\u2019intervention on peut pour les fortes myopies appliquer un collyre \u00e0 base de mitomycine et souvent une lentille de contact pansement pour une dur\u00e9e de 1 \u00e0 4 jours en port permanent.<br \/>\nC&rsquo;est une m\u00e9thode \u00e9prouv\u00e9e aux r\u00e9sultats \u00e0 long terme exactement comparables \u00e0 ceux du lasik au bout de quelques mois.<br \/>\nOn sait aussi que le proc\u00e9d\u00e9 place \u00e0 99,9 % \u00e0 l&rsquo;abri du risque ectasique (d\u00e9formation post op\u00e9ratoire grave de la corn\u00e9e) c\u2019est pourquoi aussi devant la moindre anomalie d\u2019\u00e9paisseur ou de forme de la corn\u00e9e,\u00a0 la PKR ou une autre technique de surface est pr\u00e9f\u00e9r\u00e9e au Lasik.<br \/>\nElle pr\u00e9sente 2 inconv\u00e9nients majeurs\u00a0: une douleur post op\u00e9ratoire de 2 \u00e0 3 jours, et une r\u00e9cup\u00e9ration visuelle plus lente (1 \u00e0 2 semaines) parfois encore compliqu\u00e9e d\u2019un \u00ab\u00a0haze\u00a0\u00bb (brouillard cicatriciel) plus ou moins tenace.<br \/>\n<strong>Inconv\u00e9nients<br \/>\n<\/strong>&#8211; Le confort \u00e0 court terme de la PKR est nettement moins bon que celui du Lasik. Dans les \u00e9tudes comparatives, plus de 90% \u00a0des patients pr\u00e9f\u00e8rent le Lasik \u00e0 la PKR.<br \/>\n&#8211; La douleur induite par la PKR est r\u00e9elle et dure en moyenne 3 jours. Elle n\u00e9cessite un traitement antidouleur ou calmant, dont l\u2019effet n\u2019est cependant le plus souvent que partiel.<br \/>\nChaque individu pr\u00e9sente un seuil personnel de sensibilit\u00e9 et certains supportent assez bien la PKR, d&rsquo;autres non.<br \/>\n<strong>Le d\u00e9lai de r\u00e9cup\u00e9ration de la vision<\/strong> est plus long que pour le Lasik.<br \/>\nLa vision s\u2019am\u00e9liore au cours des premi\u00e8res semaines, mais avec de fluctuations.<br \/>\nL\u2019acuit\u00e9 visuelle commence \u00e0 s&rsquo;\u00e9tablir avec une impression de l\u00e9ger flou, qui se dissipe progressivement durant le premier mois. La reprise d\u2019une activit\u00e9 professionnelle est possible d\u00e8s le 3\u00e8me jour.<br \/>\nLe port de verres teint\u00e9s (lunettes de soleil) est recommand\u00e9 en cas de forte exposition lumineuse.<br \/>\nAu troisi\u00e8me mois la vision sera semblable \u00e0 celle atteignable en Lasik.<br \/>\nLes <strong>complications graves de la PKR sont extr\u00eamement rares<\/strong>. Il s\u2019agit donc d\u2019une <strong>technique tr\u00e8s s\u00fbre.<br \/>\n<\/strong><\/p>\n<p><strong>PKR (PhotoK\u00e9ratectomie R\u00e9fractive)<\/strong> et la <strong>TransPKR (Trans\u00e9pith\u00e9liale PKR)<\/strong> sont deux techniques de chirurgie r\u00e9fractive utilis\u00e9es pour corriger des d\u00e9fauts visuels comme la <strong>myopie<\/strong>, l&rsquo;<strong>astigmatisme<\/strong>, et dans certains cas, l&rsquo;<strong>hyperm\u00e9tropie<\/strong>. Bien que similaires dans leur objectif, elles diff\u00e8rent dans leur approche chirurgicale, leur confort post-op\u00e9ratoire, et leur processus de gu\u00e9rison. Comparons-les pour mieux comprendre leurs avantages respectifs.<\/p>\n<p><strong>LASEK<\/strong><br \/>\nC\u2019est une autre technique de surface dans laquelle l\u2019\u00e9pith\u00e9lium est d\u00e9tach\u00e9 \u00e0 l\u2019alcool et repositionn\u00e9 en fin d\u2019intervention, ce qui peut, de fa\u00e7on inconstante, acc\u00e9l\u00e9rer la cicatrisation. Il est aujourd\u2019hui tr\u00e8s peu pratiqu\u00e9.<\/p>\n<p align=\"left\"><b>De toutes les techniques de surface notre pr\u00e9f\u00e9rence va \u00e0 la Trans-PKR\u00a0 depuis que nous l\u2019avons exp\u00e9riment\u00e9e, qui cumule les avantages de la PKR en minimisant les inconv\u00e9nients.<\/b><\/p>\n<p><script type=\"text\/javascript\">\/\/ <![CDATA[ (function(i,s,o,g,r,a,m){i['GoogleAnalyticsObject']=r;i[r]=i[r]||function(){ (i[r].q=i[r].q||[]).push(arguments)},i[r].l=1*new Date();a=s.createElement(o), m=s.getElementsByTagName(o)[0];a.async=1;a.src=g;m.parentNode.insertBefore(a,m) })(window,document,'script','\/\/www.google-analytics.com\/analytics.js','ga'); ga('create', 'UA-51099997-2', 'auto'); ga('send', 'pageview'); \/\/ ]]><\/script><\/p>\n","protected":false},"excerpt":{"rendered":"<p>Il n\u2019y a pas de d\u00e9coupe corn\u00e9enne ou\u00a0de volet \/ capot corn\u00e9en, c&rsquo;est un laser excimer de surface\u00a0: Toutes ces techniques de surface aboutissent au bout du compte en quelques semaines voire quelques mois au m\u00eame r\u00e9sultat visuel que les techniques avec d\u00e9coupe Lasik ou femtolasik C\u2019est du reste tout \u00e0 fait compr\u00e9hensible, car dans [&hellip;]<\/p>\n","protected":false},"author":1,"featured_media":0,"parent":0,"menu_order":0,"comment_status":"open","ping_status":"open","template":"","meta":{"inline_featured_image":false,"footnotes":""},"class_list":["post-120","page","type-page","status-publish","hentry"],"yoast_head":"<!-- This site is optimized with the Yoast SEO plugin v27.5 - https:\/\/yoast.com\/product\/yoast-seo-wordpress\/ -->\n<title>Techniques sans d\u00e9coupe corn\u00e9enne mais avec contact avec l&#039;\u0153il<\/title>\n<meta name=\"description\" content=\"Explications sur les techniques d&#039;op\u00e9ration de l&#039;\u0153il sans d\u00e9coupe corn\u00e9enne mais moyennant un contact direct sur l&#039;\u0153il : PKR, \u00c9PI-LASIK, LASEK\" \/>\n<meta name=\"robots\" content=\"index, follow, max-snippet:-1, max-image-preview:large, max-video-preview:-1\" \/>\n<link rel=\"canonical\" href=\"https:\/\/trans-pkr.fr\/en\/techniques-sans-decoupes-corneenne\/\" \/>\n<meta property=\"og:locale\" content=\"en_GB\" \/>\n<meta property=\"og:type\" content=\"article\" \/>\n<meta property=\"og:title\" content=\"Techniques sans d\u00e9coupe corn\u00e9enne mais avec contact avec l&#039;\u0153il\" \/>\n<meta property=\"og:description\" content=\"Explications sur les techniques d&#039;op\u00e9ration de l&#039;\u0153il sans d\u00e9coupe corn\u00e9enne mais moyennant un contact direct sur l&#039;\u0153il : PKR, \u00c9PI-LASIK, LASEK\" \/>\n<meta property=\"og:url\" content=\"https:\/\/trans-pkr.fr\/en\/techniques-sans-decoupes-corneenne\/\" \/>\n<meta property=\"og:site_name\" content=\"Op\u00e9rations des yeux 100% Laser Sans Contact\" \/>\n<meta property=\"article:modified_time\" content=\"2025-06-04T15:50:21+00:00\" \/>\n<meta name=\"twitter:label1\" content=\"Estimated reading time\" \/>\n\t<meta name=\"twitter:data1\" content=\"4 minutes\" \/>\n<script type=\"application\/ld+json\" class=\"yoast-schema-graph\">{\"@context\":\"https:\\\/\\\/schema.org\",\"@graph\":[{\"@type\":\"WebPage\",\"@id\":\"https:\\\/\\\/trans-pkr.fr\\\/techniques-sans-decoupes-corneenne\\\/\",\"url\":\"https:\\\/\\\/trans-pkr.fr\\\/techniques-sans-decoupes-corneenne\\\/\",\"name\":\"Techniques sans d\u00e9coupe corn\u00e9enne mais avec contact avec l'\u0153il\",\"isPartOf\":{\"@id\":\"https:\\\/\\\/trans-pkr.fr\\\/#website\"},\"datePublished\":\"2014-03-27T22:28:28+00:00\",\"dateModified\":\"2025-06-04T15:50:21+00:00\",\"description\":\"Explications sur les techniques d'op\u00e9ration de l'\u0153il sans d\u00e9coupe corn\u00e9enne mais moyennant un contact direct sur l'\u0153il : PKR, \u00c9PI-LASIK, LASEK\",\"breadcrumb\":{\"@id\":\"https:\\\/\\\/trans-pkr.fr\\\/techniques-sans-decoupes-corneenne\\\/#breadcrumb\"},\"inLanguage\":\"en-GB\",\"potentialAction\":[{\"@type\":\"ReadAction\",\"target\":[\"https:\\\/\\\/trans-pkr.fr\\\/techniques-sans-decoupes-corneenne\\\/\"]}]},{\"@type\":\"BreadcrumbList\",\"@id\":\"https:\\\/\\\/trans-pkr.fr\\\/techniques-sans-decoupes-corneenne\\\/#breadcrumb\",\"itemListElement\":[{\"@type\":\"ListItem\",\"position\":1,\"name\":\"Accueil\",\"item\":\"https:\\\/\\\/trans-pkr.fr\\\/\"},{\"@type\":\"ListItem\",\"position\":2,\"name\":\"Techniques sans d\u00e9coupe corn\u00e9enne mais avec contact\"}]},{\"@type\":\"WebSite\",\"@id\":\"https:\\\/\\\/trans-pkr.fr\\\/#website\",\"url\":\"https:\\\/\\\/trans-pkr.fr\\\/\",\"name\":\"Op\u00e9rations des yeux 100% Laser Sans Contact: La Trans PKR\",\"description\":\"\",\"publisher\":{\"@id\":\"https:\\\/\\\/trans-pkr.fr\\\/#organization\"},\"alternateName\":\"Trans PKR - Vision Laser\",\"potentialAction\":[{\"@type\":\"SearchAction\",\"target\":{\"@type\":\"EntryPoint\",\"urlTemplate\":\"https:\\\/\\\/trans-pkr.fr\\\/?s={search_term_string}\"},\"query-input\":{\"@type\":\"PropertyValueSpecification\",\"valueRequired\":true,\"valueName\":\"search_term_string\"}}],\"inLanguage\":\"en-GB\"},{\"@type\":\"Organization\",\"@id\":\"https:\\\/\\\/trans-pkr.fr\\\/#organization\",\"name\":\"Vision Laser\",\"alternateName\":\"Trans PKR\",\"url\":\"https:\\\/\\\/trans-pkr.fr\\\/\",\"logo\":{\"@type\":\"ImageObject\",\"inLanguage\":\"en-GB\",\"@id\":\"https:\\\/\\\/trans-pkr.fr\\\/#\\\/schema\\\/logo\\\/image\\\/\",\"url\":\"https:\\\/\\\/trans-pkr.fr\\\/wp-content\\\/uploads\\\/2024\\\/07\\\/cropped-cropped-IMG-20240719-WA0248.jpg\",\"contentUrl\":\"https:\\\/\\\/trans-pkr.fr\\\/wp-content\\\/uploads\\\/2024\\\/07\\\/cropped-cropped-IMG-20240719-WA0248.jpg\",\"width\":512,\"height\":512,\"caption\":\"Vision Laser\"},\"image\":{\"@id\":\"https:\\\/\\\/trans-pkr.fr\\\/#\\\/schema\\\/logo\\\/image\\\/\"},\"sameAs\":[\"https:\\\/\\\/www.youtube.com\\\/@Centrevisionlaser\",\"https:\\\/\\\/www.instagram.com\\\/centre_vision_laser\\\/\",\"https:\\\/\\\/www.tiktok.com\\\/@centre.vision.las\",\"https:\\\/\\\/wa.me\\\/33759596369\"]}]}<\/script>\n<!-- \/ Yoast SEO plugin. -->","yoast_head_json":{"title":"Techniques sans d\u00e9coupe corn\u00e9enne mais avec contact avec l'\u0153il","description":"Explications sur les techniques d'op\u00e9ration de l'\u0153il sans d\u00e9coupe corn\u00e9enne mais moyennant un contact direct sur l'\u0153il : PKR, \u00c9PI-LASIK, LASEK","robots":{"index":"index","follow":"follow","max-snippet":"max-snippet:-1","max-image-preview":"max-image-preview:large","max-video-preview":"max-video-preview:-1"},"canonical":"https:\/\/trans-pkr.fr\/en\/techniques-sans-decoupes-corneenne\/","og_locale":"en_GB","og_type":"article","og_title":"Techniques sans d\u00e9coupe corn\u00e9enne mais avec contact avec l'\u0153il","og_description":"Explications sur les techniques d'op\u00e9ration de l'\u0153il sans d\u00e9coupe corn\u00e9enne mais moyennant un contact direct sur l'\u0153il : PKR, \u00c9PI-LASIK, LASEK","og_url":"https:\/\/trans-pkr.fr\/en\/techniques-sans-decoupes-corneenne\/","og_site_name":"Op\u00e9rations des yeux 100% Laser Sans Contact","article_modified_time":"2025-06-04T15:50:21+00:00","twitter_misc":{"Estimated reading time":"4 minutes"},"schema":{"@context":"https:\/\/schema.org","@graph":[{"@type":"WebPage","@id":"https:\/\/trans-pkr.fr\/techniques-sans-decoupes-corneenne\/","url":"https:\/\/trans-pkr.fr\/techniques-sans-decoupes-corneenne\/","name":"Techniques sans d\u00e9coupe corn\u00e9enne mais avec contact avec l'\u0153il","isPartOf":{"@id":"https:\/\/trans-pkr.fr\/#website"},"datePublished":"2014-03-27T22:28:28+00:00","dateModified":"2025-06-04T15:50:21+00:00","description":"Explications sur les techniques d'op\u00e9ration de l'\u0153il sans d\u00e9coupe corn\u00e9enne mais moyennant un contact direct sur l'\u0153il : PKR, \u00c9PI-LASIK, LASEK","breadcrumb":{"@id":"https:\/\/trans-pkr.fr\/techniques-sans-decoupes-corneenne\/#breadcrumb"},"inLanguage":"en-GB","potentialAction":[{"@type":"ReadAction","target":["https:\/\/trans-pkr.fr\/techniques-sans-decoupes-corneenne\/"]}]},{"@type":"BreadcrumbList","@id":"https:\/\/trans-pkr.fr\/techniques-sans-decoupes-corneenne\/#breadcrumb","itemListElement":[{"@type":"ListItem","position":1,"name":"Accueil","item":"https:\/\/trans-pkr.fr\/"},{"@type":"ListItem","position":2,"name":"Techniques sans d\u00e9coupe corn\u00e9enne mais avec contact"}]},{"@type":"WebSite","@id":"https:\/\/trans-pkr.fr\/#website","url":"https:\/\/trans-pkr.fr\/","name":"100% Laser Contactless Eye Operations: Trans PKR","description":"","publisher":{"@id":"https:\/\/trans-pkr.fr\/#organization"},"alternateName":"Trans PKR - Vision Laser","potentialAction":[{"@type":"SearchAction","target":{"@type":"EntryPoint","urlTemplate":"https:\/\/trans-pkr.fr\/?s={search_term_string}"},"query-input":{"@type":"PropertyValueSpecification","valueRequired":true,"valueName":"search_term_string"}}],"inLanguage":"en-GB"},{"@type":"Organization","@id":"https:\/\/trans-pkr.fr\/#organization","name":"Vision Laser","alternateName":"Trans PKR","url":"https:\/\/trans-pkr.fr\/","logo":{"@type":"ImageObject","inLanguage":"en-GB","@id":"https:\/\/trans-pkr.fr\/#\/schema\/logo\/image\/","url":"https:\/\/trans-pkr.fr\/wp-content\/uploads\/2024\/07\/cropped-cropped-IMG-20240719-WA0248.jpg","contentUrl":"https:\/\/trans-pkr.fr\/wp-content\/uploads\/2024\/07\/cropped-cropped-IMG-20240719-WA0248.jpg","width":512,"height":512,"caption":"Vision Laser"},"image":{"@id":"https:\/\/trans-pkr.fr\/#\/schema\/logo\/image\/"},"sameAs":["https:\/\/www.youtube.com\/@Centrevisionlaser","https:\/\/www.instagram.com\/centre_vision_laser\/","https:\/\/www.tiktok.com\/@centre.vision.las","https:\/\/wa.me\/33759596369"]}]}},"jetpack_sharing_enabled":true,"_links":{"self":[{"href":"https:\/\/trans-pkr.fr\/en\/wp-json\/wp\/v2\/pages\/120","targetHints":{"allow":["GET"]}}],"collection":[{"href":"https:\/\/trans-pkr.fr\/en\/wp-json\/wp\/v2\/pages"}],"about":[{"href":"https:\/\/trans-pkr.fr\/en\/wp-json\/wp\/v2\/types\/page"}],"author":[{"embeddable":true,"href":"https:\/\/trans-pkr.fr\/en\/wp-json\/wp\/v2\/users\/1"}],"replies":[{"embeddable":true,"href":"https:\/\/trans-pkr.fr\/en\/wp-json\/wp\/v2\/comments?post=120"}],"version-history":[{"count":3,"href":"https:\/\/trans-pkr.fr\/en\/wp-json\/wp\/v2\/pages\/120\/revisions"}],"predecessor-version":[{"id":4042,"href":"https:\/\/trans-pkr.fr\/en\/wp-json\/wp\/v2\/pages\/120\/revisions\/4042"}],"wp:attachment":[{"href":"https:\/\/trans-pkr.fr\/en\/wp-json\/wp\/v2\/media?parent=120"}],"curies":[{"name":"wp","href":"https:\/\/api.w.org\/{rel}","templated":true}]}}