{"id":122,"date":"2014-03-27T23:29:11","date_gmt":"2014-03-27T22:29:11","guid":{"rendered":"http:\/\/trans-pkr.fr\/?page_id=122"},"modified":"2025-06-04T16:16:43","modified_gmt":"2025-06-04T15:16:43","slug":"techniques-avec-decoupes-corneenne","status":"publish","type":"page","link":"https:\/\/trans-pkr.fr\/en\/techniques-avec-decoupes-corneenne\/","title":{"rendered":"Techniques with Corneal Cutting"},"content":{"rendered":"<p>Paradoxically, the techniques that involve cutting (also referred to as a flap or corneal flap) are indeed more delicate to perform and can be anxiety-inducing for the patient. However, they are less painful in the aftermath and provide a quicker recovery than surface techniques without a corneal flap.<\/p>\n\n\n\n<p class=\"translation-block\"><b>1- Classic Lasik with a microkeratome: a sort of small microsurgical plane<br><\/b>At the Vision Laser Center we do not use this equipment, which carries more risk than femtosecond laser treatment.<\/p>\n\n\n\n<p class=\"translation-block\"><b>2- <\/b><b>Lasik with Femtosecond Laser<br><\/b>Appeared in the early 2000s: the corneal flap is performed with a femtosecond laser and not with a blade.<br>The procedure is sometimes called 100% laser because it uses 2 lasers but this does not mean that it is contactless: there is necessarily and whatever the femtosecond used a direct intervention phase on the operated eye.<br>Many brands of femtosecond laser exist which are used in different clinics. We use the Chrystal Line laser from ZIEMER, a laser made in Switzerland renowned for its extreme precision.<\/p>\n\n\n\n<p>We will say that the principle of these different femtosecond lasers is comparable, each Center and each surgeon keeping, according to their habits, their preference for this or that laser without this changing much in terms of results.<\/p>\n\n\n\n<p class=\"translation-block\"><b>3- Let us also mention, apart from lenticular extraction, the ReLex technique<br><\/b>The Relex or Smile allow LASIK to be performed using only one laser for both steps. <em>The method is <\/em><strong>mono-laser<\/strong><b> <\/b><strong>but not all-laser.<br><\/strong>The laser cuts a lens of corneal stroma which is removed <strong>with forceps<\/strong> instead of being volatilized by the Excimer laser.<br>The method is dependent on the quality of the surgeon because it involves a manual act of extracting this lenticule which requires good surgical skill, this phase not existing in Excimer LASIK. There are many cases described in the literature where the lenticule tears during manual extraction, which sometimes makes complete extraction impossible with post-operative adverse effects (residual defect, photosensitivity, etc.)<br><em>The indications and results are similar to Lasik with Excimer laser.<\/em> This system does not change the contraindications to Lasik.<br><em>On the other hand, Smile does not allow personalized treatments, nor treatment for hyperopia.<br><\/em>This technique also poses the problem of touch-ups not yet resolved by the manufacturer. Indeed, touch-ups, if they prove necessary, are done with an Excimer laser in PKR, which is somewhat regrettable and contradictory.<br>For our part (and for most specialized surgeons in the world) we have not yet been convinced of the benefits of this technology given its current drawbacks, and we do not use it.<\/p>","protected":false},"excerpt":{"rendered":"<p>Paradoxalement les techniques avec d\u00e9coupe (encore appel\u00e9e capot ou volet corn\u00e9en) sont certes plus d\u00e9licates \u00e0 r\u00e9aliser et anxiog\u00e8nes pour le patient, mais en revanche elles sont moins douloureuses dans les suites et procurent une r\u00e9cup\u00e9ration plus rapide que les techniques de surface sans volet corn\u00e9en. 1- Le Lasik classique au micro k\u00e9ratome&nbsp;: sorte de [&hellip;]<\/p>\n","protected":false},"author":1,"featured_media":0,"parent":0,"menu_order":0,"comment_status":"open","ping_status":"open","template":"","meta":{"inline_featured_image":false,"footnotes":""},"class_list":["post-122","page","type-page","status-publish","hentry"],"yoast_head":"<!-- This site is optimized with the Yoast SEO plugin v27.5 - https:\/\/yoast.com\/product\/yoast-seo-wordpress\/ -->\n<title>Techniques avec volet corn\u00e9en: lasik classique et laser femtoseconde<\/title>\n<meta name=\"description\" content=\"Les techniques avec d\u00e9coupe ont des suites moins douloureuses et procurent une r\u00e9cup\u00e9ration visuelle plus rapide que les techniques de surface sans volet corn\u00e9en.\" \/>\n<meta name=\"robots\" content=\"index, follow, max-snippet:-1, max-image-preview:large, max-video-preview:-1\" \/>\n<link rel=\"canonical\" href=\"https:\/\/trans-pkr.fr\/en\/techniques-avec-decoupes-corneenne\/\" \/>\n<meta property=\"og:locale\" content=\"en_GB\" \/>\n<meta property=\"og:type\" content=\"article\" \/>\n<meta property=\"og:title\" content=\"Techniques avec volet corn\u00e9en: lasik classique et laser femtoseconde\" \/>\n<meta property=\"og:description\" content=\"Les techniques avec d\u00e9coupe ont des suites moins douloureuses et procurent une r\u00e9cup\u00e9ration visuelle plus rapide que les techniques de surface sans volet corn\u00e9en.\" \/>\n<meta property=\"og:url\" content=\"https:\/\/trans-pkr.fr\/en\/techniques-avec-decoupes-corneenne\/\" \/>\n<meta property=\"og:site_name\" content=\"Op\u00e9rations des yeux 100% Laser Sans Contact\" \/>\n<meta property=\"article:modified_time\" content=\"2025-06-04T15:16:43+00:00\" \/>\n<meta name=\"twitter:label1\" content=\"Estimated reading time\" \/>\n\t<meta name=\"twitter:data1\" content=\"3 minutes\" \/>\n<script type=\"application\/ld+json\" class=\"yoast-schema-graph\">{\"@context\":\"https:\\\/\\\/schema.org\",\"@graph\":[{\"@type\":\"WebPage\",\"@id\":\"https:\\\/\\\/trans-pkr.fr\\\/techniques-avec-decoupes-corneenne\\\/\",\"url\":\"https:\\\/\\\/trans-pkr.fr\\\/techniques-avec-decoupes-corneenne\\\/\",\"name\":\"Techniques avec volet corn\u00e9en: lasik classique et laser femtoseconde\",\"isPartOf\":{\"@id\":\"https:\\\/\\\/trans-pkr.fr\\\/#website\"},\"datePublished\":\"2014-03-27T22:29:11+00:00\",\"dateModified\":\"2025-06-04T15:16:43+00:00\",\"description\":\"Les techniques avec d\u00e9coupe ont des suites moins douloureuses et procurent une r\u00e9cup\u00e9ration visuelle plus rapide que les techniques de surface sans volet corn\u00e9en.\",\"breadcrumb\":{\"@id\":\"https:\\\/\\\/trans-pkr.fr\\\/techniques-avec-decoupes-corneenne\\\/#breadcrumb\"},\"inLanguage\":\"en-GB\",\"potentialAction\":[{\"@type\":\"ReadAction\",\"target\":[\"https:\\\/\\\/trans-pkr.fr\\\/techniques-avec-decoupes-corneenne\\\/\"]}]},{\"@type\":\"BreadcrumbList\",\"@id\":\"https:\\\/\\\/trans-pkr.fr\\\/techniques-avec-decoupes-corneenne\\\/#breadcrumb\",\"itemListElement\":[{\"@type\":\"ListItem\",\"position\":1,\"name\":\"Accueil\",\"item\":\"https:\\\/\\\/trans-pkr.fr\\\/\"},{\"@type\":\"ListItem\",\"position\":2,\"name\":\"Techniques avec d\u00e9coupe corn\u00e9enne\"}]},{\"@type\":\"WebSite\",\"@id\":\"https:\\\/\\\/trans-pkr.fr\\\/#website\",\"url\":\"https:\\\/\\\/trans-pkr.fr\\\/\",\"name\":\"Op\u00e9rations des yeux 100% Laser Sans Contact: La Trans PKR\",\"description\":\"\",\"publisher\":{\"@id\":\"https:\\\/\\\/trans-pkr.fr\\\/#organization\"},\"alternateName\":\"Trans PKR - Vision Laser\",\"potentialAction\":[{\"@type\":\"SearchAction\",\"target\":{\"@type\":\"EntryPoint\",\"urlTemplate\":\"https:\\\/\\\/trans-pkr.fr\\\/?s={search_term_string}\"},\"query-input\":{\"@type\":\"PropertyValueSpecification\",\"valueRequired\":true,\"valueName\":\"search_term_string\"}}],\"inLanguage\":\"en-GB\"},{\"@type\":\"Organization\",\"@id\":\"https:\\\/\\\/trans-pkr.fr\\\/#organization\",\"name\":\"Vision Laser\",\"alternateName\":\"Trans PKR\",\"url\":\"https:\\\/\\\/trans-pkr.fr\\\/\",\"logo\":{\"@type\":\"ImageObject\",\"inLanguage\":\"en-GB\",\"@id\":\"https:\\\/\\\/trans-pkr.fr\\\/#\\\/schema\\\/logo\\\/image\\\/\",\"url\":\"https:\\\/\\\/trans-pkr.fr\\\/wp-content\\\/uploads\\\/2024\\\/07\\\/cropped-cropped-IMG-20240719-WA0248.jpg\",\"contentUrl\":\"https:\\\/\\\/trans-pkr.fr\\\/wp-content\\\/uploads\\\/2024\\\/07\\\/cropped-cropped-IMG-20240719-WA0248.jpg\",\"width\":512,\"height\":512,\"caption\":\"Vision Laser\"},\"image\":{\"@id\":\"https:\\\/\\\/trans-pkr.fr\\\/#\\\/schema\\\/logo\\\/image\\\/\"},\"sameAs\":[\"https:\\\/\\\/www.youtube.com\\\/@Centrevisionlaser\",\"https:\\\/\\\/www.instagram.com\\\/centre_vision_laser\\\/\",\"https:\\\/\\\/www.tiktok.com\\\/@centre.vision.las\",\"https:\\\/\\\/wa.me\\\/33759596369\"]}]}<\/script>\n<!-- \/ Yoast SEO plugin. -->","yoast_head_json":{"title":"Techniques avec volet corn\u00e9en: lasik classique et laser femtoseconde","description":"Les techniques avec d\u00e9coupe ont des suites moins douloureuses et procurent une r\u00e9cup\u00e9ration visuelle plus rapide que les techniques de surface sans volet corn\u00e9en.","robots":{"index":"index","follow":"follow","max-snippet":"max-snippet:-1","max-image-preview":"max-image-preview:large","max-video-preview":"max-video-preview:-1"},"canonical":"https:\/\/trans-pkr.fr\/en\/techniques-avec-decoupes-corneenne\/","og_locale":"en_GB","og_type":"article","og_title":"Techniques avec volet corn\u00e9en: lasik classique et laser femtoseconde","og_description":"Les techniques avec d\u00e9coupe ont des suites moins douloureuses et procurent une r\u00e9cup\u00e9ration visuelle plus rapide que les techniques de surface sans volet corn\u00e9en.","og_url":"https:\/\/trans-pkr.fr\/en\/techniques-avec-decoupes-corneenne\/","og_site_name":"Op\u00e9rations des yeux 100% Laser Sans Contact","article_modified_time":"2025-06-04T15:16:43+00:00","twitter_misc":{"Estimated reading time":"3 minutes"},"schema":{"@context":"https:\/\/schema.org","@graph":[{"@type":"WebPage","@id":"https:\/\/trans-pkr.fr\/techniques-avec-decoupes-corneenne\/","url":"https:\/\/trans-pkr.fr\/techniques-avec-decoupes-corneenne\/","name":"Techniques avec volet corn\u00e9en: lasik classique et laser femtoseconde","isPartOf":{"@id":"https:\/\/trans-pkr.fr\/#website"},"datePublished":"2014-03-27T22:29:11+00:00","dateModified":"2025-06-04T15:16:43+00:00","description":"Les techniques avec d\u00e9coupe ont des suites moins douloureuses et procurent une r\u00e9cup\u00e9ration visuelle plus rapide que les techniques de surface sans volet corn\u00e9en.","breadcrumb":{"@id":"https:\/\/trans-pkr.fr\/techniques-avec-decoupes-corneenne\/#breadcrumb"},"inLanguage":"en-GB","potentialAction":[{"@type":"ReadAction","target":["https:\/\/trans-pkr.fr\/techniques-avec-decoupes-corneenne\/"]}]},{"@type":"BreadcrumbList","@id":"https:\/\/trans-pkr.fr\/techniques-avec-decoupes-corneenne\/#breadcrumb","itemListElement":[{"@type":"ListItem","position":1,"name":"Accueil","item":"https:\/\/trans-pkr.fr\/"},{"@type":"ListItem","position":2,"name":"Techniques avec d\u00e9coupe corn\u00e9enne"}]},{"@type":"WebSite","@id":"https:\/\/trans-pkr.fr\/#website","url":"https:\/\/trans-pkr.fr\/","name":"100% Laser Contactless Eye Operations: Trans PKR","description":"","publisher":{"@id":"https:\/\/trans-pkr.fr\/#organization"},"alternateName":"Trans PKR - Vision Laser","potentialAction":[{"@type":"SearchAction","target":{"@type":"EntryPoint","urlTemplate":"https:\/\/trans-pkr.fr\/?s={search_term_string}"},"query-input":{"@type":"PropertyValueSpecification","valueRequired":true,"valueName":"search_term_string"}}],"inLanguage":"en-GB"},{"@type":"Organization","@id":"https:\/\/trans-pkr.fr\/#organization","name":"Vision Laser","alternateName":"Trans PKR","url":"https:\/\/trans-pkr.fr\/","logo":{"@type":"ImageObject","inLanguage":"en-GB","@id":"https:\/\/trans-pkr.fr\/#\/schema\/logo\/image\/","url":"https:\/\/trans-pkr.fr\/wp-content\/uploads\/2024\/07\/cropped-cropped-IMG-20240719-WA0248.jpg","contentUrl":"https:\/\/trans-pkr.fr\/wp-content\/uploads\/2024\/07\/cropped-cropped-IMG-20240719-WA0248.jpg","width":512,"height":512,"caption":"Vision Laser"},"image":{"@id":"https:\/\/trans-pkr.fr\/#\/schema\/logo\/image\/"},"sameAs":["https:\/\/www.youtube.com\/@Centrevisionlaser","https:\/\/www.instagram.com\/centre_vision_laser\/","https:\/\/www.tiktok.com\/@centre.vision.las","https:\/\/wa.me\/33759596369"]}]}},"jetpack_sharing_enabled":true,"_links":{"self":[{"href":"https:\/\/trans-pkr.fr\/en\/wp-json\/wp\/v2\/pages\/122","targetHints":{"allow":["GET"]}}],"collection":[{"href":"https:\/\/trans-pkr.fr\/en\/wp-json\/wp\/v2\/pages"}],"about":[{"href":"https:\/\/trans-pkr.fr\/en\/wp-json\/wp\/v2\/types\/page"}],"author":[{"embeddable":true,"href":"https:\/\/trans-pkr.fr\/en\/wp-json\/wp\/v2\/users\/1"}],"replies":[{"embeddable":true,"href":"https:\/\/trans-pkr.fr\/en\/wp-json\/wp\/v2\/comments?post=122"}],"version-history":[{"count":2,"href":"https:\/\/trans-pkr.fr\/en\/wp-json\/wp\/v2\/pages\/122\/revisions"}],"predecessor-version":[{"id":4040,"href":"https:\/\/trans-pkr.fr\/en\/wp-json\/wp\/v2\/pages\/122\/revisions\/4040"}],"wp:attachment":[{"href":"https:\/\/trans-pkr.fr\/en\/wp-json\/wp\/v2\/media?parent=122"}],"curies":[{"name":"wp","href":"https:\/\/api.w.org\/{rel}","templated":true}]}}