{"id":1330,"date":"2016-04-27T11:09:19","date_gmt":"2016-04-27T10:09:19","guid":{"rendered":"http:\/\/trans-pkr.fr\/?page_id=1330"},"modified":"2022-06-15T10:29:47","modified_gmt":"2022-06-15T09:29:47","slug":"operation-laser-myopie-sans-contact","status":"publish","type":"page","link":"https:\/\/trans-pkr.fr\/en\/operation-laser-myopie-sans-contact\/","title":{"rendered":"Op\u00e9ration laser myopie sans contact"},"content":{"rendered":"<p>Bienvenue au Centre Ophtalmologique Paris Ouest sp\u00e9cialis\u00e9 dans les op\u00e9rations au laser pour la correction de la <strong>myopie, astigmatisme, hyperm\u00e9tropie et presbytie<\/strong> et \u00e9quip\u00e9 des<strong> lasers les plus performants au monde<\/strong>.<\/p>\n<p>Le Docteur Marc Chemla r\u00e9alise depuis pr\u00e8s de 20 ans\u00a0les op\u00e9rations les plus pratiqu\u00e9es en chirurgie r\u00e9fractive:<br \/>\n<strong>Lasik,\u00a0Laser femto-seconde, PKR.<\/strong><br \/>\nIl propose maintenant une technique extr\u00eamement int\u00e9ressante, la <strong>Trans-PKR, la seule intervention r\u00e9ellement 100% laser et sans aucun contact avec l\u2019\u0153il du patient<\/strong>. La Trans-PKR reprend le principe de la PKR dont elle est une am\u00e9lioration r\u00e9ellement performante, tout en minimisant les inconv\u00e9nients de la PKR. C&rsquo;est une technique efficace, performante et reconnue pour la correction de la myopie et des autres d\u00e9fauts visuels sans aucun contact avec l\u2019\u0153il et sans aucune d\u00e9coupe de la corn\u00e9e, permettant ainsi une s\u00e9curit\u00e9 maximale.<\/p>\n<p style=\"text-align: left;\"><img decoding=\"async\" class=\" alignleft\" src=\"http:\/\/ophtalmo-paris-ouest.fr\/wp-content\/uploads\/2015\/06\/point-2013-rvg-e1442391787284.jpg\" alt=\"Palmar\u00e8s Le Point 2013 des meilleures cliniques de France pour la chirurgie de la myopie\" \/><img decoding=\"async\" class=\" alignleft\" src=\"http:\/\/ophtalmo-paris-ouest.fr\/wp-content\/uploads\/2015\/06\/classement-le-point-2014-rvg-e1442391806926.jpg\" alt=\"Palmar\u00e8s Le Point 2014 des meilleures cliniques de France pour la chirurgie de la myopie\" \/><img decoding=\"async\" class=\" alignleft\" src=\"http:\/\/ophtalmo-paris-ouest.fr\/wp-content\/uploads\/2015\/06\/couverture-le-point-2015-n-2441-e1442391837574.jpg\" alt=\"Palmar\u00e8s Le Point 2015 des meilleures cliniques de France pour la chirurgie de la myopie\" \/><\/p>\n<p style=\"text-align: left;\">Le Centre Ophtalmologique Paris Ouest est la seule clinique de la r\u00e9gion parisienne class\u00e9e dans le\u00a0journal Le Point (en 2013, 2014 et 2015) aux Palmar\u00e8s des meilleures cliniques fran\u00e7aises pour la chirurgie de la myopie avec la note de\u00a018,52 sur 20.<\/p>\n<div id=\"watch-headline-title\"><\/div>\n<p>Pour prendre RDV ou pour tout renseignement suppl\u00e9mentaire, veuillez remplir le formulaire de contact ci-dessous. Nous vous recontacterons dans les plus brefs d\u00e9lais.<\/p>\n<p>[wpforms id=\u00a0\u00bb1933&Prime; title=\u00a0\u00bbfalse\u00a0\u00bb]<\/p>\n<p>Pour visiter le reste de notre site,<a href=\"http:\/\/trans-pkr.fr\" target=\"_blank\" rel=\"noopener\"> retournez sur la page d&rsquo;accueil<\/a>.<\/p>\n","protected":false},"excerpt":{"rendered":"<p>Bienvenue au Centre Ophtalmologique Paris Ouest sp\u00e9cialis\u00e9 dans les op\u00e9rations au laser pour la correction de la myopie, astigmatisme, hyperm\u00e9tropie et presbytie et \u00e9quip\u00e9 des lasers les plus performants au monde. Le Docteur Marc Chemla r\u00e9alise depuis pr\u00e8s de 20 ans\u00a0les op\u00e9rations les plus pratiqu\u00e9es en chirurgie r\u00e9fractive: Lasik,\u00a0Laser femto-seconde, PKR. Il propose maintenant une [&hellip;]<\/p>\n","protected":false},"author":1,"featured_media":0,"parent":0,"menu_order":0,"comment_status":"open","ping_status":"open","template":"","meta":{"inline_featured_image":false,"footnotes":""},"class_list":["post-1330","page","type-page","status-publish","hentry"],"yoast_head":"<!-- This site is optimized with the Yoast SEO plugin v27.2 - https:\/\/yoast.com\/product\/yoast-seo-wordpress\/ -->\n<title>Op\u00e9ration de la myopie, technique 100% laser sans contact avec les yeux<\/title>\n<meta name=\"description\" content=\"La Trans-PKR est la seule intervention 100% laser et sans aucun contact avec l\u2019\u0153il du patient. C&#039;est une am\u00e9lioration de la PKR r\u00e9ellement performante et s\u00e9curitaire. Rapidit\u00e9, confort et efficacit\u00e9 de la Trans-PKR au Centre Ophtalmologique Paris Ouest \u00e0 La Garenne Colombes (92- Hauts de Seine - FRANCE)\" \/>\n<meta name=\"robots\" content=\"index, follow, max-snippet:-1, max-image-preview:large, max-video-preview:-1\" \/>\n<link rel=\"canonical\" href=\"https:\/\/trans-pkr.fr\/en\/operation-laser-myopie-sans-contact\/\" \/>\n<meta property=\"og:locale\" content=\"en_GB\" \/>\n<meta property=\"og:type\" content=\"article\" \/>\n<meta property=\"og:title\" content=\"Op\u00e9ration de la myopie, technique 100% laser sans contact avec les yeux\" \/>\n<meta property=\"og:description\" content=\"La Trans-PKR est la seule intervention 100% laser et sans aucun contact avec l\u2019\u0153il du patient. C&#039;est une am\u00e9lioration de la PKR r\u00e9ellement performante et s\u00e9curitaire. Rapidit\u00e9, confort et efficacit\u00e9 de la Trans-PKR au Centre Ophtalmologique Paris Ouest \u00e0 La Garenne Colombes (92- Hauts de Seine - FRANCE)\" \/>\n<meta property=\"og:url\" content=\"https:\/\/trans-pkr.fr\/en\/operation-laser-myopie-sans-contact\/\" \/>\n<meta property=\"og:site_name\" content=\"Op\u00e9rations des yeux 100% Laser Sans Contact\" \/>\n<meta property=\"article:modified_time\" content=\"2022-06-15T09:29:47+00:00\" \/>\n<meta property=\"og:image\" content=\"http:\/\/ophtalmo-paris-ouest.fr\/wp-content\/uploads\/2015\/06\/point-2013-rvg-e1442391787284.jpg\" \/>\n<meta name=\"twitter:label1\" content=\"Estimated reading time\" \/>\n\t<meta name=\"twitter:data1\" content=\"1 minute\" \/>\n<script type=\"application\/ld+json\" class=\"yoast-schema-graph\">{\"@context\":\"https:\/\/schema.org\",\"@graph\":[{\"@type\":\"WebPage\",\"@id\":\"https:\/\/trans-pkr.fr\/operation-laser-myopie-sans-contact\/\",\"url\":\"https:\/\/trans-pkr.fr\/operation-laser-myopie-sans-contact\/\",\"name\":\"Op\u00e9ration de la myopie, technique 100% laser sans contact avec les yeux\",\"isPartOf\":{\"@id\":\"https:\/\/trans-pkr.fr\/#website\"},\"primaryImageOfPage\":{\"@id\":\"https:\/\/trans-pkr.fr\/operation-laser-myopie-sans-contact\/#primaryimage\"},\"image\":{\"@id\":\"https:\/\/trans-pkr.fr\/operation-laser-myopie-sans-contact\/#primaryimage\"},\"thumbnailUrl\":\"http:\/\/ophtalmo-paris-ouest.fr\/wp-content\/uploads\/2015\/06\/point-2013-rvg-e1442391787284.jpg\",\"datePublished\":\"2016-04-27T10:09:19+00:00\",\"dateModified\":\"2022-06-15T09:29:47+00:00\",\"description\":\"La Trans-PKR est la seule intervention 100% laser et sans aucun contact avec l\u2019\u0153il du patient. C'est une am\u00e9lioration de la PKR r\u00e9ellement performante et s\u00e9curitaire. Rapidit\u00e9, confort et efficacit\u00e9 de la Trans-PKR au Centre Ophtalmologique Paris Ouest \u00e0 La Garenne Colombes (92- Hauts de Seine - FRANCE)\",\"breadcrumb\":{\"@id\":\"https:\/\/trans-pkr.fr\/operation-laser-myopie-sans-contact\/#breadcrumb\"},\"inLanguage\":\"en-GB\",\"potentialAction\":[{\"@type\":\"ReadAction\",\"target\":[\"https:\/\/trans-pkr.fr\/operation-laser-myopie-sans-contact\/\"]}]},{\"@type\":\"ImageObject\",\"inLanguage\":\"en-GB\",\"@id\":\"https:\/\/trans-pkr.fr\/operation-laser-myopie-sans-contact\/#primaryimage\",\"url\":\"http:\/\/ophtalmo-paris-ouest.fr\/wp-content\/uploads\/2015\/06\/point-2013-rvg-e1442391787284.jpg\",\"contentUrl\":\"http:\/\/ophtalmo-paris-ouest.fr\/wp-content\/uploads\/2015\/06\/point-2013-rvg-e1442391787284.jpg\"},{\"@type\":\"BreadcrumbList\",\"@id\":\"https:\/\/trans-pkr.fr\/operation-laser-myopie-sans-contact\/#breadcrumb\",\"itemListElement\":[{\"@type\":\"ListItem\",\"position\":1,\"name\":\"Accueil\",\"item\":\"https:\/\/trans-pkr.fr\/\"},{\"@type\":\"ListItem\",\"position\":2,\"name\":\"Op\u00e9ration laser myopie sans contact\"}]},{\"@type\":\"WebSite\",\"@id\":\"https:\/\/trans-pkr.fr\/#website\",\"url\":\"https:\/\/trans-pkr.fr\/\",\"name\":\"Op\u00e9rations des yeux 100% Laser Sans Contact: La Trans PKR\",\"description\":\"\",\"publisher\":{\"@id\":\"https:\/\/trans-pkr.fr\/#organization\"},\"alternateName\":\"Trans PKR - Vision Laser\",\"potentialAction\":[{\"@type\":\"SearchAction\",\"target\":{\"@type\":\"EntryPoint\",\"urlTemplate\":\"https:\/\/trans-pkr.fr\/?s={search_term_string}\"},\"query-input\":{\"@type\":\"PropertyValueSpecification\",\"valueRequired\":true,\"valueName\":\"search_term_string\"}}],\"inLanguage\":\"en-GB\"},{\"@type\":\"Organization\",\"@id\":\"https:\/\/trans-pkr.fr\/#organization\",\"name\":\"Vision Laser\",\"alternateName\":\"Trans PKR\",\"url\":\"https:\/\/trans-pkr.fr\/\",\"logo\":{\"@type\":\"ImageObject\",\"inLanguage\":\"en-GB\",\"@id\":\"https:\/\/trans-pkr.fr\/#\/schema\/logo\/image\/\",\"url\":\"https:\/\/trans-pkr.fr\/wp-content\/uploads\/2024\/07\/cropped-cropped-IMG-20240719-WA0248.jpg\",\"contentUrl\":\"https:\/\/trans-pkr.fr\/wp-content\/uploads\/2024\/07\/cropped-cropped-IMG-20240719-WA0248.jpg\",\"width\":512,\"height\":512,\"caption\":\"Vision Laser\"},\"image\":{\"@id\":\"https:\/\/trans-pkr.fr\/#\/schema\/logo\/image\/\"},\"sameAs\":[\"https:\/\/www.youtube.com\/@Centrevisionlaser\",\"https:\/\/www.instagram.com\/centre_vision_laser\/\",\"https:\/\/www.tiktok.com\/@centre.vision.las\",\"https:\/\/wa.me\/33759596369\"]}]}<\/script>\n<!-- \/ Yoast SEO plugin. -->","yoast_head_json":{"title":"Op\u00e9ration de la myopie, technique 100% laser sans contact avec les yeux","description":"La Trans-PKR est la seule intervention 100% laser et sans aucun contact avec l\u2019\u0153il du patient. C'est une am\u00e9lioration de la PKR r\u00e9ellement performante et s\u00e9curitaire. Rapidit\u00e9, confort et efficacit\u00e9 de la Trans-PKR au Centre Ophtalmologique Paris Ouest \u00e0 La Garenne Colombes (92- Hauts de Seine - FRANCE)","robots":{"index":"index","follow":"follow","max-snippet":"max-snippet:-1","max-image-preview":"max-image-preview:large","max-video-preview":"max-video-preview:-1"},"canonical":"https:\/\/trans-pkr.fr\/en\/operation-laser-myopie-sans-contact\/","og_locale":"en_GB","og_type":"article","og_title":"Op\u00e9ration de la myopie, technique 100% laser sans contact avec les yeux","og_description":"La Trans-PKR est la seule intervention 100% laser et sans aucun contact avec l\u2019\u0153il du patient. C'est une am\u00e9lioration de la PKR r\u00e9ellement performante et s\u00e9curitaire. Rapidit\u00e9, confort et efficacit\u00e9 de la Trans-PKR au Centre Ophtalmologique Paris Ouest \u00e0 La Garenne Colombes (92- Hauts de Seine - FRANCE)","og_url":"https:\/\/trans-pkr.fr\/en\/operation-laser-myopie-sans-contact\/","og_site_name":"Op\u00e9rations des yeux 100% Laser Sans Contact","article_modified_time":"2022-06-15T09:29:47+00:00","og_image":[{"url":"http:\/\/ophtalmo-paris-ouest.fr\/wp-content\/uploads\/2015\/06\/point-2013-rvg-e1442391787284.jpg","type":"","width":"","height":""}],"twitter_misc":{"Estimated reading time":"1 minute"},"schema":{"@context":"https:\/\/schema.org","@graph":[{"@type":"WebPage","@id":"https:\/\/trans-pkr.fr\/operation-laser-myopie-sans-contact\/","url":"https:\/\/trans-pkr.fr\/operation-laser-myopie-sans-contact\/","name":"Op\u00e9ration de la myopie, technique 100% laser sans contact avec les yeux","isPartOf":{"@id":"https:\/\/trans-pkr.fr\/#website"},"primaryImageOfPage":{"@id":"https:\/\/trans-pkr.fr\/operation-laser-myopie-sans-contact\/#primaryimage"},"image":{"@id":"https:\/\/trans-pkr.fr\/operation-laser-myopie-sans-contact\/#primaryimage"},"thumbnailUrl":"http:\/\/ophtalmo-paris-ouest.fr\/wp-content\/uploads\/2015\/06\/point-2013-rvg-e1442391787284.jpg","datePublished":"2016-04-27T10:09:19+00:00","dateModified":"2022-06-15T09:29:47+00:00","description":"La Trans-PKR est la seule intervention 100% laser et sans aucun contact avec l\u2019\u0153il du patient. C'est une am\u00e9lioration de la PKR r\u00e9ellement performante et s\u00e9curitaire. Rapidit\u00e9, confort et efficacit\u00e9 de la Trans-PKR au Centre Ophtalmologique Paris Ouest \u00e0 La Garenne Colombes (92- Hauts de Seine - FRANCE)","breadcrumb":{"@id":"https:\/\/trans-pkr.fr\/operation-laser-myopie-sans-contact\/#breadcrumb"},"inLanguage":"en-GB","potentialAction":[{"@type":"ReadAction","target":["https:\/\/trans-pkr.fr\/operation-laser-myopie-sans-contact\/"]}]},{"@type":"ImageObject","inLanguage":"en-GB","@id":"https:\/\/trans-pkr.fr\/operation-laser-myopie-sans-contact\/#primaryimage","url":"http:\/\/ophtalmo-paris-ouest.fr\/wp-content\/uploads\/2015\/06\/point-2013-rvg-e1442391787284.jpg","contentUrl":"http:\/\/ophtalmo-paris-ouest.fr\/wp-content\/uploads\/2015\/06\/point-2013-rvg-e1442391787284.jpg"},{"@type":"BreadcrumbList","@id":"https:\/\/trans-pkr.fr\/operation-laser-myopie-sans-contact\/#breadcrumb","itemListElement":[{"@type":"ListItem","position":1,"name":"Accueil","item":"https:\/\/trans-pkr.fr\/"},{"@type":"ListItem","position":2,"name":"Op\u00e9ration laser myopie sans contact"}]},{"@type":"WebSite","@id":"https:\/\/trans-pkr.fr\/#website","url":"https:\/\/trans-pkr.fr\/","name":"100% Laser Contactless Eye Operations: Trans PKR","description":"","publisher":{"@id":"https:\/\/trans-pkr.fr\/#organization"},"alternateName":"Trans PKR - Vision Laser","potentialAction":[{"@type":"SearchAction","target":{"@type":"EntryPoint","urlTemplate":"https:\/\/trans-pkr.fr\/?s={search_term_string}"},"query-input":{"@type":"PropertyValueSpecification","valueRequired":true,"valueName":"search_term_string"}}],"inLanguage":"en-GB"},{"@type":"Organization","@id":"https:\/\/trans-pkr.fr\/#organization","name":"Vision Laser","alternateName":"Trans PKR","url":"https:\/\/trans-pkr.fr\/","logo":{"@type":"ImageObject","inLanguage":"en-GB","@id":"https:\/\/trans-pkr.fr\/#\/schema\/logo\/image\/","url":"https:\/\/trans-pkr.fr\/wp-content\/uploads\/2024\/07\/cropped-cropped-IMG-20240719-WA0248.jpg","contentUrl":"https:\/\/trans-pkr.fr\/wp-content\/uploads\/2024\/07\/cropped-cropped-IMG-20240719-WA0248.jpg","width":512,"height":512,"caption":"Vision Laser"},"image":{"@id":"https:\/\/trans-pkr.fr\/#\/schema\/logo\/image\/"},"sameAs":["https:\/\/www.youtube.com\/@Centrevisionlaser","https:\/\/www.instagram.com\/centre_vision_laser\/","https:\/\/www.tiktok.com\/@centre.vision.las","https:\/\/wa.me\/33759596369"]}]}},"jetpack_sharing_enabled":true,"_links":{"self":[{"href":"https:\/\/trans-pkr.fr\/en\/wp-json\/wp\/v2\/pages\/1330","targetHints":{"allow":["GET"]}}],"collection":[{"href":"https:\/\/trans-pkr.fr\/en\/wp-json\/wp\/v2\/pages"}],"about":[{"href":"https:\/\/trans-pkr.fr\/en\/wp-json\/wp\/v2\/types\/page"}],"author":[{"embeddable":true,"href":"https:\/\/trans-pkr.fr\/en\/wp-json\/wp\/v2\/users\/1"}],"replies":[{"embeddable":true,"href":"https:\/\/trans-pkr.fr\/en\/wp-json\/wp\/v2\/comments?post=1330"}],"version-history":[{"count":2,"href":"https:\/\/trans-pkr.fr\/en\/wp-json\/wp\/v2\/pages\/1330\/revisions"}],"predecessor-version":[{"id":1957,"href":"https:\/\/trans-pkr.fr\/en\/wp-json\/wp\/v2\/pages\/1330\/revisions\/1957"}],"wp:attachment":[{"href":"https:\/\/trans-pkr.fr\/en\/wp-json\/wp\/v2\/media?parent=1330"}],"curies":[{"name":"wp","href":"https:\/\/api.w.org\/{rel}","templated":true}]}}