{"id":1453,"date":"2016-10-09T11:17:55","date_gmt":"2016-10-09T10:17:55","guid":{"rendered":"http:\/\/trans-pkr.fr\/?page_id=1453"},"modified":"2024-06-29T10:43:36","modified_gmt":"2024-06-29T09:43:36","slug":"bienvenue","status":"publish","type":"page","link":"https:\/\/trans-pkr.fr\/en\/bienvenue\/","title":{"rendered":"Vision Laser Hauts de France"},"content":{"rendered":"<p>Bienvenue au centre Vision Laser Hauts de France dirig\u00e9 par le Docteur Anthony Sion, et sp\u00e9cialis\u00e9 dans les op\u00e9rations au laser pour la correction de la myopie, astigmatisme, hyperm\u00e9tropie et presbytie.<\/p>\n<p>Dot\u00e9 d\u2019un plateau technique ultra performant, le Centre r\u00e9alise les op\u00e9rations les plus pratiqu\u00e9es en chirurgie r\u00e9fractive:<\/p>\n<ul>\n<li>Lasik<\/li>\n<li>Laser femto-seconde<\/li>\n<li>PKR<\/li>\n<li><a href=\"http:\/\/trans-pkr.fr\/en\/\" target=\"_blank\" rel=\"noopener\">Trans-PKR<\/a>, la seule intervention r\u00e9ellement 100% laser et sans aucun contact avec l\u2019\u0153il du patient.<\/li>\n<\/ul>\n<div id=\"watch-headline-title\"><\/div>\n<p>Pour prendre RDV ou pour tout renseignement suppl\u00e9mentaire, veuillez remplir le formulaire de contact en cliquant sur le lien ci-dessous. Nous vous recontacterons dans les plus brefs d\u00e9lais.<\/p>\n<p><a href=\"http:\/\/trans-pkr.fr\/en\/prendre-rdv\/\" target=\"_blank\" rel=\"noopener\">Schedule an appointment<\/a><\/p>","protected":false},"excerpt":{"rendered":"<p>Bienvenue au centre Vision Laser Hauts de France dirig\u00e9 par le Docteur Anthony Sion, et sp\u00e9cialis\u00e9 dans les op\u00e9rations au laser pour la correction de la myopie, astigmatisme, hyperm\u00e9tropie et presbytie. Dot\u00e9 d\u2019un plateau technique ultra performant, le Centre r\u00e9alise les op\u00e9rations les plus pratiqu\u00e9es en chirurgie r\u00e9fractive: Lasik Laser femto-seconde PKR Trans-PKR, la seule [&hellip;]<\/p>\n","protected":false},"author":1,"featured_media":0,"parent":0,"menu_order":0,"comment_status":"closed","ping_status":"open","template":"","meta":{"inline_featured_image":false,"footnotes":""},"class_list":["post-1453","page","type-page","status-publish","hentry"],"yoast_head":"<!-- This site is optimized with the Yoast SEO plugin v27.5 - https:\/\/yoast.com\/product\/yoast-seo-wordpress\/ -->\n<title>Vision Laser Hauts de France - Op\u00e9rations des yeux 100% Laser Sans Contact<\/title>\n<meta name=\"robots\" content=\"index, follow, max-snippet:-1, max-image-preview:large, max-video-preview:-1\" \/>\n<link rel=\"canonical\" href=\"https:\/\/trans-pkr.fr\/en\/bienvenue\/\" \/>\n<meta property=\"og:locale\" content=\"en_GB\" \/>\n<meta property=\"og:type\" content=\"article\" \/>\n<meta property=\"og:title\" content=\"Vision Laser Hauts de France - Op\u00e9rations des yeux 100% Laser Sans Contact\" \/>\n<meta property=\"og:description\" content=\"Bienvenue au centre Vision Laser Hauts de France dirig\u00e9 par le Docteur Anthony Sion, et sp\u00e9cialis\u00e9 dans les op\u00e9rations au laser pour la correction de la myopie, astigmatisme, hyperm\u00e9tropie et presbytie. Dot\u00e9 d\u2019un plateau technique ultra performant, le Centre r\u00e9alise les op\u00e9rations les plus pratiqu\u00e9es en chirurgie r\u00e9fractive: Lasik Laser femto-seconde PKR Trans-PKR, la seule [&hellip;]\" \/>\n<meta property=\"og:url\" content=\"https:\/\/trans-pkr.fr\/en\/bienvenue\/\" \/>\n<meta property=\"og:site_name\" content=\"Op\u00e9rations des yeux 100% Laser Sans Contact\" \/>\n<meta property=\"article:modified_time\" content=\"2024-06-29T09:43:36+00:00\" \/>\n<meta name=\"twitter:label1\" content=\"Estimated reading time\" \/>\n\t<meta name=\"twitter:data1\" content=\"1 minute\" \/>\n<script type=\"application\/ld+json\" class=\"yoast-schema-graph\">{\"@context\":\"https:\\\/\\\/schema.org\",\"@graph\":[{\"@type\":\"WebPage\",\"@id\":\"https:\\\/\\\/trans-pkr.fr\\\/bienvenue\\\/\",\"url\":\"https:\\\/\\\/trans-pkr.fr\\\/bienvenue\\\/\",\"name\":\"Vision Laser Hauts de France - Op\u00e9rations des yeux 100% Laser Sans Contact\",\"isPartOf\":{\"@id\":\"https:\\\/\\\/trans-pkr.fr\\\/#website\"},\"datePublished\":\"2016-10-09T10:17:55+00:00\",\"dateModified\":\"2024-06-29T09:43:36+00:00\",\"breadcrumb\":{\"@id\":\"https:\\\/\\\/trans-pkr.fr\\\/bienvenue\\\/#breadcrumb\"},\"inLanguage\":\"en-GB\",\"potentialAction\":[{\"@type\":\"ReadAction\",\"target\":[\"https:\\\/\\\/trans-pkr.fr\\\/bienvenue\\\/\"]}]},{\"@type\":\"BreadcrumbList\",\"@id\":\"https:\\\/\\\/trans-pkr.fr\\\/bienvenue\\\/#breadcrumb\",\"itemListElement\":[{\"@type\":\"ListItem\",\"position\":1,\"name\":\"Accueil\",\"item\":\"https:\\\/\\\/trans-pkr.fr\\\/\"},{\"@type\":\"ListItem\",\"position\":2,\"name\":\"Vision Laser Hauts de France\"}]},{\"@type\":\"WebSite\",\"@id\":\"https:\\\/\\\/trans-pkr.fr\\\/#website\",\"url\":\"https:\\\/\\\/trans-pkr.fr\\\/\",\"name\":\"Op\u00e9rations des yeux 100% Laser Sans Contact: La Trans PKR\",\"description\":\"\",\"publisher\":{\"@id\":\"https:\\\/\\\/trans-pkr.fr\\\/#organization\"},\"alternateName\":\"Trans PKR - Vision Laser\",\"potentialAction\":[{\"@type\":\"SearchAction\",\"target\":{\"@type\":\"EntryPoint\",\"urlTemplate\":\"https:\\\/\\\/trans-pkr.fr\\\/?s={search_term_string}\"},\"query-input\":{\"@type\":\"PropertyValueSpecification\",\"valueRequired\":true,\"valueName\":\"search_term_string\"}}],\"inLanguage\":\"en-GB\"},{\"@type\":\"Organization\",\"@id\":\"https:\\\/\\\/trans-pkr.fr\\\/#organization\",\"name\":\"Vision Laser\",\"alternateName\":\"Trans PKR\",\"url\":\"https:\\\/\\\/trans-pkr.fr\\\/\",\"logo\":{\"@type\":\"ImageObject\",\"inLanguage\":\"en-GB\",\"@id\":\"https:\\\/\\\/trans-pkr.fr\\\/#\\\/schema\\\/logo\\\/image\\\/\",\"url\":\"https:\\\/\\\/trans-pkr.fr\\\/wp-content\\\/uploads\\\/2024\\\/07\\\/cropped-cropped-IMG-20240719-WA0248.jpg\",\"contentUrl\":\"https:\\\/\\\/trans-pkr.fr\\\/wp-content\\\/uploads\\\/2024\\\/07\\\/cropped-cropped-IMG-20240719-WA0248.jpg\",\"width\":512,\"height\":512,\"caption\":\"Vision Laser\"},\"image\":{\"@id\":\"https:\\\/\\\/trans-pkr.fr\\\/#\\\/schema\\\/logo\\\/image\\\/\"},\"sameAs\":[\"https:\\\/\\\/www.youtube.com\\\/@Centrevisionlaser\",\"https:\\\/\\\/www.instagram.com\\\/centre_vision_laser\\\/\",\"https:\\\/\\\/www.tiktok.com\\\/@centre.vision.las\",\"https:\\\/\\\/wa.me\\\/33759596369\"]}]}<\/script>\n<!-- \/ Yoast SEO plugin. -->","yoast_head_json":{"title":"Vision Laser Hauts de France - Op\u00e9rations des yeux 100% Laser Sans Contact","robots":{"index":"index","follow":"follow","max-snippet":"max-snippet:-1","max-image-preview":"max-image-preview:large","max-video-preview":"max-video-preview:-1"},"canonical":"https:\/\/trans-pkr.fr\/en\/bienvenue\/","og_locale":"en_GB","og_type":"article","og_title":"Vision Laser Hauts de France - Op\u00e9rations des yeux 100% Laser Sans Contact","og_description":"Bienvenue au centre Vision Laser Hauts de France dirig\u00e9 par le Docteur Anthony Sion, et sp\u00e9cialis\u00e9 dans les op\u00e9rations au laser pour la correction de la myopie, astigmatisme, hyperm\u00e9tropie et presbytie. Dot\u00e9 d\u2019un plateau technique ultra performant, le Centre r\u00e9alise les op\u00e9rations les plus pratiqu\u00e9es en chirurgie r\u00e9fractive: Lasik Laser femto-seconde PKR Trans-PKR, la seule [&hellip;]","og_url":"https:\/\/trans-pkr.fr\/en\/bienvenue\/","og_site_name":"Op\u00e9rations des yeux 100% Laser Sans Contact","article_modified_time":"2024-06-29T09:43:36+00:00","twitter_misc":{"Estimated reading time":"1 minute"},"schema":{"@context":"https:\/\/schema.org","@graph":[{"@type":"WebPage","@id":"https:\/\/trans-pkr.fr\/bienvenue\/","url":"https:\/\/trans-pkr.fr\/bienvenue\/","name":"Vision Laser Hauts de France - Op\u00e9rations des yeux 100% Laser Sans Contact","isPartOf":{"@id":"https:\/\/trans-pkr.fr\/#website"},"datePublished":"2016-10-09T10:17:55+00:00","dateModified":"2024-06-29T09:43:36+00:00","breadcrumb":{"@id":"https:\/\/trans-pkr.fr\/bienvenue\/#breadcrumb"},"inLanguage":"en-GB","potentialAction":[{"@type":"ReadAction","target":["https:\/\/trans-pkr.fr\/bienvenue\/"]}]},{"@type":"BreadcrumbList","@id":"https:\/\/trans-pkr.fr\/bienvenue\/#breadcrumb","itemListElement":[{"@type":"ListItem","position":1,"name":"Accueil","item":"https:\/\/trans-pkr.fr\/"},{"@type":"ListItem","position":2,"name":"Vision Laser Hauts de France"}]},{"@type":"WebSite","@id":"https:\/\/trans-pkr.fr\/#website","url":"https:\/\/trans-pkr.fr\/","name":"100% Laser Contactless Eye Operations: Trans PKR","description":"","publisher":{"@id":"https:\/\/trans-pkr.fr\/#organization"},"alternateName":"Trans PKR - Vision Laser","potentialAction":[{"@type":"SearchAction","target":{"@type":"EntryPoint","urlTemplate":"https:\/\/trans-pkr.fr\/?s={search_term_string}"},"query-input":{"@type":"PropertyValueSpecification","valueRequired":true,"valueName":"search_term_string"}}],"inLanguage":"en-GB"},{"@type":"Organization","@id":"https:\/\/trans-pkr.fr\/#organization","name":"Vision Laser","alternateName":"Trans PKR","url":"https:\/\/trans-pkr.fr\/","logo":{"@type":"ImageObject","inLanguage":"en-GB","@id":"https:\/\/trans-pkr.fr\/#\/schema\/logo\/image\/","url":"https:\/\/trans-pkr.fr\/wp-content\/uploads\/2024\/07\/cropped-cropped-IMG-20240719-WA0248.jpg","contentUrl":"https:\/\/trans-pkr.fr\/wp-content\/uploads\/2024\/07\/cropped-cropped-IMG-20240719-WA0248.jpg","width":512,"height":512,"caption":"Vision Laser"},"image":{"@id":"https:\/\/trans-pkr.fr\/#\/schema\/logo\/image\/"},"sameAs":["https:\/\/www.youtube.com\/@Centrevisionlaser","https:\/\/www.instagram.com\/centre_vision_laser\/","https:\/\/www.tiktok.com\/@centre.vision.las","https:\/\/wa.me\/33759596369"]}]}},"jetpack_sharing_enabled":true,"_links":{"self":[{"href":"https:\/\/trans-pkr.fr\/en\/wp-json\/wp\/v2\/pages\/1453","targetHints":{"allow":["GET"]}}],"collection":[{"href":"https:\/\/trans-pkr.fr\/en\/wp-json\/wp\/v2\/pages"}],"about":[{"href":"https:\/\/trans-pkr.fr\/en\/wp-json\/wp\/v2\/types\/page"}],"author":[{"embeddable":true,"href":"https:\/\/trans-pkr.fr\/en\/wp-json\/wp\/v2\/users\/1"}],"replies":[{"embeddable":true,"href":"https:\/\/trans-pkr.fr\/en\/wp-json\/wp\/v2\/comments?post=1453"}],"version-history":[{"count":2,"href":"https:\/\/trans-pkr.fr\/en\/wp-json\/wp\/v2\/pages\/1453\/revisions"}],"predecessor-version":[{"id":1988,"href":"https:\/\/trans-pkr.fr\/en\/wp-json\/wp\/v2\/pages\/1453\/revisions\/1988"}],"wp:attachment":[{"href":"https:\/\/trans-pkr.fr\/en\/wp-json\/wp\/v2\/media?parent=1453"}],"curies":[{"name":"wp","href":"https:\/\/api.w.org\/{rel}","templated":true}]}}