{"id":3277,"date":"2025-03-10T15:13:07","date_gmt":"2025-03-10T14:13:07","guid":{"rendered":"https:\/\/trans-pkr.fr\/?page_id=3277"},"modified":"2026-03-19T12:16:38","modified_gmt":"2026-03-19T11:16:38","slug":"la-chirurgie-laser-des-yeux-un-guide-simple","status":"publish","type":"page","link":"https:\/\/trans-pkr.fr\/en\/la-chirurgie-laser-des-yeux-un-guide-simple\/","title":{"rendered":"Laser Eye Surgery: A Simple Guide"},"content":{"rendered":"<h3 class=\"wp-block-heading\">1. Why Choose Laser Surgery?<\/h3>\n\n\n\n<p>Do you wear glasses or contact lenses and dream of seeing clearly without anything? That's exactly what laser eye surgery can do! Thanks to cutting-edge technology, this procedure can permanently correct your vision. There are several techniques, such as LASIK, PRK, and SMILE, each with its own specificities, but with a common goal: to improve your vision.<\/p>\n\n\n\n<h3 class=\"wp-block-heading\">2. Consultation with the Ophthalmologist: A Key Step<\/h3>\n\n\n\n<p>Before any surgery, it is essential to consult an ophthalmologist. This specialist will examine your eyes closely to ensure that surgery is a suitable option for you. During this consultation, they will assess:<\/p>\n\n\n\n<ul class=\"wp-block-list\">\n<li>The general health of your eyes.<\/li>\n\n\n\n<li>Your vision from far and near.<\/li>\n\n\n\n<li>The shape and thickness of your cornea.<\/li>\n<\/ul>\n\n\n\n<p>He will also take the time to explain the different methods available to you and answer all your questions. This is the perfect time to clear up any doubts you may have!<\/p>\n\n\n\n<h3 class=\"wp-block-heading\">3. D-Day: A Quick and Painless Procedure<\/h3>\n\n\n\n<p>On the day of surgery, don't stress! The procedure is quick and painless. Here's how it works:<\/p>\n\n\n\n<ul class=\"wp-block-list\">\n<li>Anesthetic drops are applied to numb your eyes.<\/li>\n\n\n\n<li>An ultra-precise laser will reshape your cornea to optimize the way light enters your eye.<\/li>\n\n\n\n<li>The procedure only takes a few minutes per eye!<\/li>\n<\/ul>\n\n\n\n<h3 class=\"wp-block-heading\">4. After the Operation: A Gradual Recovery<\/h3>\n\n\n\n<p>After the procedure, your eyes will need rest. It's normal for your vision to be a little blurry at first, but this will gradually improve. You'll need to have follow-up appointments to make sure everything is going well.<\/p>\n\n\n\n<p><strong>To remember:<\/strong><\/p>\n\n\n\n<ul class=\"wp-block-list\">\n<li>Laser surgery is an effective and generally safe solution, but it carries some risks, like any operation.<\/li>\n\n\n\n<li>Choosing an experienced ophthalmologist is crucial to ensure a good outcome.<\/li>\n\n\n\n<li>Everyone reacts differently, so results may vary.<\/li>\n<\/ul>\n\n\n\n<p>In short, this technological advancement can transform your life by giving you clearer vision! If you still have questions, don't hesitate to seek professional advice.<\/p>\n\n\n\n<figure class=\"wp-block-embed aligncenter is-type-video is-provider-youtube wp-block-embed-youtube wp-embed-aspect-16-9 wp-has-aspect-ratio\"><div class=\"wp-block-embed__wrapper\">\n<iframe loading=\"lazy\" title=\"TransPKR\" width=\"500\" height=\"281\" src=\"https:\/\/www.youtube.com\/embed\/LDSykOjd48o?feature=oembed\" frameborder=\"0\" allow=\"accelerometer; autoplay; clipboard-write; encrypted-media; gyroscope; picture-in-picture; web-share\" referrerpolicy=\"strict-origin-when-cross-origin\" allowfullscreen><\/iframe>\n<\/div><\/figure>\n\n\n\n<p><\/p>","protected":false},"excerpt":{"rendered":"<p>1. Pourquoi Opter pour la Chirurgie Laser ? Tu portes des lunettes ou des lentilles et tu r\u00eaves de voir net sans rien ? C&rsquo;est exactement ce que permet la chirurgie laser des yeux ! Gr\u00e2ce \u00e0 une technologie de pointe, cette intervention peut corriger ta vision de mani\u00e8re durable. Il existe plusieurs techniques comme [&hellip;]<\/p>\n","protected":false},"author":1,"featured_media":0,"parent":0,"menu_order":0,"comment_status":"closed","ping_status":"closed","template":"","meta":{"inline_featured_image":false,"footnotes":""},"class_list":["post-3277","page","type-page","status-publish","hentry"],"yoast_head":"<!-- This site is optimized with the Yoast SEO plugin v27.5 - https:\/\/yoast.com\/product\/yoast-seo-wordpress\/ -->\n<title>La Chirurgie Laser des Yeux : Un Guide Simple - Op\u00e9rations des yeux 100% Laser Sans Contact<\/title>\n<meta name=\"robots\" content=\"index, follow, max-snippet:-1, max-image-preview:large, max-video-preview:-1\" \/>\n<link rel=\"canonical\" href=\"https:\/\/trans-pkr.fr\/en\/la-chirurgie-laser-des-yeux-un-guide-simple\/\" \/>\n<meta property=\"og:locale\" content=\"en_GB\" \/>\n<meta property=\"og:type\" content=\"article\" \/>\n<meta property=\"og:title\" content=\"La Chirurgie Laser des Yeux : Un Guide Simple - Op\u00e9rations des yeux 100% Laser Sans Contact\" \/>\n<meta property=\"og:description\" content=\"1. Pourquoi Opter pour la Chirurgie Laser ? Tu portes des lunettes ou des lentilles et tu r\u00eaves de voir net sans rien ? C&rsquo;est exactement ce que permet la chirurgie laser des yeux ! Gr\u00e2ce \u00e0 une technologie de pointe, cette intervention peut corriger ta vision de mani\u00e8re durable. Il existe plusieurs techniques comme [&hellip;]\" \/>\n<meta property=\"og:url\" content=\"https:\/\/trans-pkr.fr\/en\/la-chirurgie-laser-des-yeux-un-guide-simple\/\" \/>\n<meta property=\"og:site_name\" content=\"Op\u00e9rations des yeux 100% Laser Sans Contact\" \/>\n<meta property=\"article:modified_time\" content=\"2026-03-19T11:16:38+00:00\" \/>\n<meta name=\"twitter:label1\" content=\"Estimated reading time\" \/>\n\t<meta name=\"twitter:data1\" content=\"2 minutes\" \/>\n<script type=\"application\/ld+json\" class=\"yoast-schema-graph\">{\"@context\":\"https:\\\/\\\/schema.org\",\"@graph\":[{\"@type\":\"WebPage\",\"@id\":\"https:\\\/\\\/trans-pkr.fr\\\/la-chirurgie-laser-des-yeux-un-guide-simple\\\/\",\"url\":\"https:\\\/\\\/trans-pkr.fr\\\/la-chirurgie-laser-des-yeux-un-guide-simple\\\/\",\"name\":\"La Chirurgie Laser des Yeux : Un Guide Simple - Op\u00e9rations des yeux 100% Laser Sans Contact\",\"isPartOf\":{\"@id\":\"https:\\\/\\\/trans-pkr.fr\\\/#website\"},\"datePublished\":\"2025-03-10T14:13:07+00:00\",\"dateModified\":\"2026-03-19T11:16:38+00:00\",\"breadcrumb\":{\"@id\":\"https:\\\/\\\/trans-pkr.fr\\\/la-chirurgie-laser-des-yeux-un-guide-simple\\\/#breadcrumb\"},\"inLanguage\":\"en-GB\",\"potentialAction\":[{\"@type\":\"ReadAction\",\"target\":[\"https:\\\/\\\/trans-pkr.fr\\\/la-chirurgie-laser-des-yeux-un-guide-simple\\\/\"]}]},{\"@type\":\"BreadcrumbList\",\"@id\":\"https:\\\/\\\/trans-pkr.fr\\\/la-chirurgie-laser-des-yeux-un-guide-simple\\\/#breadcrumb\",\"itemListElement\":[{\"@type\":\"ListItem\",\"position\":1,\"name\":\"Accueil\",\"item\":\"https:\\\/\\\/trans-pkr.fr\\\/\"},{\"@type\":\"ListItem\",\"position\":2,\"name\":\"La Chirurgie Laser des Yeux : Un Guide Simple\"}]},{\"@type\":\"WebSite\",\"@id\":\"https:\\\/\\\/trans-pkr.fr\\\/#website\",\"url\":\"https:\\\/\\\/trans-pkr.fr\\\/\",\"name\":\"Op\u00e9rations des yeux 100% Laser Sans Contact: La Trans PKR\",\"description\":\"\",\"publisher\":{\"@id\":\"https:\\\/\\\/trans-pkr.fr\\\/#organization\"},\"alternateName\":\"Trans PKR - Vision Laser\",\"potentialAction\":[{\"@type\":\"SearchAction\",\"target\":{\"@type\":\"EntryPoint\",\"urlTemplate\":\"https:\\\/\\\/trans-pkr.fr\\\/?s={search_term_string}\"},\"query-input\":{\"@type\":\"PropertyValueSpecification\",\"valueRequired\":true,\"valueName\":\"search_term_string\"}}],\"inLanguage\":\"en-GB\"},{\"@type\":\"Organization\",\"@id\":\"https:\\\/\\\/trans-pkr.fr\\\/#organization\",\"name\":\"Vision Laser\",\"alternateName\":\"Trans PKR\",\"url\":\"https:\\\/\\\/trans-pkr.fr\\\/\",\"logo\":{\"@type\":\"ImageObject\",\"inLanguage\":\"en-GB\",\"@id\":\"https:\\\/\\\/trans-pkr.fr\\\/#\\\/schema\\\/logo\\\/image\\\/\",\"url\":\"https:\\\/\\\/trans-pkr.fr\\\/wp-content\\\/uploads\\\/2024\\\/07\\\/cropped-cropped-IMG-20240719-WA0248.jpg\",\"contentUrl\":\"https:\\\/\\\/trans-pkr.fr\\\/wp-content\\\/uploads\\\/2024\\\/07\\\/cropped-cropped-IMG-20240719-WA0248.jpg\",\"width\":512,\"height\":512,\"caption\":\"Vision Laser\"},\"image\":{\"@id\":\"https:\\\/\\\/trans-pkr.fr\\\/#\\\/schema\\\/logo\\\/image\\\/\"},\"sameAs\":[\"https:\\\/\\\/www.youtube.com\\\/@Centrevisionlaser\",\"https:\\\/\\\/www.instagram.com\\\/centre_vision_laser\\\/\",\"https:\\\/\\\/www.tiktok.com\\\/@centre.vision.las\",\"https:\\\/\\\/wa.me\\\/33759596369\"]}]}<\/script>\n<!-- \/ Yoast SEO plugin. -->","yoast_head_json":{"title":"La Chirurgie Laser des Yeux : Un Guide Simple - Op\u00e9rations des yeux 100% Laser Sans Contact","robots":{"index":"index","follow":"follow","max-snippet":"max-snippet:-1","max-image-preview":"max-image-preview:large","max-video-preview":"max-video-preview:-1"},"canonical":"https:\/\/trans-pkr.fr\/en\/la-chirurgie-laser-des-yeux-un-guide-simple\/","og_locale":"en_GB","og_type":"article","og_title":"La Chirurgie Laser des Yeux : Un Guide Simple - Op\u00e9rations des yeux 100% Laser Sans Contact","og_description":"1. Pourquoi Opter pour la Chirurgie Laser ? Tu portes des lunettes ou des lentilles et tu r\u00eaves de voir net sans rien ? C&rsquo;est exactement ce que permet la chirurgie laser des yeux ! Gr\u00e2ce \u00e0 une technologie de pointe, cette intervention peut corriger ta vision de mani\u00e8re durable. Il existe plusieurs techniques comme [&hellip;]","og_url":"https:\/\/trans-pkr.fr\/en\/la-chirurgie-laser-des-yeux-un-guide-simple\/","og_site_name":"Op\u00e9rations des yeux 100% Laser Sans Contact","article_modified_time":"2026-03-19T11:16:38+00:00","twitter_misc":{"Estimated reading time":"2 minutes"},"schema":{"@context":"https:\/\/schema.org","@graph":[{"@type":"WebPage","@id":"https:\/\/trans-pkr.fr\/la-chirurgie-laser-des-yeux-un-guide-simple\/","url":"https:\/\/trans-pkr.fr\/la-chirurgie-laser-des-yeux-un-guide-simple\/","name":"La Chirurgie Laser des Yeux : Un Guide Simple - Op\u00e9rations des yeux 100% Laser Sans Contact","isPartOf":{"@id":"https:\/\/trans-pkr.fr\/#website"},"datePublished":"2025-03-10T14:13:07+00:00","dateModified":"2026-03-19T11:16:38+00:00","breadcrumb":{"@id":"https:\/\/trans-pkr.fr\/la-chirurgie-laser-des-yeux-un-guide-simple\/#breadcrumb"},"inLanguage":"en-GB","potentialAction":[{"@type":"ReadAction","target":["https:\/\/trans-pkr.fr\/la-chirurgie-laser-des-yeux-un-guide-simple\/"]}]},{"@type":"BreadcrumbList","@id":"https:\/\/trans-pkr.fr\/la-chirurgie-laser-des-yeux-un-guide-simple\/#breadcrumb","itemListElement":[{"@type":"ListItem","position":1,"name":"Accueil","item":"https:\/\/trans-pkr.fr\/"},{"@type":"ListItem","position":2,"name":"La Chirurgie Laser des Yeux : Un Guide Simple"}]},{"@type":"WebSite","@id":"https:\/\/trans-pkr.fr\/#website","url":"https:\/\/trans-pkr.fr\/","name":"100% Laser Contactless Eye Operations: Trans PKR","description":"","publisher":{"@id":"https:\/\/trans-pkr.fr\/#organization"},"alternateName":"Trans PKR - Vision Laser","potentialAction":[{"@type":"SearchAction","target":{"@type":"EntryPoint","urlTemplate":"https:\/\/trans-pkr.fr\/?s={search_term_string}"},"query-input":{"@type":"PropertyValueSpecification","valueRequired":true,"valueName":"search_term_string"}}],"inLanguage":"en-GB"},{"@type":"Organization","@id":"https:\/\/trans-pkr.fr\/#organization","name":"Vision Laser","alternateName":"Trans PKR","url":"https:\/\/trans-pkr.fr\/","logo":{"@type":"ImageObject","inLanguage":"en-GB","@id":"https:\/\/trans-pkr.fr\/#\/schema\/logo\/image\/","url":"https:\/\/trans-pkr.fr\/wp-content\/uploads\/2024\/07\/cropped-cropped-IMG-20240719-WA0248.jpg","contentUrl":"https:\/\/trans-pkr.fr\/wp-content\/uploads\/2024\/07\/cropped-cropped-IMG-20240719-WA0248.jpg","width":512,"height":512,"caption":"Vision Laser"},"image":{"@id":"https:\/\/trans-pkr.fr\/#\/schema\/logo\/image\/"},"sameAs":["https:\/\/www.youtube.com\/@Centrevisionlaser","https:\/\/www.instagram.com\/centre_vision_laser\/","https:\/\/www.tiktok.com\/@centre.vision.las","https:\/\/wa.me\/33759596369"]}]}},"jetpack_sharing_enabled":true,"_links":{"self":[{"href":"https:\/\/trans-pkr.fr\/en\/wp-json\/wp\/v2\/pages\/3277","targetHints":{"allow":["GET"]}}],"collection":[{"href":"https:\/\/trans-pkr.fr\/en\/wp-json\/wp\/v2\/pages"}],"about":[{"href":"https:\/\/trans-pkr.fr\/en\/wp-json\/wp\/v2\/types\/page"}],"author":[{"embeddable":true,"href":"https:\/\/trans-pkr.fr\/en\/wp-json\/wp\/v2\/users\/1"}],"replies":[{"embeddable":true,"href":"https:\/\/trans-pkr.fr\/en\/wp-json\/wp\/v2\/comments?post=3277"}],"version-history":[{"count":3,"href":"https:\/\/trans-pkr.fr\/en\/wp-json\/wp\/v2\/pages\/3277\/revisions"}],"predecessor-version":[{"id":5296,"href":"https:\/\/trans-pkr.fr\/en\/wp-json\/wp\/v2\/pages\/3277\/revisions\/5296"}],"wp:attachment":[{"href":"https:\/\/trans-pkr.fr\/en\/wp-json\/wp\/v2\/media?parent=3277"}],"curies":[{"name":"wp","href":"https:\/\/api.w.org\/{rel}","templated":true}]}}