{"id":45,"date":"2014-03-14T15:38:38","date_gmt":"2014-03-14T14:38:38","guid":{"rendered":"http:\/\/trans-pkr.fr\/?page_id=45"},"modified":"2025-10-22T11:54:55","modified_gmt":"2025-10-22T10:54:55","slug":"trans-pkr","status":"publish","type":"page","link":"https:\/\/trans-pkr.fr\/en\/trans-pkr\/","title":{"rendered":"Trans-PRK explained"},"content":{"rendered":"<p>La <b>Trans-PRK (Transepithelial PRK)<\/b> est une am\u00e9lioration de la <strong>PKR<\/strong>.<br>From a purely technological point of view, this is not strictly speaking a revolutionary technique, but from a practical point of view and for patients, provided certain rules and indications are respected, it can become one and radically change our day-to-day approach to refractive surgery.<br>Pour comprendre ce qu&rsquo;est la Trans-PKR il faut d\u00e9j\u00e0 connaitre son anc\u00eatre : la PKR.<br>Grosso modo toutes les op\u00e9rations de chirurgie r\u00e9fractive peuvent se diviser en 2 familles :<\/p>\n\n\n\n<h2 class=\"wp-block-heading\"><strong><span style=\"text-decoration: underline;\">1- Surgeries involving the creation of a flap in the patient's cornea:<\/span><\/strong><\/h2>\n\n\n\n<p class=\"translation-block\"><strong>Classic Lasik type<\/strong> (since the beginning of the 1990s): the flap is made with a microkeratome - a sort of micro-surgical plane<br>or <strong>Femtolasik<\/strong>: the flap is made with a first laser called <strong>femto second<\/strong> (since the 2000s)<br>In both cases the difference only concerns the tool that will make the flap but the Excimer laser that will treat the visual defect (myopia, astigmatism, etc.) is identical in all cases.<\/p>\n\n\n\n<h2 class=\"wp-block-heading\"><span style=\"text-decoration: underline;\"><strong>2- Surface Excimer Laser Procedures:<\/strong><\/span><\/h2>\n\n\n\n<p class=\"translation-block\">There is no flap, no cutting, but a much more superficial and less aggressive peeling of the epithelium for the cornea. <br><strong>PRK<\/strong> is the oldest technique (since 1987), it is currently experiencing a resurgence of interest for various reasons:<br>There is no corneal flap, no cutting, therefore much fewer serious complications which are mostly due to problems in the creation of the flap. On the other hand, the latest generation lasers give less haze (scar fog) and therefore allow a faster visual recovery than in the past.<br>This is sometimes difficult for patients to understand, although the <strong>PRK<\/strong> treatment is more superficial and less deep than in <strong>Lasik<\/strong> (since there is no flap cut in the cornea) it is more painful postoperatively and visual rehabilitation is longer. This is linked to the time needed for the surface epithelium, which must be removed in PKR\/TransPKR, to grow back naturally.<br>The main disadvantage is therefore this <strong>post-operative pain<\/strong> (the operation itself is almost painless) but the pain begins 1 hour later and can last 24 to 48 hours.<\/p>\n\n\n\n<p class=\"translation-block\">The healing phenomena (more or less significant haze) which can slow down or even reduce the visual result are also improved today by the new treatment profiles of the latest generation lasers.<br>The placement of a bandage lens postoperatively and\/or the use of Mitomycin eye drops can alleviate postoperative inconveniences and thus broaden the indications for PKR.<br>Important clarification: the laser which corrects the visual defect (myopia, astigmatism, hyperopia or presbyopia) is still the same as in Lasik: it is only the preliminary preparation which will change according to the techniques.<br>Let's forget the other surface techniques such as Lasek (las<span style=\"text-decoration: underline\">e<\/span>k and not las<span style=\"text-decoration: underline\">i<\/span>k) which is no longer offered today.<br>Let's also set aside epi-lasik which is also less practiced and which is in fact a variant of PKR whose name \"epi-Lasik\" can sometimes make the patient believe that he will benefit from a sort of Lasik which is absolutely not the case: it is the equivalent of PKR but which still has some convinced supporters to this day.<\/p>\n\n\n\n<h2 class=\"wp-block-heading\"><span style=\"text-decoration: underline;\"><strong>3- Now let's talk about the Trans-PKR:<\/strong><\/span><\/h2>\n\n\n\n<p class=\"translation-block\">In a \"normal\" PKR, the epithelium must be scraped or peeled superficially:<br>-This can be done mechanically with a spatula or a small rotating brush,<br>-or with alcohol, which still involves some direct manipulation of the eye with surgical instruments and the prior placement of an eyelid retractor.<br>In the 90s, it was already proposed to get rid of this epithelium by an initial burst of laser pulses called PTK prior to PKR, but this was quite difficult to systematize and little used in practice.<br><strong>Trans PKR is a technique today <a href=\"https:\/\/trans-pkr.fr\/en\/articles-scientifiques-trans-pkr\/\" rel=\"noopener\" target=\"_self\">validated by numerous international studies<\/a> and proposed on the Amaris laser marketed by the German firm Schwind, inventor of this technique.<\/strong><br><strong> It takes up this principle of vaporization of the epithelium by laser: it is therefore the same excimer laser which will vaporize the epithelium and resurface the corneal surface in a single step to correct the visual defect, all without the slightest contact with the patient's eye.<\/strong><br>The advantages compared to a classic PKR are clearly established and appreciable for the comfort of the patient because while maintaining the safety aspect of PKR, we will be able to significantly reduce the undesirable effects (less pain and faster recovery).<\/p>\n\n\n\n<hr class=\"wp-block-separator has-alpha-channel-opacity\"\/>\n\n\n\n<h3 class=\"wp-block-heading\"><strong>Prices for TRANS PKR:<\/strong><\/h3>\n\n\n\n<p>From 2,200 euros with SmartPulse option on the Amaris 1050 RS laser.<\/p>\n\n\n\n<hr class=\"wp-block-separator has-alpha-channel-opacity\"\/>\n\n\n\n<h3 class=\"wp-block-heading\"><strong>Explainer Video: The Course of the Transpkr Operation<\/strong><\/h3>\n\n\n\n<figure class=\"wp-block-video\" style=\"margin:1rem auto; padding:0.5rem;\">\n  <video controls playsinline src=\"https:\/\/vision-laser.fr\/vid%C3%A9osVolumineux\/Trans%20pkr%20video%200326.mp4\"\n         style=\"width:400px !important; height:auto !important; display:block; border-radius:8px;\">\n  <\/video>\n<\/figure>","protected":false},"excerpt":{"rendered":"<p>La Trans PKR (PKR trans\u00e9pith\u00e9liale) est une am\u00e9lioration de la PKR.Sur le plan purement technologique, ce n&rsquo;est pas \u00e0 proprement parler une technique r\u00e9volutionnaire mais sur le plan pratique et pour les patients, \u00e0 condition de respecter certaines r\u00e8gles et certaines indications elle peut le devenir et changer radicalement notre approche quotidienne de la chirurgie [&hellip;]<\/p>\n","protected":false},"author":1,"featured_media":33,"parent":0,"menu_order":0,"comment_status":"open","ping_status":"closed","template":"","meta":{"inline_featured_image":false,"footnotes":""},"class_list":["post-45","page","type-page","status-publish","has-post-thumbnail","hentry"],"yoast_head":"<!-- This site is optimized with the Yoast SEO plugin v27.5 - https:\/\/yoast.com\/product\/yoast-seo-wordpress\/ -->\n<title>Qu\u2019est ce que la Trans PKR ?<\/title>\n<meta name=\"description\" content=\"La Trans-PKR: op\u00e9ration sans aucun contact avec l\u2019\u0153il, le m\u00eame laser Excimer vaporise l\u2019\u00e9pith\u00e9lium et resurface la surface corn\u00e9enne pour corriger le d\u00e9faut visuel. Confort et s\u00e9curit\u00e9 assur\u00e9s pour le patient. La Trans-PKR est une technique valid\u00e9e par de nombreuses \u00e9tudes internationales et articles scientifiques.\" \/>\n<meta name=\"robots\" content=\"index, follow, max-snippet:-1, max-image-preview:large, max-video-preview:-1\" \/>\n<link rel=\"canonical\" href=\"https:\/\/trans-pkr.fr\/en\/trans-pkr\/\" \/>\n<meta property=\"og:locale\" content=\"en_GB\" \/>\n<meta property=\"og:type\" content=\"article\" \/>\n<meta property=\"og:title\" content=\"Qu\u2019est ce que la Trans PKR ?\" \/>\n<meta property=\"og:description\" content=\"La Trans-PKR: op\u00e9ration sans aucun contact avec l\u2019\u0153il, le m\u00eame laser Excimer vaporise l\u2019\u00e9pith\u00e9lium et resurface la surface corn\u00e9enne pour corriger le d\u00e9faut visuel. Confort et s\u00e9curit\u00e9 assur\u00e9s pour le patient. La Trans-PKR est une technique valid\u00e9e par de nombreuses \u00e9tudes internationales et articles scientifiques.\" \/>\n<meta property=\"og:url\" content=\"https:\/\/trans-pkr.fr\/en\/trans-pkr\/\" \/>\n<meta property=\"og:site_name\" content=\"Op\u00e9rations des yeux 100% Laser Sans Contact\" \/>\n<meta property=\"article:modified_time\" content=\"2025-10-22T10:54:55+00:00\" \/>\n<meta property=\"og:image\" content=\"https:\/\/trans-pkr.fr\/wp-content\/uploads\/2014\/03\/laser1050.jpg\" \/>\n\t<meta property=\"og:image:width\" content=\"898\" \/>\n\t<meta property=\"og:image:height\" content=\"432\" \/>\n\t<meta property=\"og:image:type\" content=\"image\/jpeg\" \/>\n<meta name=\"twitter:label1\" content=\"Estimated reading time\" \/>\n\t<meta name=\"twitter:data1\" content=\"5 minutes\" \/>\n<script type=\"application\/ld+json\" class=\"yoast-schema-graph\">{\"@context\":\"https:\\\/\\\/schema.org\",\"@graph\":[{\"@type\":\"WebPage\",\"@id\":\"https:\\\/\\\/trans-pkr.fr\\\/trans-pkr\\\/\",\"url\":\"https:\\\/\\\/trans-pkr.fr\\\/trans-pkr\\\/\",\"name\":\"Qu\u2019est ce que la Trans PKR ?\",\"isPartOf\":{\"@id\":\"https:\\\/\\\/trans-pkr.fr\\\/#website\"},\"primaryImageOfPage\":{\"@id\":\"https:\\\/\\\/trans-pkr.fr\\\/trans-pkr\\\/#primaryimage\"},\"image\":{\"@id\":\"https:\\\/\\\/trans-pkr.fr\\\/trans-pkr\\\/#primaryimage\"},\"thumbnailUrl\":\"https:\\\/\\\/trans-pkr.fr\\\/wp-content\\\/uploads\\\/2014\\\/03\\\/laser1050.jpg\",\"datePublished\":\"2014-03-14T14:38:38+00:00\",\"dateModified\":\"2025-10-22T10:54:55+00:00\",\"description\":\"La Trans-PKR: op\u00e9ration sans aucun contact avec l\u2019\u0153il, le m\u00eame laser Excimer vaporise l\u2019\u00e9pith\u00e9lium et resurface la surface corn\u00e9enne pour corriger le d\u00e9faut visuel. Confort et s\u00e9curit\u00e9 assur\u00e9s pour le patient. La Trans-PKR est une technique valid\u00e9e par de nombreuses \u00e9tudes internationales et articles scientifiques.\",\"breadcrumb\":{\"@id\":\"https:\\\/\\\/trans-pkr.fr\\\/trans-pkr\\\/#breadcrumb\"},\"inLanguage\":\"en-GB\",\"potentialAction\":[{\"@type\":\"ReadAction\",\"target\":[\"https:\\\/\\\/trans-pkr.fr\\\/trans-pkr\\\/\"]}]},{\"@type\":\"ImageObject\",\"inLanguage\":\"en-GB\",\"@id\":\"https:\\\/\\\/trans-pkr.fr\\\/trans-pkr\\\/#primaryimage\",\"url\":\"https:\\\/\\\/trans-pkr.fr\\\/wp-content\\\/uploads\\\/2014\\\/03\\\/laser1050.jpg\",\"contentUrl\":\"https:\\\/\\\/trans-pkr.fr\\\/wp-content\\\/uploads\\\/2014\\\/03\\\/laser1050.jpg\",\"width\":898,\"height\":432},{\"@type\":\"BreadcrumbList\",\"@id\":\"https:\\\/\\\/trans-pkr.fr\\\/trans-pkr\\\/#breadcrumb\",\"itemListElement\":[{\"@type\":\"ListItem\",\"position\":1,\"name\":\"Accueil\",\"item\":\"https:\\\/\\\/trans-pkr.fr\\\/\"},{\"@type\":\"ListItem\",\"position\":2,\"name\":\"Qu\u2019est ce que la Trans PKR ?\"}]},{\"@type\":\"WebSite\",\"@id\":\"https:\\\/\\\/trans-pkr.fr\\\/#website\",\"url\":\"https:\\\/\\\/trans-pkr.fr\\\/\",\"name\":\"Op\u00e9rations des yeux 100% Laser Sans Contact: La Trans PKR\",\"description\":\"\",\"publisher\":{\"@id\":\"https:\\\/\\\/trans-pkr.fr\\\/#organization\"},\"alternateName\":\"Trans PKR - Vision Laser\",\"potentialAction\":[{\"@type\":\"SearchAction\",\"target\":{\"@type\":\"EntryPoint\",\"urlTemplate\":\"https:\\\/\\\/trans-pkr.fr\\\/?s={search_term_string}\"},\"query-input\":{\"@type\":\"PropertyValueSpecification\",\"valueRequired\":true,\"valueName\":\"search_term_string\"}}],\"inLanguage\":\"en-GB\"},{\"@type\":\"Organization\",\"@id\":\"https:\\\/\\\/trans-pkr.fr\\\/#organization\",\"name\":\"Vision Laser\",\"alternateName\":\"Trans PKR\",\"url\":\"https:\\\/\\\/trans-pkr.fr\\\/\",\"logo\":{\"@type\":\"ImageObject\",\"inLanguage\":\"en-GB\",\"@id\":\"https:\\\/\\\/trans-pkr.fr\\\/#\\\/schema\\\/logo\\\/image\\\/\",\"url\":\"https:\\\/\\\/trans-pkr.fr\\\/wp-content\\\/uploads\\\/2024\\\/07\\\/cropped-cropped-IMG-20240719-WA0248.jpg\",\"contentUrl\":\"https:\\\/\\\/trans-pkr.fr\\\/wp-content\\\/uploads\\\/2024\\\/07\\\/cropped-cropped-IMG-20240719-WA0248.jpg\",\"width\":512,\"height\":512,\"caption\":\"Vision Laser\"},\"image\":{\"@id\":\"https:\\\/\\\/trans-pkr.fr\\\/#\\\/schema\\\/logo\\\/image\\\/\"},\"sameAs\":[\"https:\\\/\\\/www.youtube.com\\\/@Centrevisionlaser\",\"https:\\\/\\\/www.instagram.com\\\/centre_vision_laser\\\/\",\"https:\\\/\\\/www.tiktok.com\\\/@centre.vision.las\",\"https:\\\/\\\/wa.me\\\/33759596369\"]}]}<\/script>\n<!-- \/ Yoast SEO plugin. -->","yoast_head_json":{"title":"Trans-PRK explained","description":"La Trans-PKR: op\u00e9ration sans aucun contact avec l\u2019\u0153il, le m\u00eame laser Excimer vaporise l\u2019\u00e9pith\u00e9lium et resurface la surface corn\u00e9enne pour corriger le d\u00e9faut visuel. Confort et s\u00e9curit\u00e9 assur\u00e9s pour le patient. La Trans-PKR est une technique valid\u00e9e par de nombreuses \u00e9tudes internationales et articles scientifiques.","robots":{"index":"index","follow":"follow","max-snippet":"max-snippet:-1","max-image-preview":"max-image-preview:large","max-video-preview":"max-video-preview:-1"},"canonical":"https:\/\/trans-pkr.fr\/en\/trans-pkr\/","og_locale":"en_GB","og_type":"article","og_title":"Qu\u2019est ce que la Trans PKR ?","og_description":"La Trans-PKR: op\u00e9ration sans aucun contact avec l\u2019\u0153il, le m\u00eame laser Excimer vaporise l\u2019\u00e9pith\u00e9lium et resurface la surface corn\u00e9enne pour corriger le d\u00e9faut visuel. Confort et s\u00e9curit\u00e9 assur\u00e9s pour le patient. La Trans-PKR est une technique valid\u00e9e par de nombreuses \u00e9tudes internationales et articles scientifiques.","og_url":"https:\/\/trans-pkr.fr\/en\/trans-pkr\/","og_site_name":"Op\u00e9rations des yeux 100% Laser Sans Contact","article_modified_time":"2025-10-22T10:54:55+00:00","og_image":[{"width":898,"height":432,"url":"https:\/\/trans-pkr.fr\/wp-content\/uploads\/2014\/03\/laser1050.jpg","type":"image\/jpeg"}],"twitter_misc":{"Estimated reading time":"5 minutes"},"schema":{"@context":"https:\/\/schema.org","@graph":[{"@type":"WebPage","@id":"https:\/\/trans-pkr.fr\/trans-pkr\/","url":"https:\/\/trans-pkr.fr\/trans-pkr\/","name":"Trans-PRK explained","isPartOf":{"@id":"https:\/\/trans-pkr.fr\/#website"},"primaryImageOfPage":{"@id":"https:\/\/trans-pkr.fr\/trans-pkr\/#primaryimage"},"image":{"@id":"https:\/\/trans-pkr.fr\/trans-pkr\/#primaryimage"},"thumbnailUrl":"https:\/\/trans-pkr.fr\/wp-content\/uploads\/2014\/03\/laser1050.jpg","datePublished":"2014-03-14T14:38:38+00:00","dateModified":"2025-10-22T10:54:55+00:00","description":"La Trans-PKR: op\u00e9ration sans aucun contact avec l\u2019\u0153il, le m\u00eame laser Excimer vaporise l\u2019\u00e9pith\u00e9lium et resurface la surface corn\u00e9enne pour corriger le d\u00e9faut visuel. Confort et s\u00e9curit\u00e9 assur\u00e9s pour le patient. La Trans-PKR est une technique valid\u00e9e par de nombreuses \u00e9tudes internationales et articles scientifiques.","breadcrumb":{"@id":"https:\/\/trans-pkr.fr\/trans-pkr\/#breadcrumb"},"inLanguage":"en-GB","potentialAction":[{"@type":"ReadAction","target":["https:\/\/trans-pkr.fr\/trans-pkr\/"]}]},{"@type":"ImageObject","inLanguage":"en-GB","@id":"https:\/\/trans-pkr.fr\/trans-pkr\/#primaryimage","url":"https:\/\/trans-pkr.fr\/wp-content\/uploads\/2014\/03\/laser1050.jpg","contentUrl":"https:\/\/trans-pkr.fr\/wp-content\/uploads\/2014\/03\/laser1050.jpg","width":898,"height":432},{"@type":"BreadcrumbList","@id":"https:\/\/trans-pkr.fr\/trans-pkr\/#breadcrumb","itemListElement":[{"@type":"ListItem","position":1,"name":"Accueil","item":"https:\/\/trans-pkr.fr\/"},{"@type":"ListItem","position":2,"name":"Qu\u2019est ce que la Trans PKR ?"}]},{"@type":"WebSite","@id":"https:\/\/trans-pkr.fr\/#website","url":"https:\/\/trans-pkr.fr\/","name":"100% Laser Contactless Eye Operations: Trans PKR","description":"","publisher":{"@id":"https:\/\/trans-pkr.fr\/#organization"},"alternateName":"Trans PKR - Vision Laser","potentialAction":[{"@type":"SearchAction","target":{"@type":"EntryPoint","urlTemplate":"https:\/\/trans-pkr.fr\/?s={search_term_string}"},"query-input":{"@type":"PropertyValueSpecification","valueRequired":true,"valueName":"search_term_string"}}],"inLanguage":"en-GB"},{"@type":"Organization","@id":"https:\/\/trans-pkr.fr\/#organization","name":"Vision Laser","alternateName":"Trans PKR","url":"https:\/\/trans-pkr.fr\/","logo":{"@type":"ImageObject","inLanguage":"en-GB","@id":"https:\/\/trans-pkr.fr\/#\/schema\/logo\/image\/","url":"https:\/\/trans-pkr.fr\/wp-content\/uploads\/2024\/07\/cropped-cropped-IMG-20240719-WA0248.jpg","contentUrl":"https:\/\/trans-pkr.fr\/wp-content\/uploads\/2024\/07\/cropped-cropped-IMG-20240719-WA0248.jpg","width":512,"height":512,"caption":"Vision Laser"},"image":{"@id":"https:\/\/trans-pkr.fr\/#\/schema\/logo\/image\/"},"sameAs":["https:\/\/www.youtube.com\/@Centrevisionlaser","https:\/\/www.instagram.com\/centre_vision_laser\/","https:\/\/www.tiktok.com\/@centre.vision.las","https:\/\/wa.me\/33759596369"]}]}},"jetpack_sharing_enabled":true,"_links":{"self":[{"href":"https:\/\/trans-pkr.fr\/en\/wp-json\/wp\/v2\/pages\/45","targetHints":{"allow":["GET"]}}],"collection":[{"href":"https:\/\/trans-pkr.fr\/en\/wp-json\/wp\/v2\/pages"}],"about":[{"href":"https:\/\/trans-pkr.fr\/en\/wp-json\/wp\/v2\/types\/page"}],"author":[{"embeddable":true,"href":"https:\/\/trans-pkr.fr\/en\/wp-json\/wp\/v2\/users\/1"}],"replies":[{"embeddable":true,"href":"https:\/\/trans-pkr.fr\/en\/wp-json\/wp\/v2\/comments?post=45"}],"version-history":[{"count":2,"href":"https:\/\/trans-pkr.fr\/en\/wp-json\/wp\/v2\/pages\/45\/revisions"}],"predecessor-version":[{"id":4769,"href":"https:\/\/trans-pkr.fr\/en\/wp-json\/wp\/v2\/pages\/45\/revisions\/4769"}],"wp:featuredmedia":[{"embeddable":true,"href":"https:\/\/trans-pkr.fr\/en\/wp-json\/wp\/v2\/media\/33"}],"wp:attachment":[{"href":"https:\/\/trans-pkr.fr\/en\/wp-json\/wp\/v2\/media?parent=45"}],"curies":[{"name":"wp","href":"https:\/\/api.w.org\/{rel}","templated":true}]}}