{"id":487,"date":"2014-05-14T08:16:13","date_gmt":"2014-05-14T07:16:13","guid":{"rendered":"http:\/\/trans-pkr.fr\/?page_id=487"},"modified":"2024-12-16T14:53:57","modified_gmt":"2024-12-16T13:53:57","slug":"journal-televise-du-dimanche-11-mai-2014","status":"publish","type":"page","link":"https:\/\/trans-pkr.fr\/en\/journal-televise-du-dimanche-11-mai-2014\/","title":{"rendered":"Television News Bulletin from Sunday, 11 May 2014"},"content":{"rendered":"<p><iframe loading=\"lazy\" src=\"\/\/www.youtube.com\/embed\/yQBpgFSPw2s\" width=\"770\" height=\"578\" frameborder=\"0\" allowfullscreen=\"allowfullscreen\"><\/iframe><\/p>\n<p>On France 2 in the 1pm news on 11 May 2014:Report on technological advances in ophthalmology.<\/p>\n<p>Non-contact myopia surgery by Dr Marc CHEMLA at the Centre Ophtalmologique Paris Ouest.<\/p>\n<p>The Centre Ophtalmologique Paris Ouest is one of France's leading ophthalmology clinics, using the latest and most effective lasers in the world...<\/p>\n<p>&nbsp;<\/p>\n<p class=\"translation-block\">Below is a summary of the video:<br> The spotlight this lunchtime is on technological advances in ophthalmology, and there are many of them...<br> But this progress comes at a price. Marie-Pierre Samitier and Pierre Le Baud, Watch.<\/p>\n<p class=\"translation-block\">It was a private clinic that Elisabeth Martins chose for her myopia operation, which is considered a defect and not a disease.<br> She wanted to get rid of glasses and contact lenses.<br> Elisabeth: \u2018It's getting tiresome, with the pollution, putting up with contact lenses all day, it's tiring, and now I'll be free. When I wake up in the morning, I'll be able to see the time on my alarm clock without wearing glasses. <br> The surgeon: You're going to stare at the green dot that's right in front of you...<br> A few moments later, the surgeon prepares for the operation with a laser that passes directly through the cornea, without incising the eye. A contactless technology, 23 seconds for each eye to correct myopia.<br> - The surgeon: That's it. Did you feel anything?<br> - Elisabeth: Nothing at all.<\/p>\n<p>The surgeon: So in terms of safety, we have maximum safety because there is no flap, no cutting of the eye. On the other hand, recovery takes a little longer and there is some pain on the first night, so we'll give him painkillers.<\/p>\n<p class=\"translation-block\">A few moments later, she puts away her glasses. <br>Elisabeth: I don't need them anymore, I think I'll donate them. I'll drop them off at the optician's.<\/p>\n<p class=\"translation-block\">Cost of the surgery for both eyes: 2000 Euros. 50% is covered by her health insurance.<br>\nThe surgery has become common, with 150,000 people having it done each year. It's both common and expected.<br>\n\u2013 It's a new life!<br>\n\u2013 Elisabeth: Yes, for a few years, anyway.<\/p>","protected":false},"excerpt":{"rendered":"<p>Sur France 2 au Journal t\u00e9l\u00e9vis\u00e9\u00a0de 13 heures\u00a0le 11 mai 2014\u00a0:Reportage sur les progr\u00e8s technologiques en mati\u00e8re d&rsquo;ophtalmologie. Op\u00e9ration de la myopie sans contact par le Dr Marc CHEMLA au Centre\u00a0Ophtalmologique Paris Ouest. Le Centre\u00a0Ophtalmologique Paris Ouest est au palmar\u00e8s des meilleures cliniques d&rsquo;ophtalmologie de France avec les lasers les plus r\u00e9cents et les plus [&hellip;]<\/p>\n","protected":false},"author":1,"featured_media":0,"parent":0,"menu_order":0,"comment_status":"open","ping_status":"open","template":"","meta":{"inline_featured_image":false,"footnotes":""},"class_list":["post-487","page","type-page","status-publish","hentry"],"yoast_head":"<!-- This site is optimized with the Yoast SEO plugin v27.5 - https:\/\/yoast.com\/product\/yoast-seo-wordpress\/ -->\n<title>Journal t\u00e9l\u00e9vis\u00e9 du Dimanche 11 Mai 2014 - Op\u00e9rations des yeux 100% Laser Sans Contact<\/title>\n<meta name=\"description\" content=\"Reportage sur Dr Marc Chemla au Centre Ophtalmologique Paris Ouest diffus\u00e9 sur France 2 au Journal t\u00e9l\u00e9vis\u00e9 de 13 heures le 11\/05\/14 concernant la technique d\u2019op\u00e9ration des yeux par Trans PKR.\" \/>\n<meta name=\"robots\" content=\"index, follow, max-snippet:-1, max-image-preview:large, max-video-preview:-1\" \/>\n<link rel=\"canonical\" href=\"https:\/\/trans-pkr.fr\/en\/journal-televise-du-dimanche-11-mai-2014\/\" \/>\n<meta property=\"og:locale\" content=\"en_GB\" \/>\n<meta property=\"og:type\" content=\"article\" \/>\n<meta property=\"og:title\" content=\"Journal t\u00e9l\u00e9vis\u00e9 du Dimanche 11 Mai 2014 - Op\u00e9rations des yeux 100% Laser Sans Contact\" \/>\n<meta property=\"og:description\" content=\"Reportage sur Dr Marc Chemla au Centre Ophtalmologique Paris Ouest diffus\u00e9 sur France 2 au Journal t\u00e9l\u00e9vis\u00e9 de 13 heures le 11\/05\/14 concernant la technique d\u2019op\u00e9ration des yeux par Trans PKR.\" \/>\n<meta property=\"og:url\" content=\"https:\/\/trans-pkr.fr\/en\/journal-televise-du-dimanche-11-mai-2014\/\" \/>\n<meta property=\"og:site_name\" content=\"Op\u00e9rations des yeux 100% Laser Sans Contact\" \/>\n<meta property=\"article:modified_time\" content=\"2024-12-16T13:53:57+00:00\" \/>\n<meta name=\"twitter:label1\" content=\"Estimated reading time\" \/>\n\t<meta name=\"twitter:data1\" content=\"2 minutes\" \/>\n<script type=\"application\/ld+json\" class=\"yoast-schema-graph\">{\"@context\":\"https:\\\/\\\/schema.org\",\"@graph\":[{\"@type\":\"WebPage\",\"@id\":\"https:\\\/\\\/trans-pkr.fr\\\/journal-televise-du-dimanche-11-mai-2014\\\/\",\"url\":\"https:\\\/\\\/trans-pkr.fr\\\/journal-televise-du-dimanche-11-mai-2014\\\/\",\"name\":\"Journal t\u00e9l\u00e9vis\u00e9 du Dimanche 11 Mai 2014 - Op\u00e9rations des yeux 100% Laser Sans Contact\",\"isPartOf\":{\"@id\":\"https:\\\/\\\/trans-pkr.fr\\\/#website\"},\"datePublished\":\"2014-05-14T07:16:13+00:00\",\"dateModified\":\"2024-12-16T13:53:57+00:00\",\"description\":\"Reportage sur Dr Marc Chemla au Centre Ophtalmologique Paris Ouest diffus\u00e9 sur France 2 au Journal t\u00e9l\u00e9vis\u00e9 de 13 heures le 11\\\/05\\\/14 concernant la technique d\u2019op\u00e9ration des yeux par Trans PKR.\",\"breadcrumb\":{\"@id\":\"https:\\\/\\\/trans-pkr.fr\\\/journal-televise-du-dimanche-11-mai-2014\\\/#breadcrumb\"},\"inLanguage\":\"en-GB\",\"potentialAction\":[{\"@type\":\"ReadAction\",\"target\":[\"https:\\\/\\\/trans-pkr.fr\\\/journal-televise-du-dimanche-11-mai-2014\\\/\"]}]},{\"@type\":\"BreadcrumbList\",\"@id\":\"https:\\\/\\\/trans-pkr.fr\\\/journal-televise-du-dimanche-11-mai-2014\\\/#breadcrumb\",\"itemListElement\":[{\"@type\":\"ListItem\",\"position\":1,\"name\":\"Accueil\",\"item\":\"https:\\\/\\\/trans-pkr.fr\\\/\"},{\"@type\":\"ListItem\",\"position\":2,\"name\":\"Journal t\u00e9l\u00e9vis\u00e9 du Dimanche 11 Mai 2014\"}]},{\"@type\":\"WebSite\",\"@id\":\"https:\\\/\\\/trans-pkr.fr\\\/#website\",\"url\":\"https:\\\/\\\/trans-pkr.fr\\\/\",\"name\":\"Op\u00e9rations des yeux 100% Laser Sans Contact: La Trans PKR\",\"description\":\"\",\"publisher\":{\"@id\":\"https:\\\/\\\/trans-pkr.fr\\\/#organization\"},\"alternateName\":\"Trans PKR - Vision Laser\",\"potentialAction\":[{\"@type\":\"SearchAction\",\"target\":{\"@type\":\"EntryPoint\",\"urlTemplate\":\"https:\\\/\\\/trans-pkr.fr\\\/?s={search_term_string}\"},\"query-input\":{\"@type\":\"PropertyValueSpecification\",\"valueRequired\":true,\"valueName\":\"search_term_string\"}}],\"inLanguage\":\"en-GB\"},{\"@type\":\"Organization\",\"@id\":\"https:\\\/\\\/trans-pkr.fr\\\/#organization\",\"name\":\"Vision Laser\",\"alternateName\":\"Trans PKR\",\"url\":\"https:\\\/\\\/trans-pkr.fr\\\/\",\"logo\":{\"@type\":\"ImageObject\",\"inLanguage\":\"en-GB\",\"@id\":\"https:\\\/\\\/trans-pkr.fr\\\/#\\\/schema\\\/logo\\\/image\\\/\",\"url\":\"https:\\\/\\\/trans-pkr.fr\\\/wp-content\\\/uploads\\\/2024\\\/07\\\/cropped-cropped-IMG-20240719-WA0248.jpg\",\"contentUrl\":\"https:\\\/\\\/trans-pkr.fr\\\/wp-content\\\/uploads\\\/2024\\\/07\\\/cropped-cropped-IMG-20240719-WA0248.jpg\",\"width\":512,\"height\":512,\"caption\":\"Vision Laser\"},\"image\":{\"@id\":\"https:\\\/\\\/trans-pkr.fr\\\/#\\\/schema\\\/logo\\\/image\\\/\"},\"sameAs\":[\"https:\\\/\\\/www.youtube.com\\\/@Centrevisionlaser\",\"https:\\\/\\\/www.instagram.com\\\/centre_vision_laser\\\/\",\"https:\\\/\\\/www.tiktok.com\\\/@centre.vision.las\",\"https:\\\/\\\/wa.me\\\/33759596369\"]}]}<\/script>\n<!-- \/ Yoast SEO plugin. -->","yoast_head_json":{"title":"Journal t\u00e9l\u00e9vis\u00e9 du Dimanche 11 Mai 2014 - Op\u00e9rations des yeux 100% Laser Sans Contact","description":"Reportage sur Dr Marc Chemla au Centre Ophtalmologique Paris Ouest diffus\u00e9 sur France 2 au Journal t\u00e9l\u00e9vis\u00e9 de 13 heures le 11\/05\/14 concernant la technique d\u2019op\u00e9ration des yeux par Trans PKR.","robots":{"index":"index","follow":"follow","max-snippet":"max-snippet:-1","max-image-preview":"max-image-preview:large","max-video-preview":"max-video-preview:-1"},"canonical":"https:\/\/trans-pkr.fr\/en\/journal-televise-du-dimanche-11-mai-2014\/","og_locale":"en_GB","og_type":"article","og_title":"Journal t\u00e9l\u00e9vis\u00e9 du Dimanche 11 Mai 2014 - Op\u00e9rations des yeux 100% Laser Sans Contact","og_description":"Reportage sur Dr Marc Chemla au Centre Ophtalmologique Paris Ouest diffus\u00e9 sur France 2 au Journal t\u00e9l\u00e9vis\u00e9 de 13 heures le 11\/05\/14 concernant la technique d\u2019op\u00e9ration des yeux par Trans PKR.","og_url":"https:\/\/trans-pkr.fr\/en\/journal-televise-du-dimanche-11-mai-2014\/","og_site_name":"Op\u00e9rations des yeux 100% Laser Sans Contact","article_modified_time":"2024-12-16T13:53:57+00:00","twitter_misc":{"Estimated reading time":"2 minutes"},"schema":{"@context":"https:\/\/schema.org","@graph":[{"@type":"WebPage","@id":"https:\/\/trans-pkr.fr\/journal-televise-du-dimanche-11-mai-2014\/","url":"https:\/\/trans-pkr.fr\/journal-televise-du-dimanche-11-mai-2014\/","name":"Journal t\u00e9l\u00e9vis\u00e9 du Dimanche 11 Mai 2014 - Op\u00e9rations des yeux 100% Laser Sans Contact","isPartOf":{"@id":"https:\/\/trans-pkr.fr\/#website"},"datePublished":"2014-05-14T07:16:13+00:00","dateModified":"2024-12-16T13:53:57+00:00","description":"Reportage sur Dr Marc Chemla au Centre Ophtalmologique Paris Ouest diffus\u00e9 sur France 2 au Journal t\u00e9l\u00e9vis\u00e9 de 13 heures le 11\/05\/14 concernant la technique d\u2019op\u00e9ration des yeux par Trans PKR.","breadcrumb":{"@id":"https:\/\/trans-pkr.fr\/journal-televise-du-dimanche-11-mai-2014\/#breadcrumb"},"inLanguage":"en-GB","potentialAction":[{"@type":"ReadAction","target":["https:\/\/trans-pkr.fr\/journal-televise-du-dimanche-11-mai-2014\/"]}]},{"@type":"BreadcrumbList","@id":"https:\/\/trans-pkr.fr\/journal-televise-du-dimanche-11-mai-2014\/#breadcrumb","itemListElement":[{"@type":"ListItem","position":1,"name":"Accueil","item":"https:\/\/trans-pkr.fr\/"},{"@type":"ListItem","position":2,"name":"Journal t\u00e9l\u00e9vis\u00e9 du Dimanche 11 Mai 2014"}]},{"@type":"WebSite","@id":"https:\/\/trans-pkr.fr\/#website","url":"https:\/\/trans-pkr.fr\/","name":"100% Laser Contactless Eye Operations: Trans PKR","description":"","publisher":{"@id":"https:\/\/trans-pkr.fr\/#organization"},"alternateName":"Trans PKR - Vision Laser","potentialAction":[{"@type":"SearchAction","target":{"@type":"EntryPoint","urlTemplate":"https:\/\/trans-pkr.fr\/?s={search_term_string}"},"query-input":{"@type":"PropertyValueSpecification","valueRequired":true,"valueName":"search_term_string"}}],"inLanguage":"en-GB"},{"@type":"Organization","@id":"https:\/\/trans-pkr.fr\/#organization","name":"Vision Laser","alternateName":"Trans PKR","url":"https:\/\/trans-pkr.fr\/","logo":{"@type":"ImageObject","inLanguage":"en-GB","@id":"https:\/\/trans-pkr.fr\/#\/schema\/logo\/image\/","url":"https:\/\/trans-pkr.fr\/wp-content\/uploads\/2024\/07\/cropped-cropped-IMG-20240719-WA0248.jpg","contentUrl":"https:\/\/trans-pkr.fr\/wp-content\/uploads\/2024\/07\/cropped-cropped-IMG-20240719-WA0248.jpg","width":512,"height":512,"caption":"Vision Laser"},"image":{"@id":"https:\/\/trans-pkr.fr\/#\/schema\/logo\/image\/"},"sameAs":["https:\/\/www.youtube.com\/@Centrevisionlaser","https:\/\/www.instagram.com\/centre_vision_laser\/","https:\/\/www.tiktok.com\/@centre.vision.las","https:\/\/wa.me\/33759596369"]}]}},"jetpack_sharing_enabled":true,"_links":{"self":[{"href":"https:\/\/trans-pkr.fr\/en\/wp-json\/wp\/v2\/pages\/487","targetHints":{"allow":["GET"]}}],"collection":[{"href":"https:\/\/trans-pkr.fr\/en\/wp-json\/wp\/v2\/pages"}],"about":[{"href":"https:\/\/trans-pkr.fr\/en\/wp-json\/wp\/v2\/types\/page"}],"author":[{"embeddable":true,"href":"https:\/\/trans-pkr.fr\/en\/wp-json\/wp\/v2\/users\/1"}],"replies":[{"embeddable":true,"href":"https:\/\/trans-pkr.fr\/en\/wp-json\/wp\/v2\/comments?post=487"}],"version-history":[{"count":3,"href":"https:\/\/trans-pkr.fr\/en\/wp-json\/wp\/v2\/pages\/487\/revisions"}],"predecessor-version":[{"id":2559,"href":"https:\/\/trans-pkr.fr\/en\/wp-json\/wp\/v2\/pages\/487\/revisions\/2559"}],"wp:attachment":[{"href":"https:\/\/trans-pkr.fr\/en\/wp-json\/wp\/v2\/media?parent=487"}],"curies":[{"name":"wp","href":"https:\/\/api.w.org\/{rel}","templated":true}]}}