{"id":49,"date":"2014-03-14T15:39:03","date_gmt":"2014-03-14T14:39:03","guid":{"rendered":"http:\/\/trans-pkr.fr\/?page_id=49"},"modified":"2025-11-19T15:56:49","modified_gmt":"2025-11-19T14:56:49","slug":"pkr-ou-lasik","status":"publish","type":"page","link":"https:\/\/trans-pkr.fr\/en\/pkr-ou-lasik\/","title":{"rendered":"Lasik or Trans-PRK?"},"content":{"rendered":"<figure class=\"wp-block-embed aligncenter is-type-video is-provider-tiktok wp-block-embed-tiktok\"><div class=\"wp-block-embed__wrapper\">\n<blockquote class=\"tiktok-embed\" cite=\"https:\/\/www.tiktok.com\/@centre.vision.las\/video\/7572619783787564320\" data-video-id=\"7572619783787564320\" data-embed-from=\"oembed\" style=\"max-width:605px; min-width:325px;\"> <section> <a target=\"_blank\" title=\"@centre.vision.las\" href=\"https:\/\/www.tiktok.com\/@centre.vision.las?refer=embed\">@centre.vision.las<\/a> <p>Voici une explication comment se d\u00e9roule l&rsquo;op\u00e9ration au laser sur vos yeux : <a title=\"chirurgier\u00e9fractive\" target=\"_blank\" href=\"https:\/\/www.tiktok.com\/tag\/chirurgier%C3%A9fractive?refer=embed\">#chirurgier\u00e9fractive<\/a> <a title=\"lasik\" target=\"_blank\" href=\"https:\/\/www.tiktok.com\/tag\/lasik?refer=embed\">#lasik<\/a> <a title=\"soindesyeux\" target=\"_blank\" href=\"https:\/\/www.tiktok.com\/tag\/soindesyeux?refer=embed\">#soindesyeux<\/a> <a title=\"lasik\" target=\"_blank\" href=\"https:\/\/www.tiktok.com\/tag\/lasik?refer=embed\">#lasik<\/a> <a title=\"visionparfaite\" target=\"_blank\" href=\"https:\/\/www.tiktok.com\/tag\/visionparfaite?refer=embed\">#visionparfaite<\/a> <a title=\"centrevisionlaser\" target=\"_blank\" href=\"https:\/\/www.tiktok.com\/tag\/centrevisionlaser?refer=embed\">#centrevisionlaser<\/a><\/p> <a target=\"_blank\" title=\"\u266c son original - Centre Vision Laser\" href=\"https:\/\/www.tiktok.com\/music\/son-original-7572619820181523233?refer=embed\">\u266c son original &#8211; Centre Vision Laser<\/a> <\/section> <\/blockquote> <script async src=\"https:\/\/www.tiktok.com\/embed.js\"><\/script>\n<\/div><\/figure>","protected":false},"excerpt":{"rendered":"","protected":false},"author":1,"featured_media":0,"parent":0,"menu_order":0,"comment_status":"open","ping_status":"open","template":"","meta":{"inline_featured_image":false,"footnotes":""},"class_list":["post-49","page","type-page","status-publish","hentry"],"yoast_head":"<!-- This site is optimized with the Yoast SEO plugin v27.5 - https:\/\/yoast.com\/product\/yoast-seo-wordpress\/ -->\n<title>Lasik ou trans PKR ? Quelle technique pour la chirurgie laser des yeux ?<\/title>\n<meta name=\"description\" content=\"Tableau comparatif des techniques d&#039;op\u00e9ration des yeux (lasik ou Trans PKR) selon recul, profil s\u00e9curitaire, temps de r\u00e9cup\u00e9ration, douleurs, s\u00e9cheresse ...\" \/>\n<meta name=\"robots\" content=\"index, follow, max-snippet:-1, max-image-preview:large, max-video-preview:-1\" \/>\n<link rel=\"canonical\" href=\"https:\/\/trans-pkr.fr\/en\/pkr-ou-lasik\/\" \/>\n<meta property=\"og:locale\" content=\"en_GB\" \/>\n<meta property=\"og:type\" content=\"article\" \/>\n<meta property=\"og:title\" content=\"Lasik ou trans PKR ? Quelle technique pour la chirurgie laser des yeux ?\" \/>\n<meta property=\"og:description\" content=\"Tableau comparatif des techniques d&#039;op\u00e9ration des yeux (lasik ou Trans PKR) selon recul, profil s\u00e9curitaire, temps de r\u00e9cup\u00e9ration, douleurs, s\u00e9cheresse ...\" \/>\n<meta property=\"og:url\" content=\"https:\/\/trans-pkr.fr\/en\/pkr-ou-lasik\/\" \/>\n<meta property=\"og:site_name\" content=\"Op\u00e9rations des yeux 100% Laser Sans Contact\" \/>\n<meta property=\"article:modified_time\" content=\"2025-11-19T14:56:49+00:00\" \/>\n<meta name=\"twitter:label1\" content=\"Estimated reading time\" \/>\n\t<meta name=\"twitter:data1\" content=\"1 minute\" \/>\n<script type=\"application\/ld+json\" class=\"yoast-schema-graph\">{\"@context\":\"https:\\\/\\\/schema.org\",\"@graph\":[{\"@type\":\"WebPage\",\"@id\":\"https:\\\/\\\/trans-pkr.fr\\\/pkr-ou-lasik\\\/\",\"url\":\"https:\\\/\\\/trans-pkr.fr\\\/pkr-ou-lasik\\\/\",\"name\":\"Lasik ou trans PKR ? Quelle technique pour la chirurgie laser des yeux ?\",\"isPartOf\":{\"@id\":\"https:\\\/\\\/trans-pkr.fr\\\/#website\"},\"datePublished\":\"2014-03-14T14:39:03+00:00\",\"dateModified\":\"2025-11-19T14:56:49+00:00\",\"description\":\"Tableau comparatif des techniques d'op\u00e9ration des yeux (lasik ou Trans PKR) selon recul, profil s\u00e9curitaire, temps de r\u00e9cup\u00e9ration, douleurs, s\u00e9cheresse ...\",\"breadcrumb\":{\"@id\":\"https:\\\/\\\/trans-pkr.fr\\\/pkr-ou-lasik\\\/#breadcrumb\"},\"inLanguage\":\"en-GB\",\"potentialAction\":[{\"@type\":\"ReadAction\",\"target\":[\"https:\\\/\\\/trans-pkr.fr\\\/pkr-ou-lasik\\\/\"]}]},{\"@type\":\"BreadcrumbList\",\"@id\":\"https:\\\/\\\/trans-pkr.fr\\\/pkr-ou-lasik\\\/#breadcrumb\",\"itemListElement\":[{\"@type\":\"ListItem\",\"position\":1,\"name\":\"Accueil\",\"item\":\"https:\\\/\\\/trans-pkr.fr\\\/\"},{\"@type\":\"ListItem\",\"position\":2,\"name\":\"Lasik ou trans PKR ?\"}]},{\"@type\":\"WebSite\",\"@id\":\"https:\\\/\\\/trans-pkr.fr\\\/#website\",\"url\":\"https:\\\/\\\/trans-pkr.fr\\\/\",\"name\":\"Op\u00e9rations des yeux 100% Laser Sans Contact: La Trans PKR\",\"description\":\"\",\"publisher\":{\"@id\":\"https:\\\/\\\/trans-pkr.fr\\\/#organization\"},\"alternateName\":\"Trans PKR - Vision Laser\",\"potentialAction\":[{\"@type\":\"SearchAction\",\"target\":{\"@type\":\"EntryPoint\",\"urlTemplate\":\"https:\\\/\\\/trans-pkr.fr\\\/?s={search_term_string}\"},\"query-input\":{\"@type\":\"PropertyValueSpecification\",\"valueRequired\":true,\"valueName\":\"search_term_string\"}}],\"inLanguage\":\"en-GB\"},{\"@type\":\"Organization\",\"@id\":\"https:\\\/\\\/trans-pkr.fr\\\/#organization\",\"name\":\"Vision Laser\",\"alternateName\":\"Trans PKR\",\"url\":\"https:\\\/\\\/trans-pkr.fr\\\/\",\"logo\":{\"@type\":\"ImageObject\",\"inLanguage\":\"en-GB\",\"@id\":\"https:\\\/\\\/trans-pkr.fr\\\/#\\\/schema\\\/logo\\\/image\\\/\",\"url\":\"https:\\\/\\\/trans-pkr.fr\\\/wp-content\\\/uploads\\\/2024\\\/07\\\/cropped-cropped-IMG-20240719-WA0248.jpg\",\"contentUrl\":\"https:\\\/\\\/trans-pkr.fr\\\/wp-content\\\/uploads\\\/2024\\\/07\\\/cropped-cropped-IMG-20240719-WA0248.jpg\",\"width\":512,\"height\":512,\"caption\":\"Vision Laser\"},\"image\":{\"@id\":\"https:\\\/\\\/trans-pkr.fr\\\/#\\\/schema\\\/logo\\\/image\\\/\"},\"sameAs\":[\"https:\\\/\\\/www.youtube.com\\\/@Centrevisionlaser\",\"https:\\\/\\\/www.instagram.com\\\/centre_vision_laser\\\/\",\"https:\\\/\\\/www.tiktok.com\\\/@centre.vision.las\",\"https:\\\/\\\/wa.me\\\/33759596369\"]}]}<\/script>\n<!-- \/ Yoast SEO plugin. -->","yoast_head_json":{"title":"Lasik ou trans PKR ? Quelle technique pour la chirurgie laser des yeux ?","description":"Tableau comparatif des techniques d'op\u00e9ration des yeux (lasik ou Trans PKR) selon recul, profil s\u00e9curitaire, temps de r\u00e9cup\u00e9ration, douleurs, s\u00e9cheresse ...","robots":{"index":"index","follow":"follow","max-snippet":"max-snippet:-1","max-image-preview":"max-image-preview:large","max-video-preview":"max-video-preview:-1"},"canonical":"https:\/\/trans-pkr.fr\/en\/pkr-ou-lasik\/","og_locale":"en_GB","og_type":"article","og_title":"Lasik ou trans PKR ? Quelle technique pour la chirurgie laser des yeux ?","og_description":"Tableau comparatif des techniques d'op\u00e9ration des yeux (lasik ou Trans PKR) selon recul, profil s\u00e9curitaire, temps de r\u00e9cup\u00e9ration, douleurs, s\u00e9cheresse ...","og_url":"https:\/\/trans-pkr.fr\/en\/pkr-ou-lasik\/","og_site_name":"Op\u00e9rations des yeux 100% Laser Sans Contact","article_modified_time":"2025-11-19T14:56:49+00:00","twitter_misc":{"Estimated reading time":"1 minute"},"schema":{"@context":"https:\/\/schema.org","@graph":[{"@type":"WebPage","@id":"https:\/\/trans-pkr.fr\/pkr-ou-lasik\/","url":"https:\/\/trans-pkr.fr\/pkr-ou-lasik\/","name":"Lasik ou trans PKR ? Quelle technique pour la chirurgie laser des yeux ?","isPartOf":{"@id":"https:\/\/trans-pkr.fr\/#website"},"datePublished":"2014-03-14T14:39:03+00:00","dateModified":"2025-11-19T14:56:49+00:00","description":"Tableau comparatif des techniques d'op\u00e9ration des yeux (lasik ou Trans PKR) selon recul, profil s\u00e9curitaire, temps de r\u00e9cup\u00e9ration, douleurs, s\u00e9cheresse ...","breadcrumb":{"@id":"https:\/\/trans-pkr.fr\/pkr-ou-lasik\/#breadcrumb"},"inLanguage":"en-GB","potentialAction":[{"@type":"ReadAction","target":["https:\/\/trans-pkr.fr\/pkr-ou-lasik\/"]}]},{"@type":"BreadcrumbList","@id":"https:\/\/trans-pkr.fr\/pkr-ou-lasik\/#breadcrumb","itemListElement":[{"@type":"ListItem","position":1,"name":"Accueil","item":"https:\/\/trans-pkr.fr\/"},{"@type":"ListItem","position":2,"name":"Lasik ou trans PKR ?"}]},{"@type":"WebSite","@id":"https:\/\/trans-pkr.fr\/#website","url":"https:\/\/trans-pkr.fr\/","name":"100% Laser Contactless Eye Operations: Trans PKR","description":"","publisher":{"@id":"https:\/\/trans-pkr.fr\/#organization"},"alternateName":"Trans PKR - Vision Laser","potentialAction":[{"@type":"SearchAction","target":{"@type":"EntryPoint","urlTemplate":"https:\/\/trans-pkr.fr\/?s={search_term_string}"},"query-input":{"@type":"PropertyValueSpecification","valueRequired":true,"valueName":"search_term_string"}}],"inLanguage":"en-GB"},{"@type":"Organization","@id":"https:\/\/trans-pkr.fr\/#organization","name":"Vision Laser","alternateName":"Trans PKR","url":"https:\/\/trans-pkr.fr\/","logo":{"@type":"ImageObject","inLanguage":"en-GB","@id":"https:\/\/trans-pkr.fr\/#\/schema\/logo\/image\/","url":"https:\/\/trans-pkr.fr\/wp-content\/uploads\/2024\/07\/cropped-cropped-IMG-20240719-WA0248.jpg","contentUrl":"https:\/\/trans-pkr.fr\/wp-content\/uploads\/2024\/07\/cropped-cropped-IMG-20240719-WA0248.jpg","width":512,"height":512,"caption":"Vision Laser"},"image":{"@id":"https:\/\/trans-pkr.fr\/#\/schema\/logo\/image\/"},"sameAs":["https:\/\/www.youtube.com\/@Centrevisionlaser","https:\/\/www.instagram.com\/centre_vision_laser\/","https:\/\/www.tiktok.com\/@centre.vision.las","https:\/\/wa.me\/33759596369"]}]}},"jetpack_sharing_enabled":true,"_links":{"self":[{"href":"https:\/\/trans-pkr.fr\/en\/wp-json\/wp\/v2\/pages\/49","targetHints":{"allow":["GET"]}}],"collection":[{"href":"https:\/\/trans-pkr.fr\/en\/wp-json\/wp\/v2\/pages"}],"about":[{"href":"https:\/\/trans-pkr.fr\/en\/wp-json\/wp\/v2\/types\/page"}],"author":[{"embeddable":true,"href":"https:\/\/trans-pkr.fr\/en\/wp-json\/wp\/v2\/users\/1"}],"replies":[{"embeddable":true,"href":"https:\/\/trans-pkr.fr\/en\/wp-json\/wp\/v2\/comments?post=49"}],"version-history":[{"count":3,"href":"https:\/\/trans-pkr.fr\/en\/wp-json\/wp\/v2\/pages\/49\/revisions"}],"predecessor-version":[{"id":4912,"href":"https:\/\/trans-pkr.fr\/en\/wp-json\/wp\/v2\/pages\/49\/revisions\/4912"}],"wp:attachment":[{"href":"https:\/\/trans-pkr.fr\/en\/wp-json\/wp\/v2\/media?parent=49"}],"curies":[{"name":"wp","href":"https:\/\/api.w.org\/{rel}","templated":true}]}}