{"id":5303,"date":"2026-03-23T15:54:33","date_gmt":"2026-03-23T14:54:33","guid":{"rendered":"https:\/\/trans-pkr.fr\/?page_id=5303"},"modified":"2026-03-23T15:54:36","modified_gmt":"2026-03-23T14:54:36","slug":"quel-est-le-cout-reel-de-votre-vision-a-long-terme","status":"publish","type":"page","link":"https:\/\/trans-pkr.fr\/en\/quel-est-le-cout-reel-de-votre-vision-a-long-terme\/","title":{"rendered":"What is the real cost of your vision over a lifetime?"},"content":{"rendered":"<p>When choosing a vision correction solution, most people focus on the short-term price. However, it is essential to consider the total cost over an entire lifetime.<\/p>\n\n\n\n<p>Glasses and contact lenses may seem affordable at first, but they involve recurring expenses. From replacing frames and lenses to purchasing contact lenses and maintenance products, these costs add up year after year.<\/p>\n\n\n\n<p>Surgical solutions such as laser treatment or implants require a higher upfront investment. In return, these procedures often provide long-lasting results, significantly reducing future expenses.<\/p>\n\n\n\n<p>Over the long term, these options are often more cost-effective. They also offer greater comfort, freedom, and convenience in everyday life.<\/p>\n\n\n\n<p>Would you like to know which solution suits you best? Feel free to contact us for personalized advice.<\/p>\n\n\n\n\n\n<figure class=\"wp-block-image size-full\"><a href=\"https:\/\/trans-pkr.fr\/wp-content\/uploads\/2026\/03\/graphique-comparatif-du-cout-estime-sur-une-vie-pour-differentes-solutions-ENGLISH.png\"><img loading=\"lazy\" decoding=\"async\" width=\"589\" height=\"455\" src=\"https:\/\/trans-pkr.fr\/wp-content\/uploads\/2026\/03\/graphique-comparatif-du-cout-estime-sur-une-vie-pour-differentes-solutions-ENGLISH.png\" alt=\"\" class=\"wp-image-5305\" srcset=\"https:\/\/trans-pkr.fr\/wp-content\/uploads\/2026\/03\/graphique-comparatif-du-cout-estime-sur-une-vie-pour-differentes-solutions-ENGLISH.png 589w, https:\/\/trans-pkr.fr\/wp-content\/uploads\/2026\/03\/graphique-comparatif-du-cout-estime-sur-une-vie-pour-differentes-solutions-ENGLISH-300x232.png 300w, https:\/\/trans-pkr.fr\/wp-content\/uploads\/2026\/03\/graphique-comparatif-du-cout-estime-sur-une-vie-pour-differentes-solutions-ENGLISH-16x12.png 16w\" sizes=\"auto, (max-width: 589px) 100vw, 589px\" \/><\/a><\/figure>","protected":false},"excerpt":{"rendered":"<p>Lorsqu\u2019il s\u2019agit de choisir une solution de correction visuelle, la plupart des personnes se concentrent sur le prix \u00e0 court terme. Pourtant, il est essentiel de consid\u00e9rer le co\u00fbt total sur toute une vie. Les lunettes et les lentilles de contact peuvent sembler abordables au d\u00e9part, mais elles engendrent des d\u00e9penses r\u00e9currentes. Entre le renouvellement [&hellip;]<\/p>\n","protected":false},"author":1,"featured_media":0,"parent":0,"menu_order":0,"comment_status":"closed","ping_status":"closed","template":"","meta":{"inline_featured_image":false,"footnotes":""},"class_list":["post-5303","page","type-page","status-publish","hentry"],"yoast_head":"<!-- This site is optimized with the Yoast SEO plugin v27.5 - https:\/\/yoast.com\/product\/yoast-seo-wordpress\/ -->\n<title>Quel est le co\u00fbt r\u00e9el de votre vision \u00e0 long terme ? - Op\u00e9rations des yeux 100% Laser Sans Contact<\/title>\n<meta name=\"robots\" content=\"index, follow, max-snippet:-1, max-image-preview:large, max-video-preview:-1\" \/>\n<link rel=\"canonical\" href=\"https:\/\/trans-pkr.fr\/en\/quel-est-le-cout-reel-de-votre-vision-a-long-terme\/\" \/>\n<meta property=\"og:locale\" content=\"en_GB\" \/>\n<meta property=\"og:type\" content=\"article\" \/>\n<meta property=\"og:title\" content=\"Quel est le co\u00fbt r\u00e9el de votre vision \u00e0 long terme ? - Op\u00e9rations des yeux 100% Laser Sans Contact\" \/>\n<meta property=\"og:description\" content=\"Lorsqu\u2019il s\u2019agit de choisir une solution de correction visuelle, la plupart des personnes se concentrent sur le prix \u00e0 court terme. Pourtant, il est essentiel de consid\u00e9rer le co\u00fbt total sur toute une vie. Les lunettes et les lentilles de contact peuvent sembler abordables au d\u00e9part, mais elles engendrent des d\u00e9penses r\u00e9currentes. Entre le renouvellement [&hellip;]\" \/>\n<meta property=\"og:url\" content=\"https:\/\/trans-pkr.fr\/en\/quel-est-le-cout-reel-de-votre-vision-a-long-terme\/\" \/>\n<meta property=\"og:site_name\" content=\"Op\u00e9rations des yeux 100% Laser Sans Contact\" \/>\n<meta property=\"article:modified_time\" content=\"2026-03-23T14:54:36+00:00\" \/>\n<meta property=\"og:image\" content=\"https:\/\/trans-pkr.fr\/wp-content\/uploads\/2026\/03\/graphique-comparatif-du-cout-estime-sur-une-vie-pour-differentes-solutions.png\" \/>\n\t<meta property=\"og:image:width\" content=\"589\" \/>\n\t<meta property=\"og:image:height\" content=\"455\" \/>\n\t<meta property=\"og:image:type\" content=\"image\/png\" \/>\n<meta name=\"twitter:label1\" content=\"Estimated reading time\" \/>\n\t<meta name=\"twitter:data1\" content=\"2 minutes\" \/>\n<script type=\"application\/ld+json\" class=\"yoast-schema-graph\">{\"@context\":\"https:\\\/\\\/schema.org\",\"@graph\":[{\"@type\":\"WebPage\",\"@id\":\"https:\\\/\\\/trans-pkr.fr\\\/quel-est-le-cout-reel-de-votre-vision-a-long-terme\\\/\",\"url\":\"https:\\\/\\\/trans-pkr.fr\\\/quel-est-le-cout-reel-de-votre-vision-a-long-terme\\\/\",\"name\":\"Quel est le co\u00fbt r\u00e9el de votre vision \u00e0 long terme ? - Op\u00e9rations des yeux 100% Laser Sans Contact\",\"isPartOf\":{\"@id\":\"https:\\\/\\\/trans-pkr.fr\\\/#website\"},\"primaryImageOfPage\":{\"@id\":\"https:\\\/\\\/trans-pkr.fr\\\/quel-est-le-cout-reel-de-votre-vision-a-long-terme\\\/#primaryimage\"},\"image\":{\"@id\":\"https:\\\/\\\/trans-pkr.fr\\\/quel-est-le-cout-reel-de-votre-vision-a-long-terme\\\/#primaryimage\"},\"thumbnailUrl\":\"https:\\\/\\\/trans-pkr.fr\\\/wp-content\\\/uploads\\\/2026\\\/03\\\/graphique-comparatif-du-cout-estime-sur-une-vie-pour-differentes-solutions.png\",\"datePublished\":\"2026-03-23T14:54:33+00:00\",\"dateModified\":\"2026-03-23T14:54:36+00:00\",\"breadcrumb\":{\"@id\":\"https:\\\/\\\/trans-pkr.fr\\\/quel-est-le-cout-reel-de-votre-vision-a-long-terme\\\/#breadcrumb\"},\"inLanguage\":\"en-GB\",\"potentialAction\":[{\"@type\":\"ReadAction\",\"target\":[\"https:\\\/\\\/trans-pkr.fr\\\/quel-est-le-cout-reel-de-votre-vision-a-long-terme\\\/\"]}]},{\"@type\":\"ImageObject\",\"inLanguage\":\"en-GB\",\"@id\":\"https:\\\/\\\/trans-pkr.fr\\\/quel-est-le-cout-reel-de-votre-vision-a-long-terme\\\/#primaryimage\",\"url\":\"https:\\\/\\\/trans-pkr.fr\\\/wp-content\\\/uploads\\\/2026\\\/03\\\/graphique-comparatif-du-cout-estime-sur-une-vie-pour-differentes-solutions.png\",\"contentUrl\":\"https:\\\/\\\/trans-pkr.fr\\\/wp-content\\\/uploads\\\/2026\\\/03\\\/graphique-comparatif-du-cout-estime-sur-une-vie-pour-differentes-solutions.png\"},{\"@type\":\"BreadcrumbList\",\"@id\":\"https:\\\/\\\/trans-pkr.fr\\\/quel-est-le-cout-reel-de-votre-vision-a-long-terme\\\/#breadcrumb\",\"itemListElement\":[{\"@type\":\"ListItem\",\"position\":1,\"name\":\"Accueil\",\"item\":\"https:\\\/\\\/trans-pkr.fr\\\/\"},{\"@type\":\"ListItem\",\"position\":2,\"name\":\"Quel est le co\u00fbt r\u00e9el de votre vision \u00e0 long terme ?\"}]},{\"@type\":\"WebSite\",\"@id\":\"https:\\\/\\\/trans-pkr.fr\\\/#website\",\"url\":\"https:\\\/\\\/trans-pkr.fr\\\/\",\"name\":\"Op\u00e9rations des yeux 100% Laser Sans Contact: La Trans PKR\",\"description\":\"\",\"publisher\":{\"@id\":\"https:\\\/\\\/trans-pkr.fr\\\/#organization\"},\"alternateName\":\"Trans PKR - Vision Laser\",\"potentialAction\":[{\"@type\":\"SearchAction\",\"target\":{\"@type\":\"EntryPoint\",\"urlTemplate\":\"https:\\\/\\\/trans-pkr.fr\\\/?s={search_term_string}\"},\"query-input\":{\"@type\":\"PropertyValueSpecification\",\"valueRequired\":true,\"valueName\":\"search_term_string\"}}],\"inLanguage\":\"en-GB\"},{\"@type\":\"Organization\",\"@id\":\"https:\\\/\\\/trans-pkr.fr\\\/#organization\",\"name\":\"Vision Laser\",\"alternateName\":\"Trans PKR\",\"url\":\"https:\\\/\\\/trans-pkr.fr\\\/\",\"logo\":{\"@type\":\"ImageObject\",\"inLanguage\":\"en-GB\",\"@id\":\"https:\\\/\\\/trans-pkr.fr\\\/#\\\/schema\\\/logo\\\/image\\\/\",\"url\":\"https:\\\/\\\/trans-pkr.fr\\\/wp-content\\\/uploads\\\/2024\\\/07\\\/cropped-cropped-IMG-20240719-WA0248.jpg\",\"contentUrl\":\"https:\\\/\\\/trans-pkr.fr\\\/wp-content\\\/uploads\\\/2024\\\/07\\\/cropped-cropped-IMG-20240719-WA0248.jpg\",\"width\":512,\"height\":512,\"caption\":\"Vision Laser\"},\"image\":{\"@id\":\"https:\\\/\\\/trans-pkr.fr\\\/#\\\/schema\\\/logo\\\/image\\\/\"},\"sameAs\":[\"https:\\\/\\\/www.youtube.com\\\/@Centrevisionlaser\",\"https:\\\/\\\/www.instagram.com\\\/centre_vision_laser\\\/\",\"https:\\\/\\\/www.tiktok.com\\\/@centre.vision.las\",\"https:\\\/\\\/wa.me\\\/33759596369\"]}]}<\/script>\n<!-- \/ Yoast SEO plugin. -->","yoast_head_json":{"title":"Quel est le co\u00fbt r\u00e9el de votre vision \u00e0 long terme ? - Op\u00e9rations des yeux 100% Laser Sans Contact","robots":{"index":"index","follow":"follow","max-snippet":"max-snippet:-1","max-image-preview":"max-image-preview:large","max-video-preview":"max-video-preview:-1"},"canonical":"https:\/\/trans-pkr.fr\/en\/quel-est-le-cout-reel-de-votre-vision-a-long-terme\/","og_locale":"en_GB","og_type":"article","og_title":"Quel est le co\u00fbt r\u00e9el de votre vision \u00e0 long terme ? - Op\u00e9rations des yeux 100% Laser Sans Contact","og_description":"Lorsqu\u2019il s\u2019agit de choisir une solution de correction visuelle, la plupart des personnes se concentrent sur le prix \u00e0 court terme. Pourtant, il est essentiel de consid\u00e9rer le co\u00fbt total sur toute une vie. Les lunettes et les lentilles de contact peuvent sembler abordables au d\u00e9part, mais elles engendrent des d\u00e9penses r\u00e9currentes. Entre le renouvellement [&hellip;]","og_url":"https:\/\/trans-pkr.fr\/en\/quel-est-le-cout-reel-de-votre-vision-a-long-terme\/","og_site_name":"Op\u00e9rations des yeux 100% Laser Sans Contact","article_modified_time":"2026-03-23T14:54:36+00:00","og_image":[{"width":589,"height":455,"url":"https:\/\/trans-pkr.fr\/wp-content\/uploads\/2026\/03\/graphique-comparatif-du-cout-estime-sur-une-vie-pour-differentes-solutions.png","type":"image\/png"}],"twitter_misc":{"Estimated reading time":"2 minutes"},"schema":{"@context":"https:\/\/schema.org","@graph":[{"@type":"WebPage","@id":"https:\/\/trans-pkr.fr\/quel-est-le-cout-reel-de-votre-vision-a-long-terme\/","url":"https:\/\/trans-pkr.fr\/quel-est-le-cout-reel-de-votre-vision-a-long-terme\/","name":"Quel est le co\u00fbt r\u00e9el de votre vision \u00e0 long terme ? - Op\u00e9rations des yeux 100% Laser Sans Contact","isPartOf":{"@id":"https:\/\/trans-pkr.fr\/#website"},"primaryImageOfPage":{"@id":"https:\/\/trans-pkr.fr\/quel-est-le-cout-reel-de-votre-vision-a-long-terme\/#primaryimage"},"image":{"@id":"https:\/\/trans-pkr.fr\/quel-est-le-cout-reel-de-votre-vision-a-long-terme\/#primaryimage"},"thumbnailUrl":"https:\/\/trans-pkr.fr\/wp-content\/uploads\/2026\/03\/graphique-comparatif-du-cout-estime-sur-une-vie-pour-differentes-solutions.png","datePublished":"2026-03-23T14:54:33+00:00","dateModified":"2026-03-23T14:54:36+00:00","breadcrumb":{"@id":"https:\/\/trans-pkr.fr\/quel-est-le-cout-reel-de-votre-vision-a-long-terme\/#breadcrumb"},"inLanguage":"en-GB","potentialAction":[{"@type":"ReadAction","target":["https:\/\/trans-pkr.fr\/quel-est-le-cout-reel-de-votre-vision-a-long-terme\/"]}]},{"@type":"ImageObject","inLanguage":"en-GB","@id":"https:\/\/trans-pkr.fr\/quel-est-le-cout-reel-de-votre-vision-a-long-terme\/#primaryimage","url":"https:\/\/trans-pkr.fr\/wp-content\/uploads\/2026\/03\/graphique-comparatif-du-cout-estime-sur-une-vie-pour-differentes-solutions.png","contentUrl":"https:\/\/trans-pkr.fr\/wp-content\/uploads\/2026\/03\/graphique-comparatif-du-cout-estime-sur-une-vie-pour-differentes-solutions.png"},{"@type":"BreadcrumbList","@id":"https:\/\/trans-pkr.fr\/quel-est-le-cout-reel-de-votre-vision-a-long-terme\/#breadcrumb","itemListElement":[{"@type":"ListItem","position":1,"name":"Accueil","item":"https:\/\/trans-pkr.fr\/"},{"@type":"ListItem","position":2,"name":"Quel est le co\u00fbt r\u00e9el de votre vision \u00e0 long terme ?"}]},{"@type":"WebSite","@id":"https:\/\/trans-pkr.fr\/#website","url":"https:\/\/trans-pkr.fr\/","name":"100% Laser Contactless Eye Operations: Trans PKR","description":"","publisher":{"@id":"https:\/\/trans-pkr.fr\/#organization"},"alternateName":"Trans PKR - Vision Laser","potentialAction":[{"@type":"SearchAction","target":{"@type":"EntryPoint","urlTemplate":"https:\/\/trans-pkr.fr\/?s={search_term_string}"},"query-input":{"@type":"PropertyValueSpecification","valueRequired":true,"valueName":"search_term_string"}}],"inLanguage":"en-GB"},{"@type":"Organization","@id":"https:\/\/trans-pkr.fr\/#organization","name":"Vision Laser","alternateName":"Trans PKR","url":"https:\/\/trans-pkr.fr\/","logo":{"@type":"ImageObject","inLanguage":"en-GB","@id":"https:\/\/trans-pkr.fr\/#\/schema\/logo\/image\/","url":"https:\/\/trans-pkr.fr\/wp-content\/uploads\/2024\/07\/cropped-cropped-IMG-20240719-WA0248.jpg","contentUrl":"https:\/\/trans-pkr.fr\/wp-content\/uploads\/2024\/07\/cropped-cropped-IMG-20240719-WA0248.jpg","width":512,"height":512,"caption":"Vision Laser"},"image":{"@id":"https:\/\/trans-pkr.fr\/#\/schema\/logo\/image\/"},"sameAs":["https:\/\/www.youtube.com\/@Centrevisionlaser","https:\/\/www.instagram.com\/centre_vision_laser\/","https:\/\/www.tiktok.com\/@centre.vision.las","https:\/\/wa.me\/33759596369"]}]}},"jetpack_sharing_enabled":true,"_links":{"self":[{"href":"https:\/\/trans-pkr.fr\/en\/wp-json\/wp\/v2\/pages\/5303","targetHints":{"allow":["GET"]}}],"collection":[{"href":"https:\/\/trans-pkr.fr\/en\/wp-json\/wp\/v2\/pages"}],"about":[{"href":"https:\/\/trans-pkr.fr\/en\/wp-json\/wp\/v2\/types\/page"}],"author":[{"embeddable":true,"href":"https:\/\/trans-pkr.fr\/en\/wp-json\/wp\/v2\/users\/1"}],"replies":[{"embeddable":true,"href":"https:\/\/trans-pkr.fr\/en\/wp-json\/wp\/v2\/comments?post=5303"}],"version-history":[{"count":1,"href":"https:\/\/trans-pkr.fr\/en\/wp-json\/wp\/v2\/pages\/5303\/revisions"}],"predecessor-version":[{"id":5306,"href":"https:\/\/trans-pkr.fr\/en\/wp-json\/wp\/v2\/pages\/5303\/revisions\/5306"}],"wp:attachment":[{"href":"https:\/\/trans-pkr.fr\/en\/wp-json\/wp\/v2\/media?parent=5303"}],"curies":[{"name":"wp","href":"https:\/\/api.w.org\/{rel}","templated":true}]}}